{"id":1137,"date":"2021-03-07T12:25:03","date_gmt":"2021-03-07T11:25:03","guid":{"rendered":"https:\/\/www.tsv-muenchingen.de\/breitensport\/?page_id=1137"},"modified":"2022-09-18T19:22:29","modified_gmt":"2022-09-18T17:22:29","slug":"frauen-gruppe","status":"publish","type":"page","link":"https:\/\/www.tsv-muenchingen.de\/breitensport\/wir-ueber-uns\/frauen-gruppe\/","title":{"rendered":"Aktiv &amp; fit (Frauen)"},"content":{"rendered":"\n<div class=\"wp-block-columns is-layout-flex wp-container-core-columns-is-layout-28f84493 wp-block-columns-is-layout-flex\">\n<div class=\"wp-block-column is-layout-flow wp-block-column-is-layout-flow\" style=\"flex-basis:33.33%\">\n<figure class=\"wp-block-image size-large\"><img loading=\"lazy\" decoding=\"async\" width=\"1024\" height=\"681\" src=\"https:\/\/www.tsv-muenchingen.de\/breitensport\/wp-content\/uploads\/sites\/6\/2021\/03\/zumba-4333580_1920-1024x681.jpg\" alt=\"Breitensport Frauengruppe\" class=\"wp-image-1502\" srcset=\"https:\/\/www.tsv-muenchingen.de\/breitensport\/wp-content\/uploads\/sites\/6\/2021\/03\/zumba-4333580_1920-1024x681.jpg 1024w, https:\/\/www.tsv-muenchingen.de\/breitensport\/wp-content\/uploads\/sites\/6\/2021\/03\/zumba-4333580_1920-300x200.jpg 300w, https:\/\/www.tsv-muenchingen.de\/breitensport\/wp-content\/uploads\/sites\/6\/2021\/03\/zumba-4333580_1920-768x511.jpg 768w, https:\/\/www.tsv-muenchingen.de\/breitensport\/wp-content\/uploads\/sites\/6\/2021\/03\/zumba-4333580_1920-391x260.jpg 391w, https:\/\/www.tsv-muenchingen.de\/breitensport\/wp-content\/uploads\/sites\/6\/2021\/03\/zumba-4333580_1920-1536x1022.jpg 1536w, https:\/\/www.tsv-muenchingen.de\/breitensport\/wp-content\/uploads\/sites\/6\/2021\/03\/zumba-4333580_1920-24x16.jpg 24w, https:\/\/www.tsv-muenchingen.de\/breitensport\/wp-content\/uploads\/sites\/6\/2021\/03\/zumba-4333580_1920-36x24.jpg 36w, https:\/\/www.tsv-muenchingen.de\/breitensport\/wp-content\/uploads\/sites\/6\/2021\/03\/zumba-4333580_1920-48x32.jpg 48w, https:\/\/www.tsv-muenchingen.de\/breitensport\/wp-content\/uploads\/sites\/6\/2021\/03\/zumba-4333580_1920-272x182.jpg 272w, https:\/\/www.tsv-muenchingen.de\/breitensport\/wp-content\/uploads\/sites\/6\/2021\/03\/zumba-4333580_1920.jpg 1920w\" sizes=\"auto, (max-width: 1024px) 100vw, 1024px\" \/><\/figure>\n<\/div>\n\n\n\n<div class=\"wp-block-column is-layout-flow wp-block-column-is-layout-flow\" style=\"flex-basis:66.66%\">\n<p>Die Breitensport-Frauengruppe betreibt Gesundheits- \/ Pr\u00e4ventionssport mit&nbsp;abwechslungsreicher musikuntermalter&nbsp;Gesundheitsgymnastik f\u00fcr den ganzen K\u00f6rper, mit und ohne Einsatz von diversen Handger\u00e4ten. Durch entsprechende \u00dcbungen werden alle Muskelgruppen gekr\u00e4ftigt sowie die Haltung und die Beweglichkeit verbessert.&nbsp;Zum Ausklang der Stunde wird meistens eine Entspannung (K\u00f6rperreise oder \u00e4hnliches) angeboten.Im Sommer wird die Gymnastik teilweise im Freien angeboten.<br>Ab und zu gehen wir auch gemeinsam walken<\/p>\n\n\n\n<p><strong>Dienstags 20 Uhr in der Sporthalle<\/strong><\/p>\n<\/div>\n<\/div>\n\n\n\n<p><\/p>\n","protected":false},"excerpt":{"rendered":"<p>Die Breitensport-Frauengruppe betreibt Gesundheits- \/ Pr\u00e4ventionssport mit&nbsp;abwechslungsreicher musikuntermalter&nbsp;Gesundheitsgymnastik f\u00fcr den ganzen K\u00f6rper, mit und ohne Einsatz von diversen Handger\u00e4ten. Durch entsprechende \u00dcbungen werden alle Muskelgruppen gekr\u00e4ftigt sowie die Haltung und die Beweglichkeit verbessert.&nbsp;Zum Ausklang der Stunde wird meistens eine Entspannung (K\u00f6rperreise oder \u00e4hnliches) angeboten.Im Sommer wird die Gymnastik teilweise im Freien angeboten.Ab und zu gehen [&hellip;]<\/p>\n","protected":false},"author":6,"featured_media":0,"parent":106,"menu_order":2,"comment_status":"closed","ping_status":"closed","template":"","meta":{"ngg_post_thumbnail":0,"footnotes":""},"class_list":["post-1137","page","type-page","status-publish","hentry"],"publishpress_future_action":{"enabled":false,"date":"2026-05-09 08:34:08","action":"change-status","newStatus":"draft","terms":[],"taxonomy":"","extraData":[]},"publishpress_future_workflow_manual_trigger":{"enabledWorkflows":[]},"_links":{"self":[{"href":"https:\/\/www.tsv-muenchingen.de\/breitensport\/wp-json\/wp\/v2\/pages\/1137","targetHints":{"allow":["GET"]}}],"collection":[{"href":"https:\/\/www.tsv-muenchingen.de\/breitensport\/wp-json\/wp\/v2\/pages"}],"about":[{"href":"https:\/\/www.tsv-muenchingen.de\/breitensport\/wp-json\/wp\/v2\/types\/page"}],"author":[{"embeddable":true,"href":"https:\/\/www.tsv-muenchingen.de\/breitensport\/wp-json\/wp\/v2\/users\/6"}],"replies":[{"embeddable":true,"href":"https:\/\/www.tsv-muenchingen.de\/breitensport\/wp-json\/wp\/v2\/comments?post=1137"}],"version-history":[{"count":15,"href":"https:\/\/www.tsv-muenchingen.de\/breitensport\/wp-json\/wp\/v2\/pages\/1137\/revisions"}],"predecessor-version":[{"id":8075,"href":"https:\/\/www.tsv-muenchingen.de\/breitensport\/wp-json\/wp\/v2\/pages\/1137\/revisions\/8075"}],"up":[{"embeddable":true,"href":"https:\/\/www.tsv-muenchingen.de\/breitensport\/wp-json\/wp\/v2\/pages\/106"}],"wp:attachment":[{"href":"https:\/\/www.tsv-muenchingen.de\/breitensport\/wp-json\/wp\/v2\/media?parent=1137"}],"curies":[{"name":"wp","href":"https:\/\/api.w.org\/{rel}","templated":true}]}}