{"id":1162,"date":"2021-03-07T19:10:42","date_gmt":"2021-03-07T18:10:42","guid":{"rendered":"https:\/\/www.tsv-muenchingen.de\/breitensport\/?page_id=1162"},"modified":"2022-12-14T11:03:32","modified_gmt":"2022-12-14T10:03:32","slug":"intro","status":"publish","type":"page","link":"https:\/\/www.tsv-muenchingen.de\/breitensport\/","title":{"rendered":"Intro"},"content":{"rendered":"\n<p>Die Abteilung <strong>Breitensport<\/strong> des TSV M\u00fcnchingen bietet Frauen und M\u00e4nnern eine sportliche Bet\u00e4tigung, ohne Leistungsdruck und ohne besondere sportliche Ambitionen. Sie sollen sich einfach leicht k\u00f6rperlich bewegen und nach Wunsch auch etwas Geselligkeit erfahren.<\/p>\n\n\n\n<div style=\"height:31px\" aria-hidden=\"true\" class=\"wp-block-spacer\"><\/div>\n\n\n\n<div class=\"wp-block-columns is-layout-flex wp-container-core-columns-is-layout-28f84493 wp-block-columns-is-layout-flex\">\n<div class=\"wp-block-column is-layout-flow wp-block-column-is-layout-flow\" style=\"flex-basis:33.33%\">\n<figure class=\"wp-block-image size-large\"><img loading=\"lazy\" decoding=\"async\" width=\"1024\" height=\"681\" src=\"https:\/\/www.tsv-muenchingen.de\/breitensport\/wp-content\/uploads\/sites\/6\/2021\/03\/zumba-4333580_1920-1024x681.jpg\" alt=\"\" class=\"wp-image-1502\" srcset=\"https:\/\/www.tsv-muenchingen.de\/breitensport\/wp-content\/uploads\/sites\/6\/2021\/03\/zumba-4333580_1920-1024x681.jpg 1024w, https:\/\/www.tsv-muenchingen.de\/breitensport\/wp-content\/uploads\/sites\/6\/2021\/03\/zumba-4333580_1920-300x200.jpg 300w, https:\/\/www.tsv-muenchingen.de\/breitensport\/wp-content\/uploads\/sites\/6\/2021\/03\/zumba-4333580_1920-768x511.jpg 768w, https:\/\/www.tsv-muenchingen.de\/breitensport\/wp-content\/uploads\/sites\/6\/2021\/03\/zumba-4333580_1920-391x260.jpg 391w, https:\/\/www.tsv-muenchingen.de\/breitensport\/wp-content\/uploads\/sites\/6\/2021\/03\/zumba-4333580_1920-1536x1022.jpg 1536w, https:\/\/www.tsv-muenchingen.de\/breitensport\/wp-content\/uploads\/sites\/6\/2021\/03\/zumba-4333580_1920-24x16.jpg 24w, https:\/\/www.tsv-muenchingen.de\/breitensport\/wp-content\/uploads\/sites\/6\/2021\/03\/zumba-4333580_1920-36x24.jpg 36w, https:\/\/www.tsv-muenchingen.de\/breitensport\/wp-content\/uploads\/sites\/6\/2021\/03\/zumba-4333580_1920-48x32.jpg 48w, https:\/\/www.tsv-muenchingen.de\/breitensport\/wp-content\/uploads\/sites\/6\/2021\/03\/zumba-4333580_1920-272x182.jpg 272w, https:\/\/www.tsv-muenchingen.de\/breitensport\/wp-content\/uploads\/sites\/6\/2021\/03\/zumba-4333580_1920.jpg 1920w\" sizes=\"auto, (max-width: 1024px) 100vw, 1024px\" \/><\/figure>\n<\/div>\n\n\n\n<div class=\"wp-block-column is-layout-flow wp-block-column-is-layout-flow\" style=\"flex-basis:66.66%\">\n<p><strong>Die Frauengruppe<\/strong> <strong>(Aktiv &amp; fit)<\/strong> betreibt Gesundheits- \/ Pr\u00e4ventionssport mit&nbsp;abwechslungsreicher Gesundheitsgymnastik, mit und ohne Handger\u00e4ten, sowie Entspannungs\u00fcbungen, im Sommer auch gemeinsames Walking. <br>(N\u00e4heres siehe: <a href=\"https:\/\/www.tsv-muenchingen.de\/breitensport\/wir-ueber-uns\/frauen-gruppe\/\" target=\"_blank\" rel=\"noreferrer noopener\">Aktivit\u00e4ten Frauengruppe<\/a>)<\/p>\n<\/div>\n<\/div>\n\n\n\n<div class=\"wp-block-columns is-layout-flex wp-container-core-columns-is-layout-28f84493 wp-block-columns-is-layout-flex\">\n<div class=\"wp-block-column is-layout-flow wp-block-column-is-layout-flow\" style=\"flex-basis:33.33%\">\n<figure class=\"wp-block-image size-large\"><img loading=\"lazy\" decoding=\"async\" width=\"1024\" height=\"678\" src=\"https:\/\/www.tsv-muenchingen.de\/breitensport\/wp-content\/uploads\/sites\/6\/2021\/03\/gym-room-1180062_1920-1024x678.jpg\" alt=\"\" class=\"wp-image-1506\" srcset=\"https:\/\/www.tsv-muenchingen.de\/breitensport\/wp-content\/uploads\/sites\/6\/2021\/03\/gym-room-1180062_1920-1024x678.jpg 1024w, https:\/\/www.tsv-muenchingen.de\/breitensport\/wp-content\/uploads\/sites\/6\/2021\/03\/gym-room-1180062_1920-300x199.jpg 300w, https:\/\/www.tsv-muenchingen.de\/breitensport\/wp-content\/uploads\/sites\/6\/2021\/03\/gym-room-1180062_1920-768x509.jpg 768w, https:\/\/www.tsv-muenchingen.de\/breitensport\/wp-content\/uploads\/sites\/6\/2021\/03\/gym-room-1180062_1920-391x260.jpg 391w, https:\/\/www.tsv-muenchingen.de\/breitensport\/wp-content\/uploads\/sites\/6\/2021\/03\/gym-room-1180062_1920-1536x1018.jpg 1536w, https:\/\/www.tsv-muenchingen.de\/breitensport\/wp-content\/uploads\/sites\/6\/2021\/03\/gym-room-1180062_1920-24x16.jpg 24w, https:\/\/www.tsv-muenchingen.de\/breitensport\/wp-content\/uploads\/sites\/6\/2021\/03\/gym-room-1180062_1920-36x24.jpg 36w, https:\/\/www.tsv-muenchingen.de\/breitensport\/wp-content\/uploads\/sites\/6\/2021\/03\/gym-room-1180062_1920-48x32.jpg 48w, https:\/\/www.tsv-muenchingen.de\/breitensport\/wp-content\/uploads\/sites\/6\/2021\/03\/gym-room-1180062_1920.jpg 1920w\" sizes=\"auto, (max-width: 1024px) 100vw, 1024px\" \/><\/figure>\n<\/div>\n\n\n\n<div class=\"wp-block-column is-layout-flow wp-block-column-is-layout-flow\" style=\"flex-basis:66.66%\">\n<p><strong>Die M\u00e4nnergruppe (Bewegung &amp; Spass)<\/strong> beginnt mit leichter Gymnastik zum Aufw\u00e4rmen und anschliessenden Mannschaftsspielen, z.B. Volleyball oder Hallenfu\u00dfball oder weiterer beweglichkeitserhaltender Gymnastik<br>(N\u00e4heres siehe: <a href=\"https:\/\/www.tsv-muenchingen.de\/breitensport\/wir-ueber-uns\/maenner-gruppe-2-2-2\/\" data-type=\"URL\" data-id=\"https:\/\/www.tsv-muenchingen.de\/breitensport\/wir-ueber-uns\/maenner-gruppe-2-2-2\/\">Aktivit\u00e4ten M\u00e4nnergruppe<\/a>).<\/p>\n<\/div>\n<\/div>\n\n\n\n<div class=\"wp-block-columns is-layout-flex wp-container-core-columns-is-layout-28f84493 wp-block-columns-is-layout-flex\">\n<div class=\"wp-block-column is-layout-flow wp-block-column-is-layout-flow\" style=\"flex-basis:33.33%\">\n<figure class=\"wp-block-image size-large\"><img loading=\"lazy\" decoding=\"async\" width=\"1024\" height=\"683\" src=\"https:\/\/www.tsv-muenchingen.de\/breitensport\/wp-content\/uploads\/sites\/6\/2021\/03\/yoga-3677898_1920-1024x683.jpg\" alt=\"\" class=\"wp-image-1507\" srcset=\"https:\/\/www.tsv-muenchingen.de\/breitensport\/wp-content\/uploads\/sites\/6\/2021\/03\/yoga-3677898_1920-1024x683.jpg 1024w, https:\/\/www.tsv-muenchingen.de\/breitensport\/wp-content\/uploads\/sites\/6\/2021\/03\/yoga-3677898_1920-300x200.jpg 300w, https:\/\/www.tsv-muenchingen.de\/breitensport\/wp-content\/uploads\/sites\/6\/2021\/03\/yoga-3677898_1920-768x512.jpg 768w, https:\/\/www.tsv-muenchingen.de\/breitensport\/wp-content\/uploads\/sites\/6\/2021\/03\/yoga-3677898_1920-391x260.jpg 391w, https:\/\/www.tsv-muenchingen.de\/breitensport\/wp-content\/uploads\/sites\/6\/2021\/03\/yoga-3677898_1920-1536x1024.jpg 1536w, https:\/\/www.tsv-muenchingen.de\/breitensport\/wp-content\/uploads\/sites\/6\/2021\/03\/yoga-3677898_1920-24x16.jpg 24w, https:\/\/www.tsv-muenchingen.de\/breitensport\/wp-content\/uploads\/sites\/6\/2021\/03\/yoga-3677898_1920-36x24.jpg 36w, https:\/\/www.tsv-muenchingen.de\/breitensport\/wp-content\/uploads\/sites\/6\/2021\/03\/yoga-3677898_1920-48x32.jpg 48w, https:\/\/www.tsv-muenchingen.de\/breitensport\/wp-content\/uploads\/sites\/6\/2021\/03\/yoga-3677898_1920-272x182.jpg 272w, https:\/\/www.tsv-muenchingen.de\/breitensport\/wp-content\/uploads\/sites\/6\/2021\/03\/yoga-3677898_1920.jpg 1920w\" sizes=\"auto, (max-width: 1024px) 100vw, 1024px\" \/><\/figure>\n<\/div>\n\n\n\n<div class=\"wp-block-column is-layout-flow wp-block-column-is-layout-flow\" style=\"flex-basis:66.66%\">\n<p><strong>Die gemischte Gruppe<\/strong> <strong>(FitnessMix) <\/strong>ist aus der ehem. Skigymnastik entstanden und bietet Fitness f\u00fcr Frauen und M\u00e4nner, zum Teil mit Musikuntermalung,  zur St\u00e4rkung des Bewegungsapparates an. <br>(N\u00e4heres siehe: <a href=\"https:\/\/www.tsv-muenchingen.de\/breitensport\/intern\/gemischte-gruppe-intern\/\/\" target=\"_blank\" rel=\"noreferrer noopener\">Aktivit\u00e4ten Gemischte Gruppe<\/a>)<\/p>\n<\/div>\n<\/div>\n\n\n\n<p><\/p>\n","protected":false},"excerpt":{"rendered":"<p>Die Abteilung Breitensport des TSV M\u00fcnchingen bietet Frauen und M\u00e4nnern eine sportliche Bet\u00e4tigung, ohne Leistungsdruck und ohne besondere sportliche Ambitionen. Sie sollen sich einfach leicht k\u00f6rperlich bewegen und nach Wunsch auch etwas Geselligkeit erfahren. Die Frauengruppe (Aktiv &amp; fit) betreibt Gesundheits- \/ Pr\u00e4ventionssport mit&nbsp;abwechslungsreicher Gesundheitsgymnastik, mit und ohne Handger\u00e4ten, sowie Entspannungs\u00fcbungen, im Sommer auch gemeinsames [&hellip;]<\/p>\n","protected":false},"author":11,"featured_media":0,"parent":0,"menu_order":1,"comment_status":"closed","ping_status":"closed","template":"","meta":{"ngg_post_thumbnail":0,"footnotes":""},"class_list":["post-1162","page","type-page","status-publish","hentry"],"publishpress_future_action":{"enabled":false,"date":"2026-05-09 07:31:13","action":"change-status","newStatus":"draft","terms":[],"taxonomy":"","extraData":[]},"publishpress_future_workflow_manual_trigger":{"enabledWorkflows":[]},"_links":{"self":[{"href":"https:\/\/www.tsv-muenchingen.de\/breitensport\/wp-json\/wp\/v2\/pages\/1162","targetHints":{"allow":["GET"]}}],"collection":[{"href":"https:\/\/www.tsv-muenchingen.de\/breitensport\/wp-json\/wp\/v2\/pages"}],"about":[{"href":"https:\/\/www.tsv-muenchingen.de\/breitensport\/wp-json\/wp\/v2\/types\/page"}],"author":[{"embeddable":true,"href":"https:\/\/www.tsv-muenchingen.de\/breitensport\/wp-json\/wp\/v2\/users\/11"}],"replies":[{"embeddable":true,"href":"https:\/\/www.tsv-muenchingen.de\/breitensport\/wp-json\/wp\/v2\/comments?post=1162"}],"version-history":[{"count":40,"href":"https:\/\/www.tsv-muenchingen.de\/breitensport\/wp-json\/wp\/v2\/pages\/1162\/revisions"}],"predecessor-version":[{"id":7574,"href":"https:\/\/www.tsv-muenchingen.de\/breitensport\/wp-json\/wp\/v2\/pages\/1162\/revisions\/7574"}],"wp:attachment":[{"href":"https:\/\/www.tsv-muenchingen.de\/breitensport\/wp-json\/wp\/v2\/media?parent=1162"}],"curies":[{"name":"wp","href":"https:\/\/api.w.org\/{rel}","templated":true}]}}