{"id":1274,"date":"2021-03-09T14:54:37","date_gmt":"2021-03-09T13:54:37","guid":{"rendered":"https:\/\/www.tsv-muenchingen.de\/breitensport\/?page_id=1274"},"modified":"2023-05-02T17:19:29","modified_gmt":"2023-05-02T15:19:29","slug":"maenner-gruppe-2-2","status":"publish","type":"page","link":"https:\/\/www.tsv-muenchingen.de\/breitensport\/wir-ueber-uns\/maenner-gruppe-2-2\/","title":{"rendered":"Bewegung &amp; Spass (M\u00e4nner)"},"content":{"rendered":"\n<div class=\"wp-block-columns is-layout-flex wp-container-core-columns-is-layout-28f84493 wp-block-columns-is-layout-flex\">\n<div class=\"wp-block-column is-layout-flow wp-block-column-is-layout-flow\" style=\"flex-basis:100%\">\n<div class=\"wp-block-columns is-layout-flex wp-container-core-columns-is-layout-28f84493 wp-block-columns-is-layout-flex\">\n<div class=\"wp-block-column is-layout-flow wp-block-column-is-layout-flow\" style=\"flex-basis:33.33%\">\n<figure class=\"wp-block-image size-large\"><img loading=\"lazy\" decoding=\"async\" width=\"500\" height=\"333\" src=\"https:\/\/www.tsv-muenchingen.de\/breitensport\/wp-content\/uploads\/sites\/6\/2021\/03\/BS1.jpg\" alt=\"\" class=\"wp-image-1275\" srcset=\"https:\/\/www.tsv-muenchingen.de\/breitensport\/wp-content\/uploads\/sites\/6\/2021\/03\/BS1.jpg 500w, https:\/\/www.tsv-muenchingen.de\/breitensport\/wp-content\/uploads\/sites\/6\/2021\/03\/BS1-300x200.jpg 300w, https:\/\/www.tsv-muenchingen.de\/breitensport\/wp-content\/uploads\/sites\/6\/2021\/03\/BS1-24x16.jpg 24w, https:\/\/www.tsv-muenchingen.de\/breitensport\/wp-content\/uploads\/sites\/6\/2021\/03\/BS1-36x24.jpg 36w, https:\/\/www.tsv-muenchingen.de\/breitensport\/wp-content\/uploads\/sites\/6\/2021\/03\/BS1-48x32.jpg 48w, https:\/\/www.tsv-muenchingen.de\/breitensport\/wp-content\/uploads\/sites\/6\/2021\/03\/BS1-272x182.jpg 272w\" sizes=\"auto, (max-width: 500px) 100vw, 500px\" \/><\/figure>\n<\/div>\n\n\n\n<div class=\"wp-block-column is-layout-flow wp-block-column-is-layout-flow\" style=\"flex-basis:66.66%\">\n<p><strong>Die Breitensport-M\u00e4nnergruppe<\/strong><br>besteht aus ca. 30 M\u00e4nnern im gemischten Alter von 35-70 Jahren, welche sich, ohne Zwang zu&nbsp; H\u00f6chstleistung, sportlich bet\u00e4tigen wollen.<br>Wir treffen uns&nbsp;\u00fcblicherweise jeden <strong>Freitag von 20 Uhr bis 21:30 Uhr in der Sporthalle<\/strong> in M\u00fcnchingen.<\/p>\n<\/div>\n<\/div>\n\n\n\n<div class=\"wp-block-columns is-layout-flex wp-container-core-columns-is-layout-28f84493 wp-block-columns-is-layout-flex\">\n<div class=\"wp-block-column is-layout-flow wp-block-column-is-layout-flow\" style=\"flex-basis:66.66%\">\n<p>Die \u00dcbungsabende beginnen jeweils mit einer etwa halbst\u00fcndigen abwechslungsreichen Gymnastik zum Aufw\u00e4rmen und um die Muskeln zu dehnen.<br>Nach dieser Vorbereitung teilen wir uns in der Regel auf die beiden uns zur Verf\u00fcgung stehenden Hallenh\u00e4lften bzw. den Gymnastik-\/Kraftraum auf.<\/p>\n<\/div>\n\n\n\n<div class=\"wp-block-column is-layout-flow wp-block-column-is-layout-flow\" style=\"flex-basis:33.33%\">\n<figure class=\"wp-block-image size-large\"><img loading=\"lazy\" decoding=\"async\" width=\"800\" height=\"600\" src=\"https:\/\/www.tsv-muenchingen.de\/breitensport\/wp-content\/uploads\/sites\/6\/2021\/03\/Gymnastik_02.jpg\" alt=\"\" class=\"wp-image-1278\" srcset=\"https:\/\/www.tsv-muenchingen.de\/breitensport\/wp-content\/uploads\/sites\/6\/2021\/03\/Gymnastik_02.jpg 800w, https:\/\/www.tsv-muenchingen.de\/breitensport\/wp-content\/uploads\/sites\/6\/2021\/03\/Gymnastik_02-300x225.jpg 300w, https:\/\/www.tsv-muenchingen.de\/breitensport\/wp-content\/uploads\/sites\/6\/2021\/03\/Gymnastik_02-768x576.jpg 768w, https:\/\/www.tsv-muenchingen.de\/breitensport\/wp-content\/uploads\/sites\/6\/2021\/03\/Gymnastik_02-24x18.jpg 24w, https:\/\/www.tsv-muenchingen.de\/breitensport\/wp-content\/uploads\/sites\/6\/2021\/03\/Gymnastik_02-36x27.jpg 36w, https:\/\/www.tsv-muenchingen.de\/breitensport\/wp-content\/uploads\/sites\/6\/2021\/03\/Gymnastik_02-48x36.jpg 48w\" sizes=\"auto, (max-width: 800px) 100vw, 800px\" \/><\/figure>\n<\/div>\n<\/div>\n\n\n\n<div class=\"wp-block-columns is-layout-flex wp-container-core-columns-is-layout-28f84493 wp-block-columns-is-layout-flex\">\n<div class=\"wp-block-column is-layout-flow wp-block-column-is-layout-flow\" style=\"flex-basis:100%\">\n<div class=\"wp-block-columns is-layout-flex wp-container-core-columns-is-layout-28f84493 wp-block-columns-is-layout-flex\">\n<div class=\"wp-block-column is-layout-flow wp-block-column-is-layout-flow\" style=\"flex-basis:25%\">\n<figure class=\"wp-block-image size-large\"><img loading=\"lazy\" decoding=\"async\" width=\"450\" height=\"360\" src=\"https:\/\/www.tsv-muenchingen.de\/breitensport\/wp-content\/uploads\/sites\/6\/2021\/03\/Volleyball_01.jpg\" alt=\"\" class=\"wp-image-1320\" srcset=\"https:\/\/www.tsv-muenchingen.de\/breitensport\/wp-content\/uploads\/sites\/6\/2021\/03\/Volleyball_01.jpg 450w, https:\/\/www.tsv-muenchingen.de\/breitensport\/wp-content\/uploads\/sites\/6\/2021\/03\/Volleyball_01-300x240.jpg 300w, https:\/\/www.tsv-muenchingen.de\/breitensport\/wp-content\/uploads\/sites\/6\/2021\/03\/Volleyball_01-24x19.jpg 24w, https:\/\/www.tsv-muenchingen.de\/breitensport\/wp-content\/uploads\/sites\/6\/2021\/03\/Volleyball_01-36x29.jpg 36w, https:\/\/www.tsv-muenchingen.de\/breitensport\/wp-content\/uploads\/sites\/6\/2021\/03\/Volleyball_01-48x38.jpg 48w\" sizes=\"auto, (max-width: 450px) 100vw, 450px\" \/><\/figure>\n<\/div>\n\n\n\n<div class=\"wp-block-column is-layout-flow wp-block-column-is-layout-flow\" style=\"flex-basis:50%\">\n<p class=\"has-text-align-center\">W\u00e4hrend die einen mit grosser Begeisterung Volleyball spielen leben die anderen<br>ihren Bewegungsdrang beim Hallenfussball aus. <br>Andere wiederum machen mit Gymnastik weiter.<\/p>\n<\/div>\n\n\n\n<div class=\"wp-block-column is-layout-flow wp-block-column-is-layout-flow\" style=\"flex-basis:25%\">\n<figure class=\"wp-block-image size-large\"><img loading=\"lazy\" decoding=\"async\" width=\"800\" height=\"600\" src=\"https:\/\/www.tsv-muenchingen.de\/breitensport\/wp-content\/uploads\/sites\/6\/2021\/03\/Fussball.jpg\" alt=\"\" class=\"wp-image-1321\" srcset=\"https:\/\/www.tsv-muenchingen.de\/breitensport\/wp-content\/uploads\/sites\/6\/2021\/03\/Fussball.jpg 800w, https:\/\/www.tsv-muenchingen.de\/breitensport\/wp-content\/uploads\/sites\/6\/2021\/03\/Fussball-300x225.jpg 300w, https:\/\/www.tsv-muenchingen.de\/breitensport\/wp-content\/uploads\/sites\/6\/2021\/03\/Fussball-768x576.jpg 768w, https:\/\/www.tsv-muenchingen.de\/breitensport\/wp-content\/uploads\/sites\/6\/2021\/03\/Fussball-24x18.jpg 24w, https:\/\/www.tsv-muenchingen.de\/breitensport\/wp-content\/uploads\/sites\/6\/2021\/03\/Fussball-36x27.jpg 36w, https:\/\/www.tsv-muenchingen.de\/breitensport\/wp-content\/uploads\/sites\/6\/2021\/03\/Fussball-48x36.jpg 48w\" sizes=\"auto, (max-width: 800px) 100vw, 800px\" \/><\/figure>\n<\/div>\n<\/div>\n<\/div>\n<\/div>\n<\/div>\n<\/div>\n\n\n\n<figure class=\"wp-block-gallery has-nested-images columns-default is-cropped wp-block-gallery-2 is-layout-flex wp-block-gallery-is-layout-flex\">\n<figure class=\"wp-block-image size-large\"><img loading=\"lazy\" decoding=\"async\" width=\"1024\" height=\"683\" data-id=\"7563\" src=\"https:\/\/www.tsv-muenchingen.de\/breitensport\/wp-content\/uploads\/sites\/6\/2022\/12\/DSCF7668-1-1024x683.jpg\" alt=\"\" class=\"wp-image-7563\" srcset=\"https:\/\/www.tsv-muenchingen.de\/breitensport\/wp-content\/uploads\/sites\/6\/2022\/12\/DSCF7668-1-1024x683.jpg 1024w, https:\/\/www.tsv-muenchingen.de\/breitensport\/wp-content\/uploads\/sites\/6\/2022\/12\/DSCF7668-1-300x200.jpg 300w, https:\/\/www.tsv-muenchingen.de\/breitensport\/wp-content\/uploads\/sites\/6\/2022\/12\/DSCF7668-1-768x512.jpg 768w, https:\/\/www.tsv-muenchingen.de\/breitensport\/wp-content\/uploads\/sites\/6\/2022\/12\/DSCF7668-1-391x260.jpg 391w, https:\/\/www.tsv-muenchingen.de\/breitensport\/wp-content\/uploads\/sites\/6\/2022\/12\/DSCF7668-1-1536x1024.jpg 1536w, https:\/\/www.tsv-muenchingen.de\/breitensport\/wp-content\/uploads\/sites\/6\/2022\/12\/DSCF7668-1-2048x1365.jpg 2048w, https:\/\/www.tsv-muenchingen.de\/breitensport\/wp-content\/uploads\/sites\/6\/2022\/12\/DSCF7668-1-24x16.jpg 24w, https:\/\/www.tsv-muenchingen.de\/breitensport\/wp-content\/uploads\/sites\/6\/2022\/12\/DSCF7668-1-36x24.jpg 36w, https:\/\/www.tsv-muenchingen.de\/breitensport\/wp-content\/uploads\/sites\/6\/2022\/12\/DSCF7668-1-48x32.jpg 48w, https:\/\/www.tsv-muenchingen.de\/breitensport\/wp-content\/uploads\/sites\/6\/2022\/12\/DSCF7668-1-272x182.jpg 272w\" sizes=\"auto, (max-width: 1024px) 100vw, 1024px\" \/><\/figure>\n<\/figure>\n\n\n\n<div class=\"wp-block-columns is-layout-flex wp-container-core-columns-is-layout-28f84493 wp-block-columns-is-layout-flex\">\n<div class=\"wp-block-column is-layout-flow wp-block-column-is-layout-flow\">\n<p>Im Sommer, wenn wegen der Schulferien die Sporthalle geschlossen ist &#8230;<\/p>\n<\/div>\n\n\n\n<div class=\"wp-block-column is-layout-flow wp-block-column-is-layout-flow\">\n<figure class=\"wp-block-image size-large\"><img loading=\"lazy\" decoding=\"async\" width=\"1024\" height=\"576\" src=\"https:\/\/www.tsv-muenchingen.de\/breitensport\/wp-content\/uploads\/sites\/6\/2021\/03\/Radfahrer-2019-09_kleiner-1024x576.jpg\" alt=\"\" class=\"wp-image-1811\" srcset=\"https:\/\/www.tsv-muenchingen.de\/breitensport\/wp-content\/uploads\/sites\/6\/2021\/03\/Radfahrer-2019-09_kleiner-1024x576.jpg 1024w, https:\/\/www.tsv-muenchingen.de\/breitensport\/wp-content\/uploads\/sites\/6\/2021\/03\/Radfahrer-2019-09_kleiner-300x169.jpg 300w, https:\/\/www.tsv-muenchingen.de\/breitensport\/wp-content\/uploads\/sites\/6\/2021\/03\/Radfahrer-2019-09_kleiner-768x432.jpg 768w, https:\/\/www.tsv-muenchingen.de\/breitensport\/wp-content\/uploads\/sites\/6\/2021\/03\/Radfahrer-2019-09_kleiner-24x14.jpg 24w, https:\/\/www.tsv-muenchingen.de\/breitensport\/wp-content\/uploads\/sites\/6\/2021\/03\/Radfahrer-2019-09_kleiner-36x20.jpg 36w, https:\/\/www.tsv-muenchingen.de\/breitensport\/wp-content\/uploads\/sites\/6\/2021\/03\/Radfahrer-2019-09_kleiner-48x27.jpg 48w, https:\/\/www.tsv-muenchingen.de\/breitensport\/wp-content\/uploads\/sites\/6\/2021\/03\/Radfahrer-2019-09_kleiner.jpg 1200w\" sizes=\"auto, (max-width: 1024px) 100vw, 1024px\" \/><\/figure>\n<\/div>\n\n\n\n<div class=\"wp-block-column is-layout-flow wp-block-column-is-layout-flow\">\n<p>\u2026 treffen wir uns bei sch\u00f6nem Wetter zum Radfahren in unserer sch\u00f6nen Umgebung.<\/p>\n<\/div>\n<\/div>\n\n\n\n<p class=\"has-text-align-center\">Unsere Breitensportgruppe ist ideal f\u00fcr M\u00e4nner, die etwas f\u00fcr ihre Gesundheit tun wollen und dabei gleichzeitig Wert auf Geselligkeit unter Gleichgesinnten legen.<br>Wer Lust hat bei uns mitzumachen ist jederzeit gerne gesehen.<br>Besondere sportliche Ambitionen sind nicht erforderlich, jeder macht mit soweit er m\u00f6chte.<br>Hauptsache ist, Spass an der Bewegung.<\/p>\n\n\n\n<p>Neben den sportlichen Aktivit\u00e4ten wird in unserer Gruppe auch die Geselligkeit gepflegt.<\/p>\n\n\n\n<div class=\"wp-block-columns is-layout-flex wp-container-core-columns-is-layout-28f84493 wp-block-columns-is-layout-flex\">\n<div class=\"wp-block-column is-layout-flow wp-block-column-is-layout-flow\" style=\"flex-basis:100%\">\n<div class=\"wp-block-columns is-layout-flex wp-container-core-columns-is-layout-28f84493 wp-block-columns-is-layout-flex\">\n<div class=\"wp-block-column is-layout-flow wp-block-column-is-layout-flow\">\n<figure class=\"wp-block-image size-large\"><img loading=\"lazy\" decoding=\"async\" width=\"300\" height=\"200\" src=\"https:\/\/www.tsv-muenchingen.de\/breitensport\/wp-content\/uploads\/sites\/6\/2021\/03\/Beisammensein_01.jpg\" alt=\"\" class=\"wp-image-1329\" srcset=\"https:\/\/www.tsv-muenchingen.de\/breitensport\/wp-content\/uploads\/sites\/6\/2021\/03\/Beisammensein_01.jpg 300w, https:\/\/www.tsv-muenchingen.de\/breitensport\/wp-content\/uploads\/sites\/6\/2021\/03\/Beisammensein_01-24x16.jpg 24w, https:\/\/www.tsv-muenchingen.de\/breitensport\/wp-content\/uploads\/sites\/6\/2021\/03\/Beisammensein_01-36x24.jpg 36w, https:\/\/www.tsv-muenchingen.de\/breitensport\/wp-content\/uploads\/sites\/6\/2021\/03\/Beisammensein_01-48x32.jpg 48w, https:\/\/www.tsv-muenchingen.de\/breitensport\/wp-content\/uploads\/sites\/6\/2021\/03\/Beisammensein_01-272x182.jpg 272w\" sizes=\"auto, (max-width: 300px) 100vw, 300px\" \/><\/figure>\n<\/div>\n\n\n\n<div class=\"wp-block-column is-layout-flow wp-block-column-is-layout-flow\">\n<p>So finden wir uns \u00fcblicherweise im Anschluss an das Training in abwechselden M\u00fcnchinger Lokalen ein, um die letzten Neuigkeiten auszutauschen und einfach gem\u00fctlich zusammen zu sitzen.<\/p>\n<\/div>\n\n\n\n<div class=\"wp-block-column is-layout-flow wp-block-column-is-layout-flow\">\n<figure class=\"wp-block-image size-large\"><img loading=\"lazy\" decoding=\"async\" width=\"375\" height=\"281\" src=\"https:\/\/www.tsv-muenchingen.de\/breitensport\/wp-content\/uploads\/sites\/6\/2021\/03\/Beisammensein_02.jpg\" alt=\"\" class=\"wp-image-1331\" srcset=\"https:\/\/www.tsv-muenchingen.de\/breitensport\/wp-content\/uploads\/sites\/6\/2021\/03\/Beisammensein_02.jpg 375w, https:\/\/www.tsv-muenchingen.de\/breitensport\/wp-content\/uploads\/sites\/6\/2021\/03\/Beisammensein_02-300x225.jpg 300w, https:\/\/www.tsv-muenchingen.de\/breitensport\/wp-content\/uploads\/sites\/6\/2021\/03\/Beisammensein_02-24x18.jpg 24w, https:\/\/www.tsv-muenchingen.de\/breitensport\/wp-content\/uploads\/sites\/6\/2021\/03\/Beisammensein_02-36x27.jpg 36w, https:\/\/www.tsv-muenchingen.de\/breitensport\/wp-content\/uploads\/sites\/6\/2021\/03\/Beisammensein_02-48x36.jpg 48w\" sizes=\"auto, (max-width: 375px) 100vw, 375px\" \/><\/figure>\n<\/div>\n<\/div>\n\n\n\n<p>Einmal im Jahr machen wir auch einen Ausflug zu interessanten Zielen<\/p>\n\n\n\n<div class=\"wp-block-columns is-layout-flex wp-container-core-columns-is-layout-28f84493 wp-block-columns-is-layout-flex\">\n<div class=\"wp-block-column is-layout-flow wp-block-column-is-layout-flow\">\n<figure class=\"wp-block-image size-large\"><img loading=\"lazy\" decoding=\"async\" width=\"502\" height=\"336\" src=\"https:\/\/www.tsv-muenchingen.de\/breitensport\/wp-content\/uploads\/sites\/6\/2021\/03\/Gotthardt-1.jpg\" alt=\"\" class=\"wp-image-1482\" srcset=\"https:\/\/www.tsv-muenchingen.de\/breitensport\/wp-content\/uploads\/sites\/6\/2021\/03\/Gotthardt-1.jpg 502w, https:\/\/www.tsv-muenchingen.de\/breitensport\/wp-content\/uploads\/sites\/6\/2021\/03\/Gotthardt-1-300x201.jpg 300w, https:\/\/www.tsv-muenchingen.de\/breitensport\/wp-content\/uploads\/sites\/6\/2021\/03\/Gotthardt-1-24x16.jpg 24w, https:\/\/www.tsv-muenchingen.de\/breitensport\/wp-content\/uploads\/sites\/6\/2021\/03\/Gotthardt-1-36x24.jpg 36w, https:\/\/www.tsv-muenchingen.de\/breitensport\/wp-content\/uploads\/sites\/6\/2021\/03\/Gotthardt-1-48x32.jpg 48w, https:\/\/www.tsv-muenchingen.de\/breitensport\/wp-content\/uploads\/sites\/6\/2021\/03\/Gotthardt-1-272x182.jpg 272w\" sizes=\"auto, (max-width: 502px) 100vw, 502px\" \/><\/figure>\n<\/div>\n\n\n\n<div class=\"wp-block-column is-layout-flow wp-block-column-is-layout-flow\">\n<figure class=\"wp-block-image size-large is-resized\"><img loading=\"lazy\" decoding=\"async\" src=\"https:\/\/www.tsv-muenchingen.de\/breitensport\/wp-content\/uploads\/sites\/6\/2021\/03\/Jahresausflug-2012.jpg\" alt=\"\" class=\"wp-image-1483\" width=\"225\" height=\"115\" srcset=\"https:\/\/www.tsv-muenchingen.de\/breitensport\/wp-content\/uploads\/sites\/6\/2021\/03\/Jahresausflug-2012.jpg 600w, https:\/\/www.tsv-muenchingen.de\/breitensport\/wp-content\/uploads\/sites\/6\/2021\/03\/Jahresausflug-2012-300x154.jpg 300w, https:\/\/www.tsv-muenchingen.de\/breitensport\/wp-content\/uploads\/sites\/6\/2021\/03\/Jahresausflug-2012-24x12.jpg 24w, https:\/\/www.tsv-muenchingen.de\/breitensport\/wp-content\/uploads\/sites\/6\/2021\/03\/Jahresausflug-2012-36x18.jpg 36w, https:\/\/www.tsv-muenchingen.de\/breitensport\/wp-content\/uploads\/sites\/6\/2021\/03\/Jahresausflug-2012-48x25.jpg 48w\" sizes=\"auto, (max-width: 225px) 100vw, 225px\" \/><\/figure>\n<\/div>\n\n\n\n<div class=\"wp-block-column is-layout-flow wp-block-column-is-layout-flow\">\n<figure class=\"wp-block-image size-large\"><img loading=\"lazy\" decoding=\"async\" width=\"500\" height=\"375\" src=\"https:\/\/www.tsv-muenchingen.de\/breitensport\/wp-content\/uploads\/sites\/6\/2021\/03\/Porsche.jpg\" alt=\"\" class=\"wp-image-1484\" srcset=\"https:\/\/www.tsv-muenchingen.de\/breitensport\/wp-content\/uploads\/sites\/6\/2021\/03\/Porsche.jpg 500w, https:\/\/www.tsv-muenchingen.de\/breitensport\/wp-content\/uploads\/sites\/6\/2021\/03\/Porsche-300x225.jpg 300w, https:\/\/www.tsv-muenchingen.de\/breitensport\/wp-content\/uploads\/sites\/6\/2021\/03\/Porsche-24x18.jpg 24w, https:\/\/www.tsv-muenchingen.de\/breitensport\/wp-content\/uploads\/sites\/6\/2021\/03\/Porsche-36x27.jpg 36w, https:\/\/www.tsv-muenchingen.de\/breitensport\/wp-content\/uploads\/sites\/6\/2021\/03\/Porsche-48x36.jpg 48w\" sizes=\"auto, (max-width: 500px) 100vw, 500px\" \/><\/figure>\n<\/div>\n<\/div>\n\n\n\n<div class=\"wp-block-columns is-layout-flex wp-container-core-columns-is-layout-28f84493 wp-block-columns-is-layout-flex\">\n<div class=\"wp-block-column is-layout-flow wp-block-column-is-layout-flow\">\n<figure class=\"wp-block-image size-large\"><img loading=\"lazy\" decoding=\"async\" width=\"400\" height=\"300\" src=\"https:\/\/www.tsv-muenchingen.de\/breitensport\/wp-content\/uploads\/sites\/6\/2021\/03\/Besen-1.jpg\" alt=\"\" class=\"wp-image-1487\" srcset=\"https:\/\/www.tsv-muenchingen.de\/breitensport\/wp-content\/uploads\/sites\/6\/2021\/03\/Besen-1.jpg 400w, https:\/\/www.tsv-muenchingen.de\/breitensport\/wp-content\/uploads\/sites\/6\/2021\/03\/Besen-1-300x225.jpg 300w, https:\/\/www.tsv-muenchingen.de\/breitensport\/wp-content\/uploads\/sites\/6\/2021\/03\/Besen-1-24x18.jpg 24w, https:\/\/www.tsv-muenchingen.de\/breitensport\/wp-content\/uploads\/sites\/6\/2021\/03\/Besen-1-36x27.jpg 36w, https:\/\/www.tsv-muenchingen.de\/breitensport\/wp-content\/uploads\/sites\/6\/2021\/03\/Besen-1-48x36.jpg 48w\" sizes=\"auto, (max-width: 400px) 100vw, 400px\" \/><\/figure>\n<\/div>\n\n\n\n<div class=\"wp-block-column is-layout-flow wp-block-column-is-layout-flow\">\n<p>oder wir besuchen auch mal, zusammen mit unseren Frauen, einen &#8222;Besen&#8220; oder interessante Ausstellungen und kulturelle Veranstaltungen<\/p>\n<\/div>\n<\/div>\n<\/div>\n<\/div>\n\n\n\n<p><\/p>\n","protected":false},"excerpt":{"rendered":"<p>Die Breitensport-M\u00e4nnergruppebesteht aus ca. 30 M\u00e4nnern im gemischten Alter von 35-70 Jahren, welche sich, ohne Zwang zu&nbsp; H\u00f6chstleistung, sportlich bet\u00e4tigen wollen.Wir treffen uns&nbsp;\u00fcblicherweise jeden Freitag von 20 Uhr bis 21:30 Uhr in der Sporthalle in M\u00fcnchingen. Die \u00dcbungsabende beginnen jeweils mit einer etwa halbst\u00fcndigen abwechslungsreichen Gymnastik zum Aufw\u00e4rmen und um die Muskeln zu dehnen.Nach dieser [&hellip;]<\/p>\n","protected":false},"author":7,"featured_media":0,"parent":106,"menu_order":1,"comment_status":"closed","ping_status":"closed","template":"","meta":{"ngg_post_thumbnail":0,"footnotes":""},"class_list":["post-1274","page","type-page","status-publish","hentry"],"publishpress_future_action":{"enabled":false,"date":"2026-05-16 07:54:10","action":"change-status","newStatus":"draft","terms":[],"taxonomy":"","extraData":[]},"publishpress_future_workflow_manual_trigger":{"enabledWorkflows":[]},"_links":{"self":[{"href":"https:\/\/www.tsv-muenchingen.de\/breitensport\/wp-json\/wp\/v2\/pages\/1274","targetHints":{"allow":["GET"]}}],"collection":[{"href":"https:\/\/www.tsv-muenchingen.de\/breitensport\/wp-json\/wp\/v2\/pages"}],"about":[{"href":"https:\/\/www.tsv-muenchingen.de\/breitensport\/wp-json\/wp\/v2\/types\/page"}],"author":[{"embeddable":true,"href":"https:\/\/www.tsv-muenchingen.de\/breitensport\/wp-json\/wp\/v2\/users\/7"}],"replies":[{"embeddable":true,"href":"https:\/\/www.tsv-muenchingen.de\/breitensport\/wp-json\/wp\/v2\/comments?post=1274"}],"version-history":[{"count":12,"href":"https:\/\/www.tsv-muenchingen.de\/breitensport\/wp-json\/wp\/v2\/pages\/1274\/revisions"}],"predecessor-version":[{"id":8089,"href":"https:\/\/www.tsv-muenchingen.de\/breitensport\/wp-json\/wp\/v2\/pages\/1274\/revisions\/8089"}],"up":[{"embeddable":true,"href":"https:\/\/www.tsv-muenchingen.de\/breitensport\/wp-json\/wp\/v2\/pages\/106"}],"wp:attachment":[{"href":"https:\/\/www.tsv-muenchingen.de\/breitensport\/wp-json\/wp\/v2\/media?parent=1274"}],"curies":[{"name":"wp","href":"https:\/\/api.w.org\/{rel}","templated":true}]}}