{"id":1038,"date":"2021-08-05T09:54:14","date_gmt":"2021-08-05T07:54:14","guid":{"rendered":"https:\/\/www.tsv-muenchingen.de\/fussball\/?page_id=1038"},"modified":"2022-01-15T18:30:42","modified_gmt":"2022-01-15T17:30:42","slug":"e-juniorinnen-saisons-2016-bis-2020","status":"publish","type":"page","link":"https:\/\/www.tsv-muenchingen.de\/fussball\/mannschaften\/juniorinnen\/e-juniorinnen\/e-juniorinnen-saisons-2016-bis-2020\/","title":{"rendered":"E Juniorinnen Saisons 2016 bis 2020"},"content":{"rendered":"\n<p><strong>Bericht vom Hallenturnier der E-Juniorinnen am 25.01.2020 in Stuttgart M\u00fchlhausen:<\/strong><br><br><strong>Bei unserem 2. Hallenturnier beim TSV M\u00fchlhausen erreichten wir einen tollen 3. Platz.<\/strong> Mit einem Sieg starteten wir in das Turnier mussten uns dann leider zweimal geschlagen geben gegen den sp\u00e4teren 2. und 1. Platzierten. Im Spiel um Platz 3 haben unsere M\u00e4dels nochmal alles gegeben und haben das Spiel verdient 1:0 gewonnen. Das war eine Klasse Leistung von unseren M\u00e4dels.<\/p>\n\n\n\n<p>Es spielten: Priscilla, Olivia, Julia, Lilian, Anika, Emily, Leandra<img decoding=\"async\" src=\"https:\/\/www.tsv-muenchingen-fussball.de\/files\/img-20200125-wa0002.jpg\" alt=\"\"><\/p>\n\n\n\n<p><strong>6. Meisterschaftsspiel am 23.11.2019:<\/strong><\/p>\n\n\n\n<p><strong>TSV M\u00fcnchingen &#8211; 1. FC Lauchhau-Lauch\u00e4cker: 1:9<\/strong><br><br>Im letzten Meisterschaftspiel der Vorrunde starteten die E-Juniorinnen motiviert in die Partie gegen die M\u00e4dels aus Lauchhau. Leider lag man schnell mit 0:3 Toren zur\u00fcck. Trotzdem k\u00e4mpften die M\u00e4dels weiter und kamen so zum 1:3 Anschlusstreffer durch Leandra. Es gab nun wieder Hoffnung das Spiel noch zu drehen. In der Folge konnten die Gegnerinnen aber Ihre Chancen besser nutzen und gewannen dann doch mit 1:9. Jetzt ist erst einmal Winterpause f\u00fcr unsere M\u00e4dels und Zeit sich auf die R\u00fcckrunde vorzubereiten.<br><br>Es spielten: Amine, Emily, Leandra, Lilian, Ela, Violetta, Olivia, Mila, Mieke, Anika, Melina, Sarah, Priscilla<\/p>\n\n\n\n<p><strong>5. Meisterschaftsspiel am 16.11.2019:<\/strong><br><br><strong>TSV Plattenhardt &#8211; TSV M\u00fcnchingen: 14:0<\/strong><br><br>Im f\u00fcnften Meisterschaftsspiel mussten unsere M\u00e4dels ersatzgeschw\u00e4cht zum Tabellenf\u00fchrer nach Plattenhardt.<br>Die M\u00fcnchingerinnen starteten stark in die Partie. In den ersten 10 Minuten konnten die M\u00e4dels gut mit dem Tabellenf\u00fchrer mithalten und die eine oder andere Torchance herausarbeiten. Anschlie\u00dfend zeigten die Gegnerinnen mit einem Doppelpack ihr K\u00f6nnen. Verletzungsbedingt musste eine unserer Spielerin zu dem noch ausgewechselt werden.<br>Trotz gro\u00dfem Kampf und guter Leistung der TSV M\u00e4dels ging das Spiel letztendlich mit 14:0 verloren.<br><br>Es spielten: Amine, Olivia, Fifi, Lilian, Leandra, Emily, Mila, Anika, Sarah, Melina<\/p>\n\n\n\n<p><strong>4. Meisterschaftsspiel am 09.11.2019:<\/strong><\/p>\n\n\n\n<p><strong>TSV M\u00fcnchingen &#8211; TB Untert\u00fcrkheim: 3:1<\/strong><br><br>Trotz der herbstlichen Temperaturen zeigte unsere Mannschaft ein starkes Heimspiel. Die M\u00e4dels erwischten ein guten Start und gingen schnell in F\u00fchrung. Die weiteren Angriffsbem\u00fchungen wurden mit einem zweiten Tor belohnt. Erst danach kamen unsere G\u00e4ste besser ins Spiel und konnten vor der Pause den Anschlusstreffer erzielen. Die starke Defensive unserer M\u00e4dels verhinderte in der zweiten Halbzeit den Ausgleich. Mit einem Hattrick von Ela fiel die Entscheidung kurz vor Abpfiff. Die Freude unserer Juniorinnen war riesig.<br><br>Es spielten (Tore): Amine, Olivia, Ela (3), Mieke, Leandra, Anika, Emily, Lilian, Julia, Priscilla, Fifi, Sarah, Mila, Melina<\/p>\n\n\n\n<p><strong>3. Meisterschaftsspiel am 26.10.2019:<\/strong><br><br><strong>TSV Bernhausen II &#8211; TSV M\u00fcnchingen: 0:11<\/strong><br><br>Im dritten Meisterschaftsspiel lie\u00dfen die M\u00fcnchinger M\u00e4dels den Bernhausner keine Chance und gewannen klar mit 0:11.<br>Die M\u00fcnchingerinnen spielten von der ersten Minute an mit viel Druck und zwangen den Gegner immer wieder zu Fehlern. So fiel gleich in der 1. Minute das 0:1 durch Ela. In der 3. Minute traf Emily zum 0:2. In der 6. Minute gelang es Leandra durch ein Weitschuss das 0:3. Nun war der Bann gebrochen und unsere M\u00e4dels hatten sichtlich Spa\u00df am Spiel. In kurzer Zeit fielen das 0:4, das 0:5 und das 0:6.<br>In der zweiten Halbzeit schraubten unsere M\u00e4dels den Torabstand weiter in die H\u00f6he und gewannen hoch verdient 0:11.<br>Unser Team pr\u00e4sentierte sich als Einheit und haben sich mit dem Sieg belohnt. Die Freude der M\u00e4dels war riesig.<br><br>Es spielten (Tore): Amine, Olivia, Fifi, Lilian, Ela (4), Leandra(3), Emily (3), Priscilla, Mila, Violetta, Mieke (1)<\/p>\n\n\n\n<figure class=\"wp-block-image size-large\"><img loading=\"lazy\" decoding=\"async\" width=\"768\" height=\"1024\" src=\"https:\/\/www.tsv-muenchingen.de\/fussball\/wp-content\/uploads\/sites\/8\/2022\/01\/img-20191026-wa0009-768x1024.jpg\" alt=\"\" class=\"wp-image-1904\" srcset=\"https:\/\/www.tsv-muenchingen.de\/fussball\/wp-content\/uploads\/sites\/8\/2022\/01\/img-20191026-wa0009-768x1024.jpg 768w, https:\/\/www.tsv-muenchingen.de\/fussball\/wp-content\/uploads\/sites\/8\/2022\/01\/img-20191026-wa0009-225x300.jpg 225w, https:\/\/www.tsv-muenchingen.de\/fussball\/wp-content\/uploads\/sites\/8\/2022\/01\/img-20191026-wa0009-300x400.jpg 300w, https:\/\/www.tsv-muenchingen.de\/fussball\/wp-content\/uploads\/sites\/8\/2022\/01\/img-20191026-wa0009-1152x1536.jpg 1152w, https:\/\/www.tsv-muenchingen.de\/fussball\/wp-content\/uploads\/sites\/8\/2022\/01\/img-20191026-wa0009.jpg 1200w\" sizes=\"auto, (max-width: 768px) 100vw, 768px\" \/><\/figure>\n\n\n\n<p>Unsere gl\u00fccklichen E-Juniorinnen nach dem Spiel gegen Bernhausen II \ud83d\ude09<\/p>\n\n\n\n<p><strong>2. Meisterschaftsspiel am 12.10.2019:<\/strong><br><br><strong>FSV Waldebene Stgt. Ost &#8211; TSV M\u00fcnchingen : 3:1<\/strong><br><br>Im zweiten Meisterschaftspiel starteten die E-Juniorinnen hoch motiviert in die Partie gegen die Waldebene aus Stgt. Ost und konnten sich fr\u00fch mit einem Tor zum 1:0 belohnen. Nach dem Tor spielten die M\u00e4dels weiter gut zusammen und lie\u00dfen den Gegnerinnen wenig Chancen. Mit zunehmender Spieldauer wurden die Torgelegenheiten h\u00e4ufiger und klarer &#8211; aber der Ball wollte trotz aller Bem\u00fchungen einfach nicht \u00fcber die Linie. Leider nutzen der Gegner kurz vor der Halbzeit eine Unachtsamkeit aus und sorgten f\u00fcr den 1:1 Zwischenstand.<br>Etwa 10 Minuten nach Wiederanpfiff fiel dann das 2:1 f\u00fcr Stgt. OST. Unsere M\u00e4dels gaben noch mal alles um den Ausgleich zu schaffen, allerdings fiel dann kurz vor Schluss durch einen unhaltbaren Weitschuss vom Gegner das entscheidende Tor zum 3:1 Endstand.<br>Unsere M\u00e4dels haben toll gespielt und man hat eine riesige Verbesserung zum ersten Spiel gesehen.<br><br>Es spielten (Tore): Fifi, Olivia, Ela (1), Melina, Leandra, Emily, Priscilla, Julia, Violetta, Lillian<\/p>\n\n\n\n<p><strong>1. Meisterschaftsspiel am 28.09.2019:<\/strong><br><br><strong>TSV Bernhausen I &#8211; TSV M\u00fcnchingen : 7:2<\/strong><br><br>Im ersten Meisterschaftsspiel waren die M\u00fcnchinger M\u00e4dels sehr aufgeregt und hatten am Anfang einige Stellungsfehler die zu Gegentreffer f\u00fchrten. Vor der Halbzeit verk\u00fcrzten unsere M\u00e4dels zum 4:2 durch Leandra und Ela.<br><br>In der 2. Halbzeit haben unsere M\u00e4dels mehr riskiert und sich einige Chancen heraus gespielt. Leider wollte der Ball nicht ins Tor. Daf\u00fcr hatten sie dann noch etwas Pech und sich durch gegnerische Konter drei weitere Tore eingefangen.<br><br>Unsere E-Juniorinnen haben trotz der Niederlage ein sehr gutes Spiel gemacht.<br><br>Es spielten (Tore): Amine, Fifi, Olivia, Ela(1), Melina, Leandra (1), Emily, Mila, Julia, Mieke<\/p>\n\n\n\n<p><strong>E Juniorinnen Spieltag in Erdmannhausen am 01.06.2019:<\/strong><\/p>\n\n\n\n<p>Am 4. Spieltag der E Juniorinnen in Erdmannhausen mussten wir etwas ersatzgeschw\u00e4cht antreten. Leider haben wir die ersten 3 Spiele verloren, obwohl wir beim 2. Spiel knapp an einem Unentschieden dran waren und 3 Tore erzielen konnten. Beim letzten Spiel haben unsere M\u00e4dels nochmal alles gegeben und verdient 2:0 gewonnen. Das war ein toller Abschluss des letzten Spieltages und unsere M\u00e4dels haben sich sehr dar\u00fcber gefreut.&nbsp;<br><br>Es spielten: Amine, Fifi, Leandra, Lilly, Julia, Ela, Mila<\/p>\n\n\n\n<p><strong>E Juniorinnen Spieltag in Bissingen am 19.05.2019:<\/strong><\/p>\n\n\n\n<p>Beim 3. Spieltag der E Juniorinnen konnte diesmal ein Sieg eingefahren werden. Nach dem wir das erste Spiel verloren hatten, konnten unsere M\u00e4dels beim zweiten ein verdientes Unentschieden erk\u00e4mpfen. Beim 3. Spiel belohnten sich unsere j\u00fcngsten M\u00e4dels mit dem ersten Sieg. Das letzte Spiel ging nach einem hin und her ganz knapp verloren. Die M\u00e4dels hatten wieder viel Spa\u00df und waren \u00fcber den ersten Sieg mehr als gl\u00fccklich.<\/p>\n\n\n\n<p>Es spielten: Amine, Emily, Mieke, Leandra, Julia, Grace, Priscilla, Lilly, Aline<\/p>\n\n\n\n<figure class=\"wp-block-image size-large\"><img loading=\"lazy\" decoding=\"async\" width=\"1024\" height=\"765\" src=\"https:\/\/www.tsv-muenchingen.de\/fussball\/wp-content\/uploads\/sites\/8\/2022\/01\/img-20190519-wa0006-1-1024x765.jpg\" alt=\"\" class=\"wp-image-1901\" srcset=\"https:\/\/www.tsv-muenchingen.de\/fussball\/wp-content\/uploads\/sites\/8\/2022\/01\/img-20190519-wa0006-1-1024x765.jpg 1024w, https:\/\/www.tsv-muenchingen.de\/fussball\/wp-content\/uploads\/sites\/8\/2022\/01\/img-20190519-wa0006-1-300x224.jpg 300w, https:\/\/www.tsv-muenchingen.de\/fussball\/wp-content\/uploads\/sites\/8\/2022\/01\/img-20190519-wa0006-1-768x574.jpg 768w, https:\/\/www.tsv-muenchingen.de\/fussball\/wp-content\/uploads\/sites\/8\/2022\/01\/img-20190519-wa0006-1-1536x1148.jpg 1536w, https:\/\/www.tsv-muenchingen.de\/fussball\/wp-content\/uploads\/sites\/8\/2022\/01\/img-20190519-wa0006-1.jpg 1600w\" sizes=\"auto, (max-width: 1024px) 100vw, 1024px\" \/><figcaption>Unsere coolen E-Juniorinnen mit Trainer Fabio<\/figcaption><\/figure>\n\n\n\n<p><strong>E Juniorinnen Spieltag in B\u00f6blingen am 05.05.2019:<\/strong><\/p>\n\n\n\n<p>Am 2. Spieltag hatten unsere M\u00e4dels wieder viel Spa\u00df in B\u00f6blingen. Leider konnte auch diesmal kein Sieg eingefahren werden, obwohl man in dem einen oder anderen Spiel sehr nahe dran war. Aber die Ergebnisse sind zum Gl\u00fcck zweitrangig. Trotzallem hat man eine Steigerung zum letzten Spieltag erkennen k\u00f6nnen. Macht weiter so M\u00e4dels.<\/p>\n\n\n\n<p>Es spielten: Amine, Anika, Emily, Mieke, Leandra, Julia, Grace, Priscilla, Lilly, Aline, Lena<\/p>\n\n\n\n<p><\/p>\n\n\n\n<p><strong>E-Juniorinnen Spieltag in Schwieberdingen am 07.04.2019:<\/strong><\/p>\n\n\n\n<p>Beim 1. Spieltag der E Juniorinnen hatten&nbsp;unsere j\u00fcngsten M\u00e4dels trotz einiger deftigen Niederlagen viel Spa\u00df. Aufgrund der Anzahl der M\u00e4dels konnten wir mit zwei Mannschaften antreten. Hoch motoviert aber auch mit etwas Herzklopfen ging es in die ersten Spiele. Viele der M\u00e4dels trainieren erst seit ein paar Wochen, deswegen konnte man nat\u00fcrlich keine Wunder erwarten. Trotzdem erreichten die M\u00e4dels ein Unentschieden. Die Mehrzahl der Spiele gingen allerdings verloren, zum Teil mit recht deutlichen Niederlagen. Bei einigen Spielen waren unsere M\u00e4dels aber auf Augenh\u00f6he mit ihren Gegnerinnen. Mit etwas mehr Erfahrung w\u00e4re bei dem einen oder anderen Spiel mehr drin gewesen. Egal, die M\u00e4dels haben trotzdem viel dazugelernt und Freude am Spiel gehabt. Am n\u00e4chsten Spieltag k\u00f6nnen unsere M\u00e4dels wieder voll angreifen und versuchen den einen oder anderen Sieg zu erreichen.<\/p>\n\n\n\n<p>Es spielten: Amine, Fifi, Anika, Emily, Mieke, Leandra, Julia, Celina, Sophia, Grace, Priscilla, Lilly und Aline<\/p>\n\n\n\n<p><strong>E-Juniorinnen Turnier in Remseck-Pattonville am 15.07.2017:<\/strong><\/p>\n\n\n\n<p>Leider mussten wir etwas ersatzgeschw\u00e4cht beim Feldturnier beim FC Remseck-Patonville antreten. Dann kam auch noch Pech hinzu, da sich einer unserer Leistungstr\u00e4gerin ungl\u00fccklich verletzte und vorzeitig das Turnier verlassen musste. Im letzten Spiel mussten sie sogar nur noch zu viert antreten, da ein weiteres M\u00e4dchen den Ball ungl\u00fccklich ins Gesicht bekam. Trotzdem zeigten unsere M\u00e4dels eine sehr gute Leistung und wurden verdient f\u00fcnfter des Turniers. Alles in allem ein gelungenes letztes Turnier in der Saison 2016\/17. Die meisten unserer E Juniorinnen treten in der n\u00e4chsten Saison bei den D-Juniorinnen an. Viel Erfolg in der n\u00e4chsten Altersklasse.<\/p>\n\n\n\n<p>Es spielten: Aline N., Amelie S., Lena F., Jasmin F., Emily M., Angela M.S., Maria K.<\/p>\n\n\n\n<p><strong>E Juniorinnen Turnier in Heimerdingen am 25.06.2017:<\/strong><br><br>Leider lief es f\u00fcr unsere J\u00fcngsten nicht ganz so gut. In der Vorrunde gingen bis auf ein Spiel alle verloren. Nur ein Spiel konnte ausgeglichen gestaltet und ein gerechtes Unentschieden erreicht werden.<br>Im Spiel um Platz 9 konnten sich unsere M\u00e4dels mit einem klaren Sieg gegen die Gastgeberinnen aus Heimerdingen durchsetzen und wenigstens etwas Selbstvertrauen tanken.<br>Viel wichtiger als die Ergebnisse war aber, dass unseren j\u00fcngsten und noch etwas unerfahrenen M\u00e4dels viel Einsatzzeit bei dem Turnier erhalten haben.<\/p>\n\n\n\n<p>Beim n\u00e4chsten Turnier l\u00e4uft es mit Sicherheit wieder besser. Kopf hoch ;-).<\/p>\n\n\n\n<p><strong>Spieltage Saison 2016\/17:<\/strong><\/p>\n\n\n\n<p><strong>Ergebnisse E-Juniorinnen vom 8. Spieltag in Sternenfels am 27.05.17:<\/strong><\/p>\n\n\n\n<p>Am letzten Spieltag der Saison in Sternenfels spielten unsere M\u00e4dels das 1. Spiel unentschieden, das 2. gewannen sie und das 3. ging leider knapp verloren.<br>Bei 30 Grad im Schatten war es f\u00fcr alle M\u00e4dels sehr anstrengend. Viel Spa\u00df und Abk\u00fchlung brachten die Rasensprenger auf dem Nebenplatz ;-).<\/p>\n\n\n\n<p>FC Biegelkicker Erdmannhausen 2 &#8211; TSV: 1:1<\/p>\n\n\n\n<p>TSV Heimerdingen &#8211; TSV: 2:8<\/p>\n\n\n\n<p>TSV &#8211; SB Asperg 2: 1:2<\/p>\n\n\n\n<p>Torsch\u00fctzinnen: 5x Jasmin, 2x Angela, 2x Emily und 1x Amelie<\/p>\n\n\n\n<p>Es spielten: Mia L., Amelie S., Lena F., Jasmin F., Jule M., Emily M., Angela M.S.<\/p>\n\n\n\n<p><strong>Ergebnisse E-Juniorinnen vom 7. Spieltag in Bissingen am 14.05.17:<\/strong><\/p>\n\n\n\n<p>Gegen etwas schw\u00e4chere Gegner konnten wir alle 4 Spiele zum Teil deutlich gewinnen. Alle M\u00e4dels waren von Anfang an motiviert und konnten in allen Spielen wieder viel Erfahrung sammeln. Mit viel Spa\u00df und Freude war es ein gelungener E Juniorinnen Spieltag.<\/p>\n\n\n\n<p>FSV 08 Bissingen 2 &#8211; TSV: 0:3<\/p>\n\n\n\n<p>TSV &#8211; TSV M\u00fchlhausen\/Stuttgart 2: 1:0<\/p>\n\n\n\n<p>TSV Ludwigsburg &#8211; TSV: 0:3<\/p>\n\n\n\n<p>TSV &#8211; FC Biegelkicker Erdmannhausen 2: 1:0<\/p>\n\n\n\n<p>Torsch\u00fctzinnen: 6x Jasmin, Jule und Lina<\/p>\n\n\n\n<p>Es spielten: Maria K., Mia L., Aline N., Lena F., Jasmin F., Lina G., Nele M., Jule M.<\/p>\n\n\n\n<p><strong>Ergebnisse E-Juniorinnen vom 6. Spieltag in Asperg am 29.04.17:<\/strong><\/p>\n\n\n\n<p>Am 6. Spieltag in Asperg mussten unsere M\u00e4dels ersatzgeschw\u00e4cht und mit einigen neuen Spielerinnen antreten. Leider gingen alle 5 Spiele gegen starke Gegner verloren. Kopf hoch, bei den n\u00e4chsten Spieltagen l\u00e4uft es bestimmt wieder besser.<\/p>\n\n\n\n<p><strong>Ergebnisse E-Juniorinnen vom 5. Spieltag in Leonberg am 25.03.17:<\/strong><\/p>\n\n\n\n<p>Beim 5. Spieltag in Leonberg schlugen sich unsere M\u00e4dels tapfer gegen starker Gegner. Die ersten drei Spiele gingen leider knapp verloren. Die zwei letzten Spiele konnten unsere M\u00e4dels ausgeglichen gestalten und kamen in beiden Partien zu einem verdienten Unentschieden.&nbsp; Mit etwas mehr Gl\u00fcck im Abschlu\u00df w\u00e4re in den Partien gegen Remseck-Pattonville, Asperg und Leonberg mehr drin gewesen. Egal, den M\u00e4dels hat es Spa\u00df gemacht.&nbsp;<\/p>\n\n\n\n<p>TSV M\u00fchlhausen\/Stuttgart 1 &#8211; TSV: 2:0<\/p>\n\n\n\n<p>FC Biegelkicker Erdmannhausen 1 &#8211; TSV: 2:1<\/p>\n\n\n\n<p>TSV &#8211; FC Remseck &#8211; Pattonville 1: 0:1<\/p>\n\n\n\n<p>TSV &#8211; SB Asperg: 1:1<\/p>\n\n\n\n<p>TSV &#8211; TSG Leonberg 1: 1:1<\/p>\n\n\n\n<p>Torsch\u00fctzinnen: 2x Jasmin, 1x Angela<\/p>\n\n\n\n<p><strong>12.02.2017 Hallenturnier in Schwieberdingen:<\/strong><\/p>\n\n\n\n<p>Bei unserem 2. Hallenturnier lief es f\u00fcr unsere j\u00fcngsten M\u00e4dels nicht ganz so gut. Das erste Spiel gegen B\u00f6blingen war ausgeglichen und endete leistungsgerecht mit 0:0. Im 2. Spiel waren unsere M\u00e4dels die bessere Mannschaft und schlugen Remseck verdient mit 2:1. Die beiden Tore scho\u00df Angela. Das 3. Gruppenspiel gegen Schwieberdingen ging ungl\u00fccklich mit 0:1 verloren, obwohl unsere M\u00e4dels nicht schlechter waren. Leider nutzten sie ihre Chancen nicht konsequent genug. Im letzten Spiel war dann etwas die Luft bei unseren j\u00fcngsten raus und sie verloren gegen Asperg mit 0:6. Als Gruppenvierter war das Turnier f\u00fcr die M\u00e4dels an diesem Tag beendet. Letztendlich war es aber eine gute Erfahrung f\u00fcr alle und sie hatten trotzdem ihren Spa\u00df.<\/p>\n\n\n\n<p>Es spielten: Angela S., Jule M., Maria K., Lena F., Aline N., Emily M., Mia L., Luisa K.<\/p>\n\n\n\n<p><strong>17.12.2016 Hallenturnier in Erdmannhausen:<\/strong><\/p>\n\n\n\n<p>Bei unserem 1. Hallenturnier holten unsere j\u00fcngsten M\u00e4dels einen guten 6. Platz von 10 Mannschaften. Das Spiel um Platz 5 verloren sie nur knapp im 9 Meterschie\u00dfen. Mit etwas mehr Gl\u00fcck w\u00e4re eine noch bessere Platzierung m\u00f6glich gewesen. Nichtsdestotrotz waren unsere M\u00e4dels \u00fcbergl\u00fccklich \u00fcber Ihre Leistung.<\/p>\n\n\n\n<p><strong>Spieltage Saison 2016\/17:<\/strong><\/p>\n\n\n\n<p><strong>Ergebnisse E-Juniorinnen vom 16.10.16:<\/strong><\/p>\n\n\n\n<p>Am 4. Spieltag in B\u00f6blingen lief es leider nicht ganz so gut. Von 4 Spielen konnten unsere M\u00e4dels nur eines gewinnen, alle anderen gingen gegen starke Gegner verloren.<\/p>\n\n\n\n<p><strong>Ergebnisse E-Juniorinnen vom 09.10.16:<\/strong><\/p>\n\n\n\n<p>Am 3. Spieltag in Bissingen konnten unsere M\u00e4dels noch st\u00e4rker aufspielen. Von 4 Spielen konnten sie drei gewinnen (4:0, 5:0, 2:1) und nur eines endete unentschieden (1:1).<\/p>\n\n\n\n<p><strong>Ergebnisse E-Juniorinnen vom 02.10.16:<\/strong><\/p>\n\n\n\n<p>Den 2. Spieltag in Erdmannhausen konnten unsere j\u00fcngsten M\u00e4dels sehr erfolgreich gestalten. Von 5 Spielen konnten wir drei gewinnen (4:1, 5:1, 2:1), eines endete unentschieden (1:1) und eines ging leider verloren (3:5).<\/p>\n\n\n\n<p>Torsch\u00fctzinnen: 11x Jasmin, 2x Emily und Lina<\/p>\n\n\n\n<p><strong>Ergebnisse E-Juniorinnen vom 24.09.16:<\/strong><\/p>\n\n\n\n<p>Den 1. Spieltag in Sternenfels mussten wir leider absagen.<\/p>\n\n\n\n<p><strong>Spieltage Saison 2015\/16:<\/strong><\/p>\n\n\n\n<p><strong>5. E-Juniorinnen Spieltag am 05.06.16 in Erdmannhausen:<\/strong><\/p>\n\n\n\n<p>Der 5.Spieltag wurde leider nach unserem 1. Spiel aufgrund eines schweren Gewitters abgesagt. In dem einzigen Spiel von uns konnten wir aber gegen eines starken Gegner aus Schwieberdingen ein verdientes Unentschieden erk\u00e4mpfen. Auch unsere E Juniorinnen habe eine starke erste Saison gespielt. An Euch und Eure Eltern ein herzliches Dankesch\u00f6n vom gesamten Trainerteam. Weiter so!<\/p>\n\n\n\n<p><strong>4. E-Juniorinnen Spieltag am 08.05.16 in Asperg:<\/strong><\/p>\n\n\n\n<p>&nbsp;Am 4.Spieltag trafen wir auf sehr starke Gegner in unserer Gruppe. Die ersten zwei Spiele gingen deutlich verloren. Das letzte konnten wir dagegen offen gestalten und mit etwas Gl\u00fcck gewinnen. Die M\u00e4dels waren trotz des hei\u00dfen Wetters wieder sehr engagiert und haben eine tolle Leistung gezeigt. Weiter so M\u00e4dels!<\/p>\n\n\n\n<p><strong>3. E-Juniorinnen Spieltag am 30.04.16 in Schwieberdingen:<\/strong><\/p>\n\n\n\n<p>Beim 3.Spieltag konnten wir zum ersten Mal mit allen acht M\u00e4dels antreten. Von den 4 Spielen gewannen wir leider nur das erste Spiel. Die 2 folgenden verloren wir knapp gegen starke Gegner. Beim letzten kassierten wir quasi mit dem Schlusspfiff den Ausgleich. Alles in allem waren die M\u00e4dels wieder sehr motiviert und haben eine tolle Leistung gezeigt. Gro\u00dfes Lob an alle!<\/p>\n\n\n\n<p><strong>2. E-Juniorinnen Spieltag am 23.04.16 in Pattonville:<\/strong><\/p>\n\n\n\n<p>Beim 2.Spieltag bei zum Teil str\u00f6menden Regen hatten unsere M\u00e4dels nicht so viel Gl\u00fcck. Von den 6 Spielen konnten wir nur ein Spiel offen gestalten und ein Unentschieden holen. Die restlichen 5 gingen leider verloren.<\/p>\n\n\n\n<p><strong>1. E-Juniorinnen Spieltag am 16.04.16 in Leonberg:<\/strong><\/p>\n\n\n\n<p>TSG Leonberg &#8211; TSV: 1:0<\/p>\n\n\n\n<p>TSV Schwieberdingen 2 &#8211; TSV: 0:5<\/p>\n\n\n\n<p>SGM Sachsenheim &#8211; TSV: 1:1<\/p>\n\n\n\n<p>FC Biegelkicker Erdmannhausen 2 &#8211; TSV: 1:1<\/p>\n\n\n\n<p>TSV M\u00fchlhausen\/Stuttgart 2 &#8211; TSV: 1:1<\/p>\n\n\n\n<p>Beim 1.Spieltag haben sich unsere M\u00e4dels richtig angestrengt und viel Spa\u00df gehabt. Mit einem Sieg, 3 Unentschieden und nur einer knappen Niederlage haben wir uns richtig gut pr\u00e4sentiert.&nbsp;<\/p>\n\n\n\n<p>Torsch\u00fctzinnen: 5x Jasmin F., Lena F., Lea B. und Lina G.<\/p>\n","protected":false},"excerpt":{"rendered":"<p>Bericht vom Hallenturnier der E-Juniorinnen am 25.01.2020 in Stuttgart M\u00fchlhausen: Bei unserem 2. Hallenturnier beim TSV M\u00fchlhausen erreichten wir einen tollen 3. Platz. Mit einem Sieg starteten wir in das Turnier mussten uns dann leider zweimal geschlagen geben gegen den sp\u00e4teren 2. und 1. Platzierten. Im Spiel um Platz 3 haben unsere M\u00e4dels nochmal alles [&hellip;]<\/p>\n","protected":false},"author":40,"featured_media":0,"parent":134,"menu_order":0,"comment_status":"closed","ping_status":"closed","template":"","meta":{"ngg_post_thumbnail":0,"footnotes":""},"class_list":["post-1038","page","type-page","status-publish","hentry"],"publishpress_future_action":{"enabled":false,"date":"2026-04-24 07:23:48","action":"change-status","newStatus":"draft","terms":[],"taxonomy":"","extraData":[]},"publishpress_future_workflow_manual_trigger":{"enabledWorkflows":[]},"_links":{"self":[{"href":"https:\/\/www.tsv-muenchingen.de\/fussball\/wp-json\/wp\/v2\/pages\/1038","targetHints":{"allow":["GET"]}}],"collection":[{"href":"https:\/\/www.tsv-muenchingen.de\/fussball\/wp-json\/wp\/v2\/pages"}],"about":[{"href":"https:\/\/www.tsv-muenchingen.de\/fussball\/wp-json\/wp\/v2\/types\/page"}],"author":[{"embeddable":true,"href":"https:\/\/www.tsv-muenchingen.de\/fussball\/wp-json\/wp\/v2\/users\/40"}],"replies":[{"embeddable":true,"href":"https:\/\/www.tsv-muenchingen.de\/fussball\/wp-json\/wp\/v2\/comments?post=1038"}],"version-history":[{"count":4,"href":"https:\/\/www.tsv-muenchingen.de\/fussball\/wp-json\/wp\/v2\/pages\/1038\/revisions"}],"predecessor-version":[{"id":1907,"href":"https:\/\/www.tsv-muenchingen.de\/fussball\/wp-json\/wp\/v2\/pages\/1038\/revisions\/1907"}],"up":[{"embeddable":true,"href":"https:\/\/www.tsv-muenchingen.de\/fussball\/wp-json\/wp\/v2\/pages\/134"}],"wp:attachment":[{"href":"https:\/\/www.tsv-muenchingen.de\/fussball\/wp-json\/wp\/v2\/media?parent=1038"}],"curies":[{"name":"wp","href":"https:\/\/api.w.org\/{rel}","templated":true}]}}