{"id":1155,"date":"2021-08-05T12:30:41","date_gmt":"2021-08-05T10:30:41","guid":{"rendered":"https:\/\/www.tsv-muenchingen.de\/fussball\/?page_id=1155"},"modified":"2025-02-24T13:29:22","modified_gmt":"2025-02-24T12:29:22","slug":"fussball-beim-tsv","status":"publish","type":"page","link":"https:\/\/www.tsv-muenchingen.de\/fussball\/fussball-beim-tsv\/","title":{"rendered":"Fussball beim TSV"},"content":{"rendered":"\n<p>Unser Ziel ist es, Mitgliedern, Fans, G\u00f6nnern und allen Besuchern beim Zuschauen der \u201esch\u00f6nsten Nebenbesch\u00e4ftigung der Welt\u201c, gro\u00dfe Freude zu bereiten. Der&nbsp;Gang auf den Sportplatz soll beim TSV ein Highlight und eine gelungene Abwechslung zum beruflichen Alltag sein.<\/p>\n\n\n\n<p>Im Vordergrund stehen dabei&nbsp;die&nbsp;Identifikation mit unserem TSV, die Kameradschaft und die Integration aller Nationalit\u00e4ten. Die Vereinsfarben Blau und Wei\u00df, sollen jedem der mit unserem Verein in Ber\u00fchrung kommt, positiv in Erinnerung bleiben.<\/p>\n\n\n\n<p>Dabei ist es f\u00fcr uns ein gro\u00dfes Anliegen den Jugendbereich optimal zu f\u00f6rdern und \u00fcber Jahre hinweg den Nachwuchs&nbsp;in unsere aktiven Mannschaften einzugliedern.&nbsp;Wir wollen unseren Jugendlichen nach ihrer sportlichen Ausbildung und ihrer Jugendfu\u00dfballerzeit eine Plattform bieten.&nbsp;Egal in welcher aktiven Mannschaft das auch ist. Gleichzeitig ist es uns wichtig eine gute Atmosph\u00e4re und ein ausgepr\u00e4gtes Zusammengeh\u00f6rigkeitsgef\u00fchl zu schaffen und zu erhalten.<\/p>\n\n\n\n<p>Dabei sind sich die aktiven Mannschaften ihrer Vorbildfunktion bewusst und repr\u00e4sentieren unseren TSV M\u00fcnchingen in der \u00d6ffentlichkeit geb\u00fchrend.<\/p>\n\n\n\n<p>Wir w\u00fcnschen allen Mitgliedern, Fans und Besuchern viel Spa\u00df beim Erkunden unserer Internetpr\u00e4senz und hoffen Sie, bald m\u00f6glichst pers\u00f6nlich auf unserem&nbsp;Sportpl\u00e4tzen begr\u00fc\u00dfen zu d\u00fcrfen.<\/p>\n\n\n\n<p>Der TSV M\u00fcnchingen geh\u00f6rt im Fussball zu den etablierten Mannschaften&nbsp;im Altkreis Leonberg und Landkreis Ludwigsburg. Im aktiven Bereich spielen wir mit zwei Herren Teams, zwei Frauen Mannschaften, einem Senioren- und 16 Juniorinnen- und Juniorenteams. Das bedeutet eine&nbsp;Abteilung mit ca. 400 aktiven Spielerinnen und Spielern.<\/p>\n\n\n\n<p>Wir m\u00f6chten Sie herzlich willkommen hei\u00dfen.<\/p>\n\n\n\n<hr class=\"wp-block-separator has-css-opacity\" \/>\n\n\n\n<h1 class=\"wp-block-heading\">EIN VEREIN&#8230; EINE LEIDENSCHAFT&#8230; EIN ERSCHEINUNGSBILD<\/h1>\n\n\n\n<p><strong>M\u00fcnchingen pr\u00e4sentiert seine TRIKOTKOLLEKTION 2018<\/strong><\/p>\n\n\n\n<p>Seit Sommer 2024 stattet die <strong>Firma Jako \/ Vereinsexpresst<\/strong> die Fu\u00dfballabteilung des <strong>TSV M\u00fcnchingen<\/strong> aus.<br>Nach der Unterzeichnung eines Ausr\u00fcstervertrages mit dem Hollenbacher Sportartikelhersteller wurde die erste Saisonh\u00e4lfte dazu genutzt eine einheitliche <strong>TEAMKOLLEKTION<\/strong> zu installieren.<\/p>\n\n\n\n<p>Dar\u00fcber hinaus pr\u00e4sentiert die Fu\u00dfballabteilung ab sofort die neue mannschafts\u00fcbergreifene <strong>TRIKOTKOLLEKTION<\/strong> des &#8222;Strohg\u00e4u Express&#8220;.<\/p>\n\n\n\n<p>Wir freuen uns die Kooperation mit der <strong>Firma JAKO<\/strong>\u00a0fortsetzen zu k\u00f6nnen und freuen uns auf die Zusammearbeit mit unserem neuen Partner dem <strong>Vereinsexpress.<\/strong><\/p>\n\n\n\n<p><\/p>\n","protected":false},"excerpt":{"rendered":"<p>Unser Ziel ist es, Mitgliedern, Fans, G\u00f6nnern und allen Besuchern beim Zuschauen der \u201esch\u00f6nsten Nebenbesch\u00e4ftigung der Welt\u201c, gro\u00dfe Freude zu bereiten. Der&nbsp;Gang auf den Sportplatz soll beim TSV ein Highlight und eine gelungene Abwechslung zum beruflichen Alltag sein. Im Vordergrund stehen dabei&nbsp;die&nbsp;Identifikation mit unserem TSV, die Kameradschaft und die Integration aller Nationalit\u00e4ten. Die Vereinsfarben Blau [&hellip;]<\/p>\n","protected":false},"author":40,"featured_media":0,"parent":0,"menu_order":0,"comment_status":"closed","ping_status":"closed","template":"","meta":{"ngg_post_thumbnail":0,"footnotes":""},"class_list":["post-1155","page","type-page","status-publish","hentry"],"publishpress_future_action":{"enabled":false,"date":"2026-04-24 17:17:05","action":"change-status","newStatus":"draft","terms":[],"taxonomy":"","extraData":[]},"publishpress_future_workflow_manual_trigger":{"enabledWorkflows":[]},"_links":{"self":[{"href":"https:\/\/www.tsv-muenchingen.de\/fussball\/wp-json\/wp\/v2\/pages\/1155","targetHints":{"allow":["GET"]}}],"collection":[{"href":"https:\/\/www.tsv-muenchingen.de\/fussball\/wp-json\/wp\/v2\/pages"}],"about":[{"href":"https:\/\/www.tsv-muenchingen.de\/fussball\/wp-json\/wp\/v2\/types\/page"}],"author":[{"embeddable":true,"href":"https:\/\/www.tsv-muenchingen.de\/fussball\/wp-json\/wp\/v2\/users\/40"}],"replies":[{"embeddable":true,"href":"https:\/\/www.tsv-muenchingen.de\/fussball\/wp-json\/wp\/v2\/comments?post=1155"}],"version-history":[{"count":4,"href":"https:\/\/www.tsv-muenchingen.de\/fussball\/wp-json\/wp\/v2\/pages\/1155\/revisions"}],"predecessor-version":[{"id":5329,"href":"https:\/\/www.tsv-muenchingen.de\/fussball\/wp-json\/wp\/v2\/pages\/1155\/revisions\/5329"}],"wp:attachment":[{"href":"https:\/\/www.tsv-muenchingen.de\/fussball\/wp-json\/wp\/v2\/media?parent=1155"}],"curies":[{"name":"wp","href":"https:\/\/api.w.org\/{rel}","templated":true}]}}