{"id":20,"date":"2021-03-24T20:29:15","date_gmt":"2021-03-24T19:29:15","guid":{"rendered":"https:\/\/www.tsv-muenchingen.de\/fussball\/?page_id=20"},"modified":"2025-11-05T23:22:14","modified_gmt":"2025-11-05T22:22:14","slug":"sponsoring","status":"publish","type":"page","link":"https:\/\/www.tsv-muenchingen.de\/fussball\/sponsoring\/","title":{"rendered":"Sponsoring"},"content":{"rendered":"<div id=\"pl-gb20-69e50b3dd516c\"  class=\"panel-layout wp-block-siteorigin-panels-layout-block\" ><div id=\"pg-gb20-69e50b3dd516c-0\"  class=\"panel-grid panel-no-style\" ><div id=\"pgc-gb20-69e50b3dd516c-0-0\"  class=\"panel-grid-cell\" ><div id=\"panel-gb20-69e50b3dd516c-0-0-0\" class=\"so-panel widget widget_text panel-first-child panel-last-child\" data-index=\"0\" ><h3 class=\"widget-title\">Vielen Dank !<\/h3>\t\t\t<div class=\"textwidget\"><p>Wir bedanken uns bei unseren Sponsoren, f\u00fcr die gro\u00dfz\u00fcgige Unterst\u00fctzung.<\/p>\n<p>Wir sind davon \u00fcberzeugt, dass wir Sie f\u00fcr unser Netzwerk zur Unterst\u00fctzung des Fu\u00dfballs beim<\/p>\n<p>TSV M\u00fcnchingen 1925 e. V. und vom sozialen &amp; gesellschaftlichen Nutzen<\/p>\n<p>\u00fcberzeugen k\u00f6nnen. Um finanzielle Spiel- &amp; Gestaltungsr\u00e4ume zu erm\u00f6glichen,<\/p>\n<p>gehen wir ungewohnte Wege und haben stets ein offenes Ohr f\u00fcr unsere F\u00f6rderer.<\/p>\n<\/div>\n\t\t<\/div><\/div><\/div><div id=\"pg-gb20-69e50b3dd516c-1\"  class=\"panel-grid panel-no-style\" ><div id=\"pgc-gb20-69e50b3dd516c-1-0\"  class=\"panel-grid-cell\" ><div id=\"panel-gb20-69e50b3dd516c-1-0-0\" class=\"so-panel widget widget_media_image panel-first-child panel-last-child\" data-index=\"1\" ><a href=\"https:\/\/www.kugler-stuckateur.de\"><img loading=\"lazy\" decoding=\"async\" width=\"300\" height=\"111\" src=\"https:\/\/www.tsv-muenchingen.de\/fussball\/wp-content\/uploads\/sites\/8\/2023\/07\/Kugler_RZ_Gold_Reflex_RZ-300x111.jpg\" class=\"image wp-image-3467  attachment-medium size-medium\" alt=\"\" style=\"max-width: 100%; height: auto;\" srcset=\"https:\/\/www.tsv-muenchingen.de\/fussball\/wp-content\/uploads\/sites\/8\/2023\/07\/Kugler_RZ_Gold_Reflex_RZ-300x111.jpg 300w, https:\/\/www.tsv-muenchingen.de\/fussball\/wp-content\/uploads\/sites\/8\/2023\/07\/Kugler_RZ_Gold_Reflex_RZ-1024x379.jpg 1024w, https:\/\/www.tsv-muenchingen.de\/fussball\/wp-content\/uploads\/sites\/8\/2023\/07\/Kugler_RZ_Gold_Reflex_RZ-768x284.jpg 768w, https:\/\/www.tsv-muenchingen.de\/fussball\/wp-content\/uploads\/sites\/8\/2023\/07\/Kugler_RZ_Gold_Reflex_RZ.jpg 1053w\" sizes=\"auto, (max-width: 300px) 100vw, 300px\" \/><\/a><\/div><\/div><div id=\"pgc-gb20-69e50b3dd516c-1-1\"  class=\"panel-grid-cell\" ><div id=\"panel-gb20-69e50b3dd516c-1-1-0\" class=\"so-panel widget widget_media_image panel-first-child panel-last-child\" data-index=\"2\" ><a href=\"https:\/\/www.schwarz-automobile.de\"><img loading=\"lazy\" decoding=\"async\" width=\"300\" height=\"72\" src=\"https:\/\/www.tsv-muenchingen.de\/fussball\/wp-content\/uploads\/sites\/8\/2023\/07\/Schwarz-Mitsubishi-300x72.jpg\" class=\"image wp-image-3468  attachment-medium size-medium\" alt=\"\" style=\"max-width: 100%; height: auto;\" srcset=\"https:\/\/www.tsv-muenchingen.de\/fussball\/wp-content\/uploads\/sites\/8\/2023\/07\/Schwarz-Mitsubishi-300x72.jpg 300w, https:\/\/www.tsv-muenchingen.de\/fussball\/wp-content\/uploads\/sites\/8\/2023\/07\/Schwarz-Mitsubishi.jpg 654w\" sizes=\"auto, (max-width: 300px) 100vw, 300px\" \/><\/a><\/div><\/div><\/div><div id=\"pg-gb20-69e50b3dd516c-2\"  class=\"panel-grid panel-no-style\" ><div id=\"pgc-gb20-69e50b3dd516c-2-0\"  class=\"panel-grid-cell\" ><div id=\"panel-gb20-69e50b3dd516c-2-0-0\" class=\"so-panel widget widget_media_image panel-first-child panel-last-child\" data-index=\"3\" ><img loading=\"lazy\" decoding=\"async\" width=\"300\" height=\"85\" src=\"https:\/\/www.tsv-muenchingen.de\/fussball\/wp-content\/uploads\/sites\/8\/2023\/07\/Jako-Logo-03-300x85.png\" class=\"image wp-image-3470  attachment-medium size-medium\" alt=\"\" style=\"max-width: 100%; height: auto;\" srcset=\"https:\/\/www.tsv-muenchingen.de\/fussball\/wp-content\/uploads\/sites\/8\/2023\/07\/Jako-Logo-03-300x85.png 300w, https:\/\/www.tsv-muenchingen.de\/fussball\/wp-content\/uploads\/sites\/8\/2023\/07\/Jako-Logo-03.png 422w\" sizes=\"auto, (max-width: 300px) 100vw, 300px\" \/><\/div><\/div><div id=\"pgc-gb20-69e50b3dd516c-2-1\"  class=\"panel-grid-cell\" ><div id=\"panel-gb20-69e50b3dd516c-2-1-0\" class=\"so-panel widget widget_media_image panel-first-child panel-last-child\" data-index=\"4\" ><img loading=\"lazy\" decoding=\"async\" width=\"300\" height=\"122\" src=\"https:\/\/www.tsv-muenchingen.de\/fussball\/wp-content\/uploads\/sites\/8\/2023\/07\/Langos-Logo-300x122.png\" class=\"image wp-image-3471  attachment-medium size-medium\" alt=\"\" style=\"max-width: 100%; height: auto;\" srcset=\"https:\/\/www.tsv-muenchingen.de\/fussball\/wp-content\/uploads\/sites\/8\/2023\/07\/Langos-Logo-300x122.png 300w, https:\/\/www.tsv-muenchingen.de\/fussball\/wp-content\/uploads\/sites\/8\/2023\/07\/Langos-Logo.png 352w\" sizes=\"auto, (max-width: 300px) 100vw, 300px\" \/><\/div><\/div><\/div><div id=\"pg-gb20-69e50b3dd516c-3\"  class=\"panel-grid panel-no-style\" ><div id=\"pgc-gb20-69e50b3dd516c-3-0\"  class=\"panel-grid-cell\" ><div id=\"panel-gb20-69e50b3dd516c-3-0-0\" class=\"so-panel widget widget_media_image panel-first-child panel-last-child\" data-index=\"5\" ><a href=\"https:\/\/www.getraenke-heck.de\/startseite.ed7.de.html?utm_source=google&#038;utm_medium=organic\"><img loading=\"lazy\" decoding=\"async\" width=\"300\" height=\"113\" src=\"https:\/\/www.tsv-muenchingen.de\/fussball\/wp-content\/uploads\/sites\/8\/2023\/07\/Heck-Logo-300x113.png\" class=\"image wp-image-3450  attachment-medium size-medium\" alt=\"\" style=\"max-width: 100%; height: auto;\" srcset=\"https:\/\/www.tsv-muenchingen.de\/fussball\/wp-content\/uploads\/sites\/8\/2023\/07\/Heck-Logo-300x113.png 300w, https:\/\/www.tsv-muenchingen.de\/fussball\/wp-content\/uploads\/sites\/8\/2023\/07\/Heck-Logo-1024x385.png 1024w, https:\/\/www.tsv-muenchingen.de\/fussball\/wp-content\/uploads\/sites\/8\/2023\/07\/Heck-Logo-768x289.png 768w, https:\/\/www.tsv-muenchingen.de\/fussball\/wp-content\/uploads\/sites\/8\/2023\/07\/Heck-Logo-1536x577.png 1536w, https:\/\/www.tsv-muenchingen.de\/fussball\/wp-content\/uploads\/sites\/8\/2023\/07\/Heck-Logo.png 1559w\" sizes=\"auto, (max-width: 300px) 100vw, 300px\" \/><\/a><\/div><\/div><div id=\"pgc-gb20-69e50b3dd516c-3-1\"  class=\"panel-grid-cell\" ><div id=\"panel-gb20-69e50b3dd516c-3-1-0\" class=\"so-panel widget widget_media_image panel-first-child panel-last-child\" data-index=\"6\" ><a href=\"https:\/\/www.elektro-kiefler.de\"><img loading=\"lazy\" decoding=\"async\" width=\"300\" height=\"120\" src=\"https:\/\/www.tsv-muenchingen.de\/fussball\/wp-content\/uploads\/sites\/8\/2023\/07\/Kiefler-300x120.png\" class=\"image wp-image-3453  attachment-medium size-medium\" alt=\"\" style=\"max-width: 100%; height: auto;\" srcset=\"https:\/\/www.tsv-muenchingen.de\/fussball\/wp-content\/uploads\/sites\/8\/2023\/07\/Kiefler-300x120.png 300w, https:\/\/www.tsv-muenchingen.de\/fussball\/wp-content\/uploads\/sites\/8\/2023\/07\/Kiefler-474x191.png 474w, https:\/\/www.tsv-muenchingen.de\/fussball\/wp-content\/uploads\/sites\/8\/2023\/07\/Kiefler.png 478w\" sizes=\"auto, (max-width: 300px) 100vw, 300px\" \/><\/a><\/div><\/div><\/div><div id=\"pg-gb20-69e50b3dd516c-4\"  class=\"panel-grid panel-no-style\" ><div id=\"pgc-gb20-69e50b3dd516c-4-0\"  class=\"panel-grid-cell\" ><div id=\"panel-gb20-69e50b3dd516c-4-0-0\" class=\"so-panel widget widget_media_image panel-first-child panel-last-child\" data-index=\"7\" ><a href=\"https:\/\/www.nagel-technik-gmbh.de\"><img loading=\"lazy\" decoding=\"async\" width=\"300\" height=\"150\" src=\"https:\/\/www.tsv-muenchingen.de\/fussball\/wp-content\/uploads\/sites\/8\/2023\/07\/Nagel-Logo-300x150.jpg\" class=\"image wp-image-3457  attachment-medium size-medium\" alt=\"\" style=\"max-width: 100%; height: auto;\" srcset=\"https:\/\/www.tsv-muenchingen.de\/fussball\/wp-content\/uploads\/sites\/8\/2023\/07\/Nagel-Logo-300x150.jpg 300w, https:\/\/www.tsv-muenchingen.de\/fussball\/wp-content\/uploads\/sites\/8\/2023\/07\/Nagel-Logo.jpg 318w\" sizes=\"auto, (max-width: 300px) 100vw, 300px\" \/><\/a><\/div><\/div><div id=\"pgc-gb20-69e50b3dd516c-4-1\"  class=\"panel-grid-cell\" ><div id=\"panel-gb20-69e50b3dd516c-4-1-0\" class=\"so-panel widget widget_media_image panel-first-child panel-last-child\" data-index=\"8\" ><a href=\"https:\/\/www.ecenter-matkovic.de\/unsere-maerkte\/korntal-muenchingen\/\"><img loading=\"lazy\" decoding=\"async\" width=\"300\" height=\"74\" src=\"https:\/\/www.tsv-muenchingen.de\/fussball\/wp-content\/uploads\/sites\/8\/2023\/07\/Matkovic-Logo-300x74.jpg\" class=\"image wp-image-3464  attachment-medium size-medium\" alt=\"\" style=\"max-width: 100%; height: auto;\" srcset=\"https:\/\/www.tsv-muenchingen.de\/fussball\/wp-content\/uploads\/sites\/8\/2023\/07\/Matkovic-Logo-300x74.jpg 300w, https:\/\/www.tsv-muenchingen.de\/fussball\/wp-content\/uploads\/sites\/8\/2023\/07\/Matkovic-Logo.jpg 768w\" sizes=\"auto, (max-width: 300px) 100vw, 300px\" \/><\/a><\/div><\/div><\/div><div id=\"pg-gb20-69e50b3dd516c-5\"  class=\"panel-grid panel-no-style\" ><div id=\"pgc-gb20-69e50b3dd516c-5-0\"  class=\"panel-grid-cell\" ><div id=\"panel-gb20-69e50b3dd516c-5-0-0\" class=\"so-panel widget widget_media_image panel-first-child panel-last-child\" data-index=\"9\" ><img loading=\"lazy\" decoding=\"async\" width=\"279\" height=\"137\" src=\"https:\/\/www.tsv-muenchingen.de\/fussball\/wp-content\/uploads\/sites\/8\/2023\/07\/Sege-Logo.jpg\" class=\"image wp-image-3460  attachment-full size-full\" alt=\"\" style=\"max-width: 100%; height: auto;\" \/><\/div><\/div><div id=\"pgc-gb20-69e50b3dd516c-5-1\"  class=\"panel-grid-cell\" ><div id=\"panel-gb20-69e50b3dd516c-5-1-0\" class=\"so-panel widget widget_media_image panel-first-child panel-last-child\" data-index=\"10\" ><a href=\"https:\/\/innenausbau-staerz.de\"><img loading=\"lazy\" decoding=\"async\" width=\"300\" height=\"212\" src=\"https:\/\/www.tsv-muenchingen.de\/fussball\/wp-content\/uploads\/sites\/8\/2023\/07\/staerz-Logo-300x212.jpg\" class=\"image wp-image-3461  attachment-medium size-medium\" alt=\"\" style=\"max-width: 100%; height: auto;\" srcset=\"https:\/\/www.tsv-muenchingen.de\/fussball\/wp-content\/uploads\/sites\/8\/2023\/07\/staerz-Logo-300x212.jpg 300w, https:\/\/www.tsv-muenchingen.de\/fussball\/wp-content\/uploads\/sites\/8\/2023\/07\/staerz-Logo.jpg 768w\" sizes=\"auto, (max-width: 300px) 100vw, 300px\" \/><\/a><\/div><\/div><\/div><div id=\"pg-gb20-69e50b3dd516c-6\"  class=\"panel-grid panel-no-style\" ><div id=\"pgc-gb20-69e50b3dd516c-6-0\"  class=\"panel-grid-cell\" ><div id=\"panel-gb20-69e50b3dd516c-6-0-0\" class=\"so-panel widget widget_media_image panel-first-child panel-last-child\" data-index=\"11\" ><img loading=\"lazy\" decoding=\"async\" width=\"300\" height=\"74\" src=\"https:\/\/www.tsv-muenchingen.de\/fussball\/wp-content\/uploads\/sites\/8\/2023\/07\/Optik-Anton-Logo-300x74.jpg\" class=\"image wp-image-3463  attachment-medium size-medium\" alt=\"\" style=\"max-width: 100%; height: auto;\" srcset=\"https:\/\/www.tsv-muenchingen.de\/fussball\/wp-content\/uploads\/sites\/8\/2023\/07\/Optik-Anton-Logo-300x74.jpg 300w, https:\/\/www.tsv-muenchingen.de\/fussball\/wp-content\/uploads\/sites\/8\/2023\/07\/Optik-Anton-Logo.jpg 768w\" sizes=\"auto, (max-width: 300px) 100vw, 300px\" \/><\/div><\/div><div id=\"pgc-gb20-69e50b3dd516c-6-1\"  class=\"panel-grid-cell\" ><div id=\"panel-gb20-69e50b3dd516c-6-1-0\" class=\"so-panel widget widget_media_image panel-first-child panel-last-child\" data-index=\"12\" ><img loading=\"lazy\" decoding=\"async\" width=\"300\" height=\"150\" src=\"https:\/\/www.tsv-muenchingen.de\/fussball\/wp-content\/uploads\/sites\/8\/2023\/07\/Kraemer-Logo-300x150.png\" class=\"image wp-image-3458  attachment-medium size-medium\" alt=\"\" style=\"max-width: 100%; height: auto;\" srcset=\"https:\/\/www.tsv-muenchingen.de\/fussball\/wp-content\/uploads\/sites\/8\/2023\/07\/Kraemer-Logo-300x150.png 300w, https:\/\/www.tsv-muenchingen.de\/fussball\/wp-content\/uploads\/sites\/8\/2023\/07\/Kraemer-Logo.png 318w\" sizes=\"auto, (max-width: 300px) 100vw, 300px\" \/><\/div><\/div><\/div><div id=\"pg-gb20-69e50b3dd516c-7\"  class=\"panel-grid panel-no-style\" ><div id=\"pgc-gb20-69e50b3dd516c-7-0\"  class=\"panel-grid-cell\" ><div id=\"panel-gb20-69e50b3dd516c-7-0-0\" class=\"so-panel widget widget_media_image panel-first-child panel-last-child\" data-index=\"13\" ><a href=\"http:\/\/www.za-arnold.de\"><img loading=\"lazy\" decoding=\"async\" width=\"300\" height=\"95\" src=\"https:\/\/www.tsv-muenchingen.de\/fussball\/wp-content\/uploads\/sites\/8\/2023\/07\/Dr.-Arnold-Logo-300x95.png\" class=\"image wp-image-3474  attachment-medium size-medium\" alt=\"\" style=\"max-width: 100%; height: auto;\" srcset=\"https:\/\/www.tsv-muenchingen.de\/fussball\/wp-content\/uploads\/sites\/8\/2023\/07\/Dr.-Arnold-Logo-300x95.png 300w, https:\/\/www.tsv-muenchingen.de\/fussball\/wp-content\/uploads\/sites\/8\/2023\/07\/Dr.-Arnold-Logo.png 576w\" sizes=\"auto, (max-width: 300px) 100vw, 300px\" \/><\/a><\/div><\/div><div id=\"pgc-gb20-69e50b3dd516c-7-1\"  class=\"panel-grid-cell\" ><div id=\"panel-gb20-69e50b3dd516c-7-1-0\" class=\"so-panel widget widget_media_image panel-first-child panel-last-child\" data-index=\"14\" ><a href=\"https:\/\/aamalerbetrieb.de\"><img loading=\"lazy\" decoding=\"async\" width=\"300\" height=\"117\" src=\"https:\/\/www.tsv-muenchingen.de\/fussball\/wp-content\/uploads\/sites\/8\/2023\/11\/A.A-GmbH-01-300x117.png\" class=\"image wp-image-4255  attachment-medium size-medium\" alt=\"\" style=\"max-width: 100%; height: auto;\" srcset=\"https:\/\/www.tsv-muenchingen.de\/fussball\/wp-content\/uploads\/sites\/8\/2023\/11\/A.A-GmbH-01-300x117.png 300w, https:\/\/www.tsv-muenchingen.de\/fussball\/wp-content\/uploads\/sites\/8\/2023\/11\/A.A-GmbH-01.png 566w\" sizes=\"auto, (max-width: 300px) 100vw, 300px\" \/><\/a><\/div><\/div><\/div><div id=\"pg-gb20-69e50b3dd516c-8\"  class=\"panel-grid panel-no-style\" ><div id=\"pgc-gb20-69e50b3dd516c-8-0\"  class=\"panel-grid-cell\" ><div id=\"panel-gb20-69e50b3dd516c-8-0-0\" class=\"so-panel widget widget_media_image panel-first-child panel-last-child\" data-index=\"15\" ><a href=\"https:\/\/www.strohgaeu-apotheke.de\"><img loading=\"lazy\" decoding=\"async\" width=\"300\" height=\"213\" src=\"https:\/\/www.tsv-muenchingen.de\/fussball\/wp-content\/uploads\/sites\/8\/2023\/07\/Strohgaeu-Apotheke-Logo-300x213.jpg\" class=\"image wp-image-3476  attachment-medium size-medium\" alt=\"\" style=\"max-width: 100%; height: auto;\" srcset=\"https:\/\/www.tsv-muenchingen.de\/fussball\/wp-content\/uploads\/sites\/8\/2023\/07\/Strohgaeu-Apotheke-Logo-300x213.jpg 300w, https:\/\/www.tsv-muenchingen.de\/fussball\/wp-content\/uploads\/sites\/8\/2023\/07\/Strohgaeu-Apotheke-Logo.jpg 768w\" sizes=\"auto, (max-width: 300px) 100vw, 300px\" \/><\/a><\/div><\/div><div id=\"pgc-gb20-69e50b3dd516c-8-1\"  class=\"panel-grid-cell\" ><div id=\"panel-gb20-69e50b3dd516c-8-1-0\" class=\"so-panel widget widget_media_image panel-first-child panel-last-child\" data-index=\"16\" ><a href=\"https:\/\/www.dvag.de\/marco.santelli\/index.html\"><img loading=\"lazy\" decoding=\"async\" width=\"300\" height=\"212\" src=\"https:\/\/www.tsv-muenchingen.de\/fussball\/wp-content\/uploads\/sites\/8\/2023\/07\/Santelli-DVAG-Logo-300x212.jpg\" class=\"image wp-image-3480  attachment-medium size-medium\" alt=\"\" style=\"max-width: 100%; height: auto;\" srcset=\"https:\/\/www.tsv-muenchingen.de\/fussball\/wp-content\/uploads\/sites\/8\/2023\/07\/Santelli-DVAG-Logo-300x212.jpg 300w, https:\/\/www.tsv-muenchingen.de\/fussball\/wp-content\/uploads\/sites\/8\/2023\/07\/Santelli-DVAG-Logo.jpg 768w\" sizes=\"auto, (max-width: 300px) 100vw, 300px\" \/><\/a><\/div><\/div><\/div><div id=\"pg-gb20-69e50b3dd516c-9\"  class=\"panel-grid panel-no-style\" ><div id=\"pgc-gb20-69e50b3dd516c-9-0\"  class=\"panel-grid-cell\" ><div id=\"panel-gb20-69e50b3dd516c-9-0-0\" class=\"so-panel widget widget_media_image panel-first-child panel-last-child\" data-index=\"17\" ><img loading=\"lazy\" decoding=\"async\" width=\"300\" height=\"73\" src=\"https:\/\/www.tsv-muenchingen.de\/fussball\/wp-content\/uploads\/sites\/8\/2023\/07\/Schaaf-Logo-e1689610016254-300x73.jpg\" class=\"image wp-image-3487  attachment-medium size-medium\" alt=\"\" style=\"max-width: 100%; height: auto;\" srcset=\"https:\/\/www.tsv-muenchingen.de\/fussball\/wp-content\/uploads\/sites\/8\/2023\/07\/Schaaf-Logo-e1689610016254-300x73.jpg 300w, https:\/\/www.tsv-muenchingen.de\/fussball\/wp-content\/uploads\/sites\/8\/2023\/07\/Schaaf-Logo-e1689610016254.jpg 343w\" sizes=\"auto, (max-width: 300px) 100vw, 300px\" \/><\/div><\/div><div id=\"pgc-gb20-69e50b3dd516c-9-1\"  class=\"panel-grid-cell\" ><div id=\"panel-gb20-69e50b3dd516c-9-1-0\" class=\"so-panel widget widget_media_image panel-first-child panel-last-child\" data-index=\"18\" ><a href=\"https:\/\/hapa-stuttgart.de\"><img loading=\"lazy\" decoding=\"async\" width=\"300\" height=\"85\" src=\"https:\/\/www.tsv-muenchingen.de\/fussball\/wp-content\/uploads\/sites\/8\/2023\/07\/Hapa-Logo-300x85.jpg\" class=\"image wp-image-3484  attachment-medium size-medium\" alt=\"\" style=\"max-width: 100%; height: auto;\" srcset=\"https:\/\/www.tsv-muenchingen.de\/fussball\/wp-content\/uploads\/sites\/8\/2023\/07\/Hapa-Logo-300x85.jpg 300w, https:\/\/www.tsv-muenchingen.de\/fussball\/wp-content\/uploads\/sites\/8\/2023\/07\/Hapa-Logo.jpg 768w\" sizes=\"auto, (max-width: 300px) 100vw, 300px\" \/><\/a><\/div><\/div><\/div><div id=\"pg-gb20-69e50b3dd516c-10\"  class=\"panel-grid panel-no-style\" ><div id=\"pgc-gb20-69e50b3dd516c-10-0\"  class=\"panel-grid-cell\" ><div id=\"panel-gb20-69e50b3dd516c-10-0-0\" class=\"so-panel widget widget_media_image panel-first-child panel-last-child\" data-index=\"19\" ><img loading=\"lazy\" decoding=\"async\" width=\"300\" height=\"206\" src=\"https:\/\/www.tsv-muenchingen.de\/fussball\/wp-content\/uploads\/sites\/8\/2023\/07\/ECH-300x206.png\" class=\"image wp-image-3483  attachment-medium size-medium\" alt=\"\" style=\"max-width: 100%; height: auto;\" srcset=\"https:\/\/www.tsv-muenchingen.de\/fussball\/wp-content\/uploads\/sites\/8\/2023\/07\/ECH-300x206.png 300w, https:\/\/www.tsv-muenchingen.de\/fussball\/wp-content\/uploads\/sites\/8\/2023\/07\/ECH.png 360w\" sizes=\"auto, (max-width: 300px) 100vw, 300px\" \/><\/div><\/div><div id=\"pgc-gb20-69e50b3dd516c-10-1\"  class=\"panel-grid-cell\" ><div id=\"panel-gb20-69e50b3dd516c-10-1-0\" class=\"so-panel widget widget_media_image panel-first-child panel-last-child\" data-index=\"20\" ><a href=\"https:\/\/www.praxiskoerperbewusstsein.de\"><img loading=\"lazy\" decoding=\"async\" width=\"300\" height=\"171\" src=\"https:\/\/www.tsv-muenchingen.de\/fussball\/wp-content\/uploads\/sites\/8\/2023\/07\/Koerperbewusstsein-Logo-300x171.jpg\" class=\"image wp-image-3488  attachment-medium size-medium\" alt=\"\" style=\"max-width: 100%; height: auto;\" srcset=\"https:\/\/www.tsv-muenchingen.de\/fussball\/wp-content\/uploads\/sites\/8\/2023\/07\/Koerperbewusstsein-Logo-300x171.jpg 300w, https:\/\/www.tsv-muenchingen.de\/fussball\/wp-content\/uploads\/sites\/8\/2023\/07\/Koerperbewusstsein-Logo.jpg 768w\" sizes=\"auto, (max-width: 300px) 100vw, 300px\" \/><\/a><\/div><\/div><\/div><div id=\"pg-gb20-69e50b3dd516c-11\"  class=\"panel-grid panel-no-style\" ><div id=\"pgc-gb20-69e50b3dd516c-11-0\"  class=\"panel-grid-cell panel-grid-cell-mobile-last\" ><div id=\"panel-gb20-69e50b3dd516c-11-0-0\" class=\"so-panel widget widget_media_image panel-first-child panel-last-child\" data-index=\"21\" ><a href=\"https:\/\/vertretung.allianz.de\/heiko.wieland\/\"><img loading=\"lazy\" decoding=\"async\" width=\"300\" height=\"196\" src=\"https:\/\/www.tsv-muenchingen.de\/fussball\/wp-content\/uploads\/sites\/8\/2023\/07\/Wieland-Logo-300x196.jpg\" class=\"image wp-image-3495  attachment-medium size-medium\" alt=\"\" style=\"max-width: 100%; height: auto;\" srcset=\"https:\/\/www.tsv-muenchingen.de\/fussball\/wp-content\/uploads\/sites\/8\/2023\/07\/Wieland-Logo-300x196.jpg 300w, https:\/\/www.tsv-muenchingen.de\/fussball\/wp-content\/uploads\/sites\/8\/2023\/07\/Wieland-Logo.jpg 768w\" sizes=\"auto, (max-width: 300px) 100vw, 300px\" \/><\/a><\/div><\/div><div id=\"pgc-gb20-69e50b3dd516c-11-1\"  class=\"panel-grid-cell panel-grid-cell-empty\" ><\/div><\/div><div id=\"pg-gb20-69e50b3dd516c-12\"  class=\"panel-grid panel-no-style\" ><div id=\"pgc-gb20-69e50b3dd516c-12-0\"  class=\"panel-grid-cell\" ><div id=\"panel-gb20-69e50b3dd516c-12-0-0\" class=\"so-panel widget widget_text panel-first-child\" data-index=\"22\" >\t\t\t<div class=\"textwidget\"><p><strong>Sie habe Interesse am Sponsoring beim TSV ?\u00a0 Mail: <\/strong><strong><a href=\"m&#97;&#x69;&#x6c;t&#111;&#58;&#x46;&#x42;-&#72;&#x65;&#x72;r&#101;&#110;&#x40;&#x74;s&#118;&#x2d;&#x6d;u&#101;&#110;&#x63;&#x68;i&#110;&#x67;&#x65;n&#46;&#100;&#x65;\">F&#66;&#45;&#x48;&#x65;&#x72;&#x72;e&#110;&#64;&#116;&#x73;&#x76;&#x2d;mu&#101;&#110;&#x63;&#x68;&#x69;ng&#101;&#110;&#x2e;&#x64;&#x65;<\/a><\/strong><\/p>\n<p>&nbsp;<\/p>\n<\/div>\n\t\t<\/div><div id=\"panel-gb20-69e50b3dd516c-12-0-1\" class=\"so-panel widget widget_media_image\" data-index=\"23\" ><img loading=\"lazy\" decoding=\"async\" width=\"1081\" height=\"467\" src=\"https:\/\/www.tsv-muenchingen.de\/fussball\/wp-content\/uploads\/sites\/8\/2023\/07\/Foerderung.png\" class=\"image wp-image-3499  attachment-full size-full\" alt=\"\" style=\"max-width: 100%; height: auto;\" srcset=\"https:\/\/www.tsv-muenchingen.de\/fussball\/wp-content\/uploads\/sites\/8\/2023\/07\/Foerderung.png 1081w, https:\/\/www.tsv-muenchingen.de\/fussball\/wp-content\/uploads\/sites\/8\/2023\/07\/Foerderung-300x130.png 300w, https:\/\/www.tsv-muenchingen.de\/fussball\/wp-content\/uploads\/sites\/8\/2023\/07\/Foerderung-1024x442.png 1024w, https:\/\/www.tsv-muenchingen.de\/fussball\/wp-content\/uploads\/sites\/8\/2023\/07\/Foerderung-768x332.png 768w\" sizes=\"auto, (max-width: 1081px) 100vw, 1081px\" \/><\/div><div id=\"panel-gb20-69e50b3dd516c-12-0-2\" class=\"so-panel widget widget_media_image panel-last-child\" data-index=\"24\" ><img loading=\"lazy\" decoding=\"async\" width=\"1116\" height=\"546\" src=\"https:\/\/www.tsv-muenchingen.de\/fussball\/wp-content\/uploads\/sites\/8\/2023\/07\/Foerderung-01.png\" class=\"image wp-image-3503  attachment-full size-full\" alt=\"\" style=\"max-width: 100%; height: auto;\" srcset=\"https:\/\/www.tsv-muenchingen.de\/fussball\/wp-content\/uploads\/sites\/8\/2023\/07\/Foerderung-01.png 1116w, https:\/\/www.tsv-muenchingen.de\/fussball\/wp-content\/uploads\/sites\/8\/2023\/07\/Foerderung-01-300x147.png 300w, https:\/\/www.tsv-muenchingen.de\/fussball\/wp-content\/uploads\/sites\/8\/2023\/07\/Foerderung-01-1024x501.png 1024w, https:\/\/www.tsv-muenchingen.de\/fussball\/wp-content\/uploads\/sites\/8\/2023\/07\/Foerderung-01-768x376.png 768w\" sizes=\"auto, (max-width: 1116px) 100vw, 1116px\" \/><\/div><\/div><\/div><\/div>\n\n\n<p><\/p>\n","protected":false},"excerpt":{"rendered":"<p>Wir bedanken uns bei unseren Sponsoren, f\u00fcr die gro\u00dfz\u00fcgige Unterst\u00fctzung. Wir sind davon \u00fcberzeugt, dass wir Sie f\u00fcr unser Netzwerk zur Unterst\u00fctzung des Fu\u00dfballs beim TSV M\u00fcnchingen 1925 e. V. und vom sozialen &amp; gesellschaftlichen Nutzen \u00fcberzeugen k\u00f6nnen. Um finanzielle Spiel- &amp; Gestaltungsr\u00e4ume zu erm\u00f6glichen, gehen wir ungewohnte Wege und haben stets ein offenes Ohr [&hellip;]<\/p>\n","protected":false},"author":1,"featured_media":0,"parent":0,"menu_order":0,"comment_status":"closed","ping_status":"closed","template":"","meta":{"ngg_post_thumbnail":0,"footnotes":""},"class_list":["post-20","page","type-page","status-publish","hentry"],"publishpress_future_action":{"enabled":false,"date":"2026-04-26 19:05:01","action":"change-status","newStatus":"draft","terms":[],"taxonomy":"","extraData":[]},"publishpress_future_workflow_manual_trigger":{"enabledWorkflows":[]},"_links":{"self":[{"href":"https:\/\/www.tsv-muenchingen.de\/fussball\/wp-json\/wp\/v2\/pages\/20","targetHints":{"allow":["GET"]}}],"collection":[{"href":"https:\/\/www.tsv-muenchingen.de\/fussball\/wp-json\/wp\/v2\/pages"}],"about":[{"href":"https:\/\/www.tsv-muenchingen.de\/fussball\/wp-json\/wp\/v2\/types\/page"}],"author":[{"embeddable":true,"href":"https:\/\/www.tsv-muenchingen.de\/fussball\/wp-json\/wp\/v2\/users\/1"}],"replies":[{"embeddable":true,"href":"https:\/\/www.tsv-muenchingen.de\/fussball\/wp-json\/wp\/v2\/comments?post=20"}],"version-history":[{"count":49,"href":"https:\/\/www.tsv-muenchingen.de\/fussball\/wp-json\/wp\/v2\/pages\/20\/revisions"}],"predecessor-version":[{"id":6062,"href":"https:\/\/www.tsv-muenchingen.de\/fussball\/wp-json\/wp\/v2\/pages\/20\/revisions\/6062"}],"wp:attachment":[{"href":"https:\/\/www.tsv-muenchingen.de\/fussball\/wp-json\/wp\/v2\/media?parent=20"}],"curies":[{"name":"wp","href":"https:\/\/api.w.org\/{rel}","templated":true}]}}