{"id":2359,"date":"2022-01-22T13:53:06","date_gmt":"2022-01-22T12:53:06","guid":{"rendered":"https:\/\/www.tsv-muenchingen.de\/fussball\/?page_id=2359"},"modified":"2022-01-22T13:54:46","modified_gmt":"2022-01-22T12:54:46","slug":"weihnachtsgruss-am-24-12-20","status":"publish","type":"page","link":"https:\/\/www.tsv-muenchingen.de\/fussball\/mannschaften\/juniorinnen\/b-juniorinnen-i\/bilder-b-juniorinnen\/weihnachtsgruss-am-24-12-20\/","title":{"rendered":"Weihnachtsgru\u00df am 24.12.20"},"content":{"rendered":"\n<p> <strong>Die B Juniorinnen w\u00fcnschen trotz der schwierigen Zeit allen Eltern, Fans, G\u00f6nnern, Mitgliedern und Sponsoren ein frohes Weihnachtsfest und einen guten Rutsch ins neue Jahr! Bleibt gesund!<\/strong> <\/p>\n\n\n\n<p>W<strong>ir hoffen auf Besserung der aktuellen Situation und auf eine baldige Wiederaufnahme des Training- und Spielbetriebs.<\/strong><img decoding=\"async\" src=\"https:\/\/www.tsv-muenchingen-fussball.de\/files\/mb_20_21.jpg\" alt=\"\"> <\/p>\n\n\n\n<p><strong>Die Mannschaft bedankt sich ganz herzlich bei unserem Sponsor Timo St\u00e4rz f\u00fcr die gro\u00dfz\u00fcgige Unterst\u00fctzung auch in der Saison 20\/21!<\/strong><img decoding=\"async\" src=\"https:\/\/www.tsv-muenchingen-fussball.de\/files\/dscn1589.jpg\" alt=\"\"><img decoding=\"async\" src=\"https:\/\/www.tsv-muenchingen-fussball.de\/files\/dscn1594.jpg\" alt=\"\"><img decoding=\"async\" src=\"https:\/\/www.tsv-muenchingen-fussball.de\/files\/dscn1597.jpg\" alt=\"\"> <\/p>\n\n\n\n<figure class=\"wp-block-image size-large\"><img loading=\"lazy\" decoding=\"async\" width=\"724\" height=\"1024\" src=\"https:\/\/www.tsv-muenchingen.de\/fussball\/wp-content\/uploads\/sites\/8\/2022\/01\/mb_20_21-724x1024.jpg\" alt=\"\" class=\"wp-image-1767\" srcset=\"https:\/\/www.tsv-muenchingen.de\/fussball\/wp-content\/uploads\/sites\/8\/2022\/01\/mb_20_21-724x1024.jpg 724w, https:\/\/www.tsv-muenchingen.de\/fussball\/wp-content\/uploads\/sites\/8\/2022\/01\/mb_20_21-212x300.jpg 212w, https:\/\/www.tsv-muenchingen.de\/fussball\/wp-content\/uploads\/sites\/8\/2022\/01\/mb_20_21-768x1087.jpg 768w, https:\/\/www.tsv-muenchingen.de\/fussball\/wp-content\/uploads\/sites\/8\/2022\/01\/mb_20_21.jpg 819w\" sizes=\"auto, (max-width: 724px) 100vw, 724px\" \/><\/figure>\n","protected":false},"excerpt":{"rendered":"<p>Die B Juniorinnen w\u00fcnschen trotz der schwierigen Zeit allen Eltern, Fans, G\u00f6nnern, Mitgliedern und Sponsoren ein frohes Weihnachtsfest und einen guten Rutsch ins neue Jahr! Bleibt gesund! Wir hoffen auf Besserung der aktuellen Situation und auf eine baldige Wiederaufnahme des Training- und Spielbetriebs. Die Mannschaft bedankt sich ganz herzlich bei unserem Sponsor Timo St\u00e4rz f\u00fcr [&hellip;]<\/p>\n","protected":false},"author":40,"featured_media":0,"parent":1242,"menu_order":0,"comment_status":"closed","ping_status":"closed","template":"","meta":{"ngg_post_thumbnail":0,"footnotes":""},"class_list":["post-2359","page","type-page","status-publish","hentry"],"publishpress_future_action":{"enabled":false,"date":"2026-04-26 17:35:04","action":"change-status","newStatus":"draft","terms":[],"taxonomy":"","extraData":[]},"publishpress_future_workflow_manual_trigger":{"enabledWorkflows":[]},"_links":{"self":[{"href":"https:\/\/www.tsv-muenchingen.de\/fussball\/wp-json\/wp\/v2\/pages\/2359","targetHints":{"allow":["GET"]}}],"collection":[{"href":"https:\/\/www.tsv-muenchingen.de\/fussball\/wp-json\/wp\/v2\/pages"}],"about":[{"href":"https:\/\/www.tsv-muenchingen.de\/fussball\/wp-json\/wp\/v2\/types\/page"}],"author":[{"embeddable":true,"href":"https:\/\/www.tsv-muenchingen.de\/fussball\/wp-json\/wp\/v2\/users\/40"}],"replies":[{"embeddable":true,"href":"https:\/\/www.tsv-muenchingen.de\/fussball\/wp-json\/wp\/v2\/comments?post=2359"}],"version-history":[{"count":1,"href":"https:\/\/www.tsv-muenchingen.de\/fussball\/wp-json\/wp\/v2\/pages\/2359\/revisions"}],"predecessor-version":[{"id":2361,"href":"https:\/\/www.tsv-muenchingen.de\/fussball\/wp-json\/wp\/v2\/pages\/2359\/revisions\/2361"}],"up":[{"embeddable":true,"href":"https:\/\/www.tsv-muenchingen.de\/fussball\/wp-json\/wp\/v2\/pages\/1242"}],"wp:attachment":[{"href":"https:\/\/www.tsv-muenchingen.de\/fussball\/wp-json\/wp\/v2\/media?parent=2359"}],"curies":[{"name":"wp","href":"https:\/\/api.w.org\/{rel}","templated":true}]}}