{"id":2793,"date":"2022-07-13T09:03:10","date_gmt":"2022-07-13T07:03:10","guid":{"rendered":"https:\/\/www.tsv-muenchingen.de\/fussball\/?page_id=2793"},"modified":"2025-11-05T22:53:40","modified_gmt":"2025-11-05T21:53:40","slug":"tsv-fan-kollektion","status":"publish","type":"page","link":"https:\/\/www.tsv-muenchingen.de\/fussball\/fanzone\/tsv-fan-kollektion\/","title":{"rendered":"TSV Fan Kollektion"},"content":{"rendered":"\n<p><a href=\"https:\/\/eur03.safelinks.protection.outlook.com\/?url=https%3A%2F%2Fforms.office.com%2Fr%2F1BeH960gaN&amp;data=05%7C01%7Calexander.horvath%40de.bosch.com%7C3397b0bc8cc34b64999908da649791c1%7C0ae51e1907c84e4bbb6d648ee58410f4%7C0%7C0%7C637932899385311621%7CUnknown%7CTWFpbGZsb3d8eyJWIjoiMC4wLjAwMDAiLCJQIjoiV2luMzIiLCJBTiI6Ik1haWwiLCJXVCI6Mn0%3D%7C3000%7C%7C%7C&amp;sdata=HjPomrKypmjDraKSPbIHSGwFv8ecxuBShKMq6%2BnKkvU%3D&amp;reserved=0\">Bestellung TSV Fan Trikot 2025<\/a><\/p>\n\n\n\n<figure class=\"wp-block-image size-full\"><img loading=\"lazy\" decoding=\"async\" width=\"800\" height=\"800\" src=\"https:\/\/www.tsv-muenchingen.de\/fussball\/wp-content\/uploads\/sites\/8\/2024\/06\/Kopie-von-Kopie-von-Kopie-von-Kopie-von-Kopie-von-Beige-Hintergrund-und-Ein_20240612_090410_0000.png\" alt=\"\" class=\"wp-image-4437\" srcset=\"https:\/\/www.tsv-muenchingen.de\/fussball\/wp-content\/uploads\/sites\/8\/2024\/06\/Kopie-von-Kopie-von-Kopie-von-Kopie-von-Kopie-von-Beige-Hintergrund-und-Ein_20240612_090410_0000.png 800w, https:\/\/www.tsv-muenchingen.de\/fussball\/wp-content\/uploads\/sites\/8\/2024\/06\/Kopie-von-Kopie-von-Kopie-von-Kopie-von-Kopie-von-Beige-Hintergrund-und-Ein_20240612_090410_0000-300x300.png 300w, https:\/\/www.tsv-muenchingen.de\/fussball\/wp-content\/uploads\/sites\/8\/2024\/06\/Kopie-von-Kopie-von-Kopie-von-Kopie-von-Kopie-von-Beige-Hintergrund-und-Ein_20240612_090410_0000-150x150.png 150w, https:\/\/www.tsv-muenchingen.de\/fussball\/wp-content\/uploads\/sites\/8\/2024\/06\/Kopie-von-Kopie-von-Kopie-von-Kopie-von-Kopie-von-Beige-Hintergrund-und-Ein_20240612_090410_0000-768x768.png 768w\" sizes=\"auto, (max-width: 800px) 100vw, 800px\" \/><\/figure>\n\n\n<h2>100 Jahre-Sondertrikot des TSV M\u00fcnchingen 1925 e.V<\/h2>\n<pre>bestellbar in den Gr\u00f6\u00dfen:     164 - 184  \/  S - 4XL<br \/><br \/>Preis: 39,- \u20ac pro Trikot<br \/><br \/>Logo: mit oder ohne Logo bestellbar<br \/><br \/>Individualisierung ist m\u00f6glich:<br \/>- R\u00fcckennummer<br \/>- Initialen auf dem R\u00fccken<br \/>- Namen auf dem R\u00fccken<br \/><br \/>Wichtiger Hinweis!! Das Trikot kann vom TSV M\u00fcnchingen immer erst bestellt werden wenn wir<br \/>pro Bestellung mindestens 10 St\u00fcck abnehmen. Es k\u00f6nnen daher etwas verl\u00e4ngerte Lieferzeiten <br \/>entstehen.<\/pre>\n\n\n<p><\/p>\n","protected":false},"excerpt":{"rendered":"<p>Bestellung TSV Fan Trikot 2025 100 Jahre-Sondertrikot des TSV M\u00fcnchingen 1925 e.V bestellbar in den Gr\u00f6\u00dfen: 164 &#8211; 184 \/ S &#8211; 4XLPreis: 39,- \u20ac pro TrikotLogo: mit oder ohne Logo bestellbarIndividualisierung ist m\u00f6glich:- R\u00fcckennummer- Initialen auf dem R\u00fccken- Namen auf dem R\u00fcckenWichtiger Hinweis!! Das Trikot kann vom TSV M\u00fcnchingen immer erst bestellt werden wenn [&hellip;]<\/p>\n","protected":false},"author":40,"featured_media":0,"parent":22,"menu_order":0,"comment_status":"closed","ping_status":"closed","template":"","meta":{"ngg_post_thumbnail":0,"footnotes":""},"class_list":["post-2793","page","type-page","status-publish","hentry"],"publishpress_future_action":{"enabled":false,"date":"2026-04-28 11:07:14","action":"change-status","newStatus":"draft","terms":[],"taxonomy":"","extraData":[]},"publishpress_future_workflow_manual_trigger":{"enabledWorkflows":[]},"_links":{"self":[{"href":"https:\/\/www.tsv-muenchingen.de\/fussball\/wp-json\/wp\/v2\/pages\/2793","targetHints":{"allow":["GET"]}}],"collection":[{"href":"https:\/\/www.tsv-muenchingen.de\/fussball\/wp-json\/wp\/v2\/pages"}],"about":[{"href":"https:\/\/www.tsv-muenchingen.de\/fussball\/wp-json\/wp\/v2\/types\/page"}],"author":[{"embeddable":true,"href":"https:\/\/www.tsv-muenchingen.de\/fussball\/wp-json\/wp\/v2\/users\/40"}],"replies":[{"embeddable":true,"href":"https:\/\/www.tsv-muenchingen.de\/fussball\/wp-json\/wp\/v2\/comments?post=2793"}],"version-history":[{"count":12,"href":"https:\/\/www.tsv-muenchingen.de\/fussball\/wp-json\/wp\/v2\/pages\/2793\/revisions"}],"predecessor-version":[{"id":6041,"href":"https:\/\/www.tsv-muenchingen.de\/fussball\/wp-json\/wp\/v2\/pages\/2793\/revisions\/6041"}],"up":[{"embeddable":true,"href":"https:\/\/www.tsv-muenchingen.de\/fussball\/wp-json\/wp\/v2\/pages\/22"}],"wp:attachment":[{"href":"https:\/\/www.tsv-muenchingen.de\/fussball\/wp-json\/wp\/v2\/media?parent=2793"}],"curies":[{"name":"wp","href":"https:\/\/api.w.org\/{rel}","templated":true}]}}