{"id":3718,"date":"2023-08-08T14:02:04","date_gmt":"2023-08-08T12:02:04","guid":{"rendered":"https:\/\/www.tsv-muenchingen.de\/fussball\/?page_id=3718"},"modified":"2025-11-05T22:20:35","modified_gmt":"2025-11-05T21:20:35","slug":"scouting","status":"publish","type":"page","link":"https:\/\/www.tsv-muenchingen.de\/fussball\/scouting\/","title":{"rendered":"Scouting"},"content":{"rendered":"<div id=\"pl-gb3718-69e1cff114a3b\"  class=\"panel-layout\" ><div id=\"pg-gb3718-69e1cff114a3b-0\"  class=\"panel-grid panel-no-style\" ><div id=\"pgc-gb3718-69e1cff114a3b-0-0\"  class=\"panel-grid-cell\" ><div id=\"panel-gb3718-69e1cff114a3b-0-0-0\" class=\"so-panel widget widget_media_image panel-first-child panel-last-child\" data-index=\"0\" ><img loading=\"lazy\" decoding=\"async\" width=\"257\" height=\"300\" src=\"https:\/\/www.tsv-muenchingen.de\/fussball\/wp-content\/uploads\/sites\/8\/2023\/10\/nopic-7-257x300.png\" class=\"image wp-image-4128  attachment-medium size-medium\" alt=\"\" style=\"max-width: 100%; height: auto;\" srcset=\"https:\/\/www.tsv-muenchingen.de\/fussball\/wp-content\/uploads\/sites\/8\/2023\/10\/nopic-7-257x300.png 257w, https:\/\/www.tsv-muenchingen.de\/fussball\/wp-content\/uploads\/sites\/8\/2023\/10\/nopic-7.png 600w\" sizes=\"auto, (max-width: 257px) 100vw, 257px\" \/><\/div><\/div><div id=\"pgc-gb3718-69e1cff114a3b-0-1\"  class=\"panel-grid-cell\" ><div id=\"panel-gb3718-69e1cff114a3b-0-1-0\" class=\"so-panel widget widget_text panel-first-child panel-last-child\" data-index=\"1\" >\t\t\t<div class=\"textwidget\"><h1 class=\"title\"><strong>Scouting im Amateurfu\u00dfball\u00a0<\/strong><\/h1>\n<h1 class=\"title\"><strong> Ziele und Vorgehen beim TSV<\/strong><\/h1>\n<\/div>\n\t\t<\/div><\/div><\/div><div id=\"pg-gb3718-69e1cff114a3b-1\"  class=\"panel-grid panel-no-style\" ><div id=\"pgc-gb3718-69e1cff114a3b-1-0\"  class=\"panel-grid-cell\" ><div id=\"panel-gb3718-69e1cff114a3b-1-0-0\" class=\"so-panel widget widget_text panel-first-child panel-last-child\" data-index=\"2\" >\t\t\t<div class=\"textwidget\"><p>Auf was es beim erfolgreichen Scouting von Amateurfu\u00dfballern ankommt ? Was sind die Ziele ? Wer gilt als potentiell interessanter Spieler ? Wie wird gescoutet ? Das Scouting von neuen Spielern ist bereits im Nachwuchs- und Amateurfu\u00dfball in der konzeptionellen und strategischen Ausrichtung eines jeden Vereins und f\u00fcr jedes Teams von besonderer Wichtigkeit. Und so soll der folgende Beitrag dieses Arbeitsfeld n\u00e4her beleuchten, Verst\u00e4ndnis hierf\u00fcr schaffen und m\u00f6gliche Anregungen liefern. Augen auf und finden.<\/p>\n<h3><strong>Das Kernziel<\/strong><\/h3>\n<p>Zun\u00e4chst versteht man unter dem Scouting im Fu\u00dfballkontext das Beobachten und Analysieren von Spielern, die nicht im eigenen Verein und f\u00fcr das eigene Team spielen. Das Ziel dieser Beobachtungen ist es, auf der einen Seite und im Wesentlichen Spieler zu finden, die durch ihre Leistungsf\u00e4higkeit das eigene Team und den eigenen Verein perspektivisch verst\u00e4rken. Andererseits erh\u00e4lt man hierdurch gleichzeitig einen \u00dcberblick \u00fcber die Leistungsf\u00e4higkeit anderer Teams und deren Spieler \u2013 beispielsweise von Mannschaften der eigenen Spielklasse.\u00a0Aus Spielersicht und f\u00fcr den einzelnen Spieler bietet das gezielte Scouting die M\u00f6glichkeit, sich positiv in Szene zu setzen. Dadurch kann der talentierte, entwicklungs- und leistungsf\u00e4hige Akteur direkt Aufmerksamkeit erzeugen und ein passendes Umfeld f\u00fcr seine eigene Entwicklung angeboten bekommen.<\/p>\n<h3><strong>Fu\u00dfball-Talent<\/strong><\/h3>\n<p>Jeder Spieler verf\u00fcgt unabh\u00e4ngig von seinem Leistungsniveau \u00fcber ihm eigene F\u00e4higkeiten. Im Vergleich zu anderen Spielern, anderen Teams ebenso wie dem eigenen Team gilt es bei der Suche nach Talenten festzustellen, welche Spieler besondere Eigenschaften besitzen, sich dadurch abheben und in auff\u00e4lligem Ma\u00dfe leistungsf\u00e4hig und bereichernd sind.\u00a0Diese F\u00e4higkeiten k\u00f6nnen ganz unterschiedlicher Natur sein. Sie k\u00f6nnen im technischen Bereich liegen, beispielsweise in der Ballf\u00fchrung, im Dribbling oder im Torschuss. Ebenso kann sich ein Spieler durch eine besondere Physis auszeichnen \u2013 er ist sehr schnell, \u00fcberdurchschnittlich ausdauernd oder kr\u00e4ftig und pr\u00e4sent in Zweik\u00e4mpfen. Auch im taktischen Bereich \u2013 Spielverst\u00e4ndnis, Entscheidungsqualit\u00e4t \u2013 oder im Bereich der Pers\u00f6nlichkeit \u2013 mutiges Auftreten, ausgepr\u00e4gte Widerstandsf\u00e4higkeit \u2013 k\u00f6nnen Talente und besondere Pr\u00e4gungen liegen. Idealerweise vereint ein talentierter und f\u00e4higer Spieler mehrere und viele der notwendigen F\u00e4higkeiten in sich.\u00a0Aus Sicht des Trainers, des Scouts und der Verantwortlichen stellt sich die Frage: Welche Eigenschaften sind entscheidend und wonach genau wird gesucht, um \u00fcber die talentierten und besseren Spieler zu einer Verbesserung des eigenen Niveaus zu gelangen. Wo liegt der eigene Bedarf f\u00fcr welche Art von Talent ?<\/p>\n<h3><strong>Vorgehen<\/strong><\/h3>\n<p>Um die Eigenschaften und das Talent eines Spielers zu erkennen, sind mehrfache Beobachtungen notwendig. Wettk\u00e4mpfe und Trainingseinheiten bieten sich somit f\u00fcr das Scouting an. Eine mehrmalige Beobachtung ist sinnvoll, um \u00fcber die H\u00e4ufigkeit einen detaillierten Eindruck von dem Spieler in seinen Verhaltensweisen zu bekommen, ihn in verschiedenen Situationen und im Umgang mit unterschiedlichen Herausforderungen zu erleben. Somit kann beispielsweise auch der Einfluss der Tagesform reduziert werden und ein \u00fcbergeordnetes Bild entsteht.\u00a0Die pers\u00f6nliche Beobachtung vor Ort hat h\u00e4ufig den Vorteil, ein unmittelbareres Gef\u00fchl f\u00fcr den Spieler zu entwickeln als es am Bildschirm und am Video m\u00f6glich ist. Emotionen, K\u00f6rpersprache und der direkte Umgang mit Spielsituationen k\u00f6nnen hier gut erfasst werden.<\/p>\n<p>Die Beobachtung im Training ist ebenfalls lohnenswert, da der Spieler hier unter anderen Grundvoraussetzungen in Erscheinung tritt. Au\u00dferhalb des Wettkampfgedankens \u2013 es geht um den Sieg, um drei Punkte, um das erfolgreiche Pr\u00e4sentieren und Spielen \u2013 kann man jeden einzelnen Akteur in seinem gewohnten und in gewisser Weise sicherem Umfeld erleben. Wie sind Trainingseinstellung, Flei\u00df oder die Haltung gegen\u00fcber den Mitspielern in diesem Alltagskontext und au\u00dferhalb des Wochenendes? Interessante, andersartige oder zu mindestens sinnvoll erg\u00e4nzende Informationen k\u00f6nnen so entstehen.<\/p>\n<p>Interesse ?<\/p>\n<p><strong><a href=\"&#109;a&#x69;l&#x74;o&#x3a;&#70;&#x42;&#45;&#x48;&#101;r&#x72;e&#x6e;&#64;&#x74;&#115;&#x76;&#45;&#x6d;&#117;&#x65;&#110;c&#x68;i&#x6e;g&#x65;&#110;&#x2e;&#100;&#x65;\">F&#66;&#x2d;&#x48;e&#114;&#114;&#x65;&#x6e;&#64;&#116;&#x73;&#x76;-&#109;&#117;&#x65;&#x6e;c&#104;&#x69;&#x6e;g&#101;&#110;&#x2e;&#x64;e<\/a><\/strong><\/p>\n<\/div>\n\t\t<\/div><\/div><\/div><\/div>","protected":false},"excerpt":{"rendered":"<p>Scouting im Amateurfu\u00dfball\u00a0 Ziele und Vorgehen beim TSV Auf was es beim erfolgreichen Scouting von Amateurfu\u00dfballern ankommt ? Was sind die Ziele ? Wer gilt als potentiell interessanter Spieler ? Wie wird gescoutet ? Das Scouting von neuen Spielern ist bereits im Nachwuchs- und Amateurfu\u00dfball in der konzeptionellen und strategischen Ausrichtung eines jeden Vereins und [&hellip;]<\/p>\n","protected":false},"author":65,"featured_media":0,"parent":0,"menu_order":0,"comment_status":"closed","ping_status":"closed","template":"","meta":{"ngg_post_thumbnail":0,"footnotes":""},"class_list":["post-3718","page","type-page","status-publish","hentry"],"publishpress_future_action":{"enabled":false,"date":"2026-04-24 08:15:13","action":"change-status","newStatus":"draft","terms":[],"taxonomy":"","extraData":[]},"publishpress_future_workflow_manual_trigger":{"enabledWorkflows":[]},"_links":{"self":[{"href":"https:\/\/www.tsv-muenchingen.de\/fussball\/wp-json\/wp\/v2\/pages\/3718","targetHints":{"allow":["GET"]}}],"collection":[{"href":"https:\/\/www.tsv-muenchingen.de\/fussball\/wp-json\/wp\/v2\/pages"}],"about":[{"href":"https:\/\/www.tsv-muenchingen.de\/fussball\/wp-json\/wp\/v2\/types\/page"}],"author":[{"embeddable":true,"href":"https:\/\/www.tsv-muenchingen.de\/fussball\/wp-json\/wp\/v2\/users\/65"}],"replies":[{"embeddable":true,"href":"https:\/\/www.tsv-muenchingen.de\/fussball\/wp-json\/wp\/v2\/comments?post=3718"}],"version-history":[{"count":4,"href":"https:\/\/www.tsv-muenchingen.de\/fussball\/wp-json\/wp\/v2\/pages\/3718\/revisions"}],"predecessor-version":[{"id":6033,"href":"https:\/\/www.tsv-muenchingen.de\/fussball\/wp-json\/wp\/v2\/pages\/3718\/revisions\/6033"}],"wp:attachment":[{"href":"https:\/\/www.tsv-muenchingen.de\/fussball\/wp-json\/wp\/v2\/media?parent=3718"}],"curies":[{"name":"wp","href":"https:\/\/api.w.org\/{rel}","templated":true}]}}