{"id":3730,"date":"2023-08-14T12:15:13","date_gmt":"2023-08-14T10:15:13","guid":{"rendered":"https:\/\/www.tsv-muenchingen.de\/fussball\/?page_id=3730"},"modified":"2025-11-05T22:12:53","modified_gmt":"2025-11-05T21:12:53","slug":"spieltag-news-tsv","status":"publish","type":"page","link":"https:\/\/www.tsv-muenchingen.de\/fussball\/spieltag-news-tsv\/","title":{"rendered":"TSV-News"},"content":{"rendered":"<h3 data-start=\"959\" data-end=\"1003\"><strong data-start=\"963\" data-end=\"1003\">Herren 1 mischen die Bezirksliga auf<\/strong><\/h3>\n<p data-start=\"1005\" data-end=\"1368\">Das Erfolgsrezept der <strong>Herren 1<\/strong>: eine stabile Defensive und ein variables Offensivspiel. Die Mannschaft wirkt eingespielt, selbstbewusst und mental gefestigt. \u201eWir haben gezeigt, dass wir in der Bezirksliga absolut konkurrenzf\u00e4hig sind\u201c, lobt das Trainerteam. Auch die Breite des Kaders macht sich bezahlt \u2013 jeder Spieler ist bereit, Verantwortung zu \u00fcbernehmen. Der Blick auf die Tabelle zeigt: Der TSV M\u00fcnchingen ist in dieser Saison mehr als nur ein Mitl\u00e4ufer.\u00a0<\/p>\n\n<div id=\"pl-gb3730-69e541ebb294f\"  class=\"panel-layout wp-block-siteorigin-panels-layout-block\" ><div id=\"pg-gb3730-69e541ebb294f-0\"  class=\"panel-grid panel-no-style\" ><div id=\"pgc-gb3730-69e541ebb294f-0-0\"  class=\"panel-grid-cell\" ><div id=\"panel-gb3730-69e541ebb294f-0-0-0\" class=\"so-panel widget widget_media_image panel-first-child panel-last-child\" data-index=\"0\" ><img loading=\"lazy\" decoding=\"async\" width=\"400\" height=\"400\" src=\"https:\/\/www.tsv-muenchingen.de\/fussball\/wp-content\/uploads\/sites\/8\/2024\/07\/15-768x768.png\" class=\"image wp-image-4678  attachment-400x400 size-400x400\" alt=\"\" style=\"max-width: 100%; height: auto;\" srcset=\"https:\/\/www.tsv-muenchingen.de\/fussball\/wp-content\/uploads\/sites\/8\/2024\/07\/15-768x768.png 768w, https:\/\/www.tsv-muenchingen.de\/fussball\/wp-content\/uploads\/sites\/8\/2024\/07\/15-300x300.png 300w, https:\/\/www.tsv-muenchingen.de\/fussball\/wp-content\/uploads\/sites\/8\/2024\/07\/15-150x150.png 150w, https:\/\/www.tsv-muenchingen.de\/fussball\/wp-content\/uploads\/sites\/8\/2024\/07\/15.png 800w\" sizes=\"auto, (max-width: 400px) 100vw, 400px\" \/><\/div><\/div><div id=\"pgc-gb3730-69e541ebb294f-0-1\"  class=\"panel-grid-cell\" ><div id=\"panel-gb3730-69e541ebb294f-0-1-0\" class=\"so-panel widget widget_media_image panel-first-child panel-last-child\" data-index=\"1\" ><img loading=\"lazy\" decoding=\"async\" width=\"400\" height=\"400\" src=\"https:\/\/www.tsv-muenchingen.de\/fussball\/wp-content\/uploads\/sites\/8\/2024\/07\/16-768x768.png\" class=\"image wp-image-4679  attachment-400x400 size-400x400\" alt=\"\" style=\"max-width: 100%; height: auto;\" srcset=\"https:\/\/www.tsv-muenchingen.de\/fussball\/wp-content\/uploads\/sites\/8\/2024\/07\/16-768x768.png 768w, https:\/\/www.tsv-muenchingen.de\/fussball\/wp-content\/uploads\/sites\/8\/2024\/07\/16-300x300.png 300w, https:\/\/www.tsv-muenchingen.de\/fussball\/wp-content\/uploads\/sites\/8\/2024\/07\/16-150x150.png 150w, https:\/\/www.tsv-muenchingen.de\/fussball\/wp-content\/uploads\/sites\/8\/2024\/07\/16.png 800w\" sizes=\"auto, (max-width: 400px) 100vw, 400px\" \/><\/div><\/div><div id=\"pgc-gb3730-69e541ebb294f-0-2\"  class=\"panel-grid-cell\" ><div id=\"panel-gb3730-69e541ebb294f-0-2-0\" class=\"so-panel widget widget_media_image panel-first-child panel-last-child\" data-index=\"2\" ><img loading=\"lazy\" decoding=\"async\" width=\"400\" height=\"400\" src=\"https:\/\/www.tsv-muenchingen.de\/fussball\/wp-content\/uploads\/sites\/8\/2024\/07\/9-768x768.png\" class=\"image wp-image-4671  attachment-400x400 size-400x400\" alt=\"\" style=\"max-width: 100%; height: auto;\" srcset=\"https:\/\/www.tsv-muenchingen.de\/fussball\/wp-content\/uploads\/sites\/8\/2024\/07\/9-768x768.png 768w, https:\/\/www.tsv-muenchingen.de\/fussball\/wp-content\/uploads\/sites\/8\/2024\/07\/9-300x300.png 300w, https:\/\/www.tsv-muenchingen.de\/fussball\/wp-content\/uploads\/sites\/8\/2024\/07\/9-150x150.png 150w, https:\/\/www.tsv-muenchingen.de\/fussball\/wp-content\/uploads\/sites\/8\/2024\/07\/9.png 800w\" sizes=\"auto, (max-width: 400px) 100vw, 400px\" \/><\/div><\/div><div id=\"pgc-gb3730-69e541ebb294f-0-3\"  class=\"panel-grid-cell\" ><div id=\"panel-gb3730-69e541ebb294f-0-3-0\" class=\"so-panel widget widget_media_image panel-first-child panel-last-child\" data-index=\"3\" ><img loading=\"lazy\" decoding=\"async\" width=\"400\" height=\"400\" src=\"https:\/\/www.tsv-muenchingen.de\/fussball\/wp-content\/uploads\/sites\/8\/2024\/07\/2-768x768.png\" class=\"image wp-image-4664  attachment-400x400 size-400x400\" alt=\"\" style=\"max-width: 100%; height: auto;\" srcset=\"https:\/\/www.tsv-muenchingen.de\/fussball\/wp-content\/uploads\/sites\/8\/2024\/07\/2-768x768.png 768w, https:\/\/www.tsv-muenchingen.de\/fussball\/wp-content\/uploads\/sites\/8\/2024\/07\/2-300x300.png 300w, https:\/\/www.tsv-muenchingen.de\/fussball\/wp-content\/uploads\/sites\/8\/2024\/07\/2-150x150.png 150w, https:\/\/www.tsv-muenchingen.de\/fussball\/wp-content\/uploads\/sites\/8\/2024\/07\/2.png 800w\" sizes=\"auto, (max-width: 400px) 100vw, 400px\" \/><\/div><\/div><\/div><div id=\"pg-gb3730-69e541ebb294f-1\"  class=\"panel-grid panel-no-style\" ><div id=\"pgc-gb3730-69e541ebb294f-1-0\"  class=\"panel-grid-cell\" ><div id=\"panel-gb3730-69e541ebb294f-1-0-0\" class=\"so-panel widget widget_text panel-first-child panel-last-child\" data-index=\"4\" ><h3 class=\"widget-title\">Herren 2 \u2013 stark nach dem Aufstieg<\/h3>\t\t\t<div class=\"textwidget\"><p data-start=\"1670\" data-end=\"1933\">Auch die <strong data-start=\"1679\" data-end=\"1706\">zweite Herrenmannschaft<\/strong> sorgt nach ihrem Aufstieg in die Kreisliga A f\u00fcr positive Schlagzeilen. Nach neun Spieltagen rangiert das Team auf einem <strong data-start=\"1828\" data-end=\"1853\">starken vierten Platz<\/strong>. F\u00fcr Trainer und Spieler eine Best\u00e4tigung der guten Arbeit der letzten Jahre.<\/p>\n<p data-start=\"1935\" data-end=\"2308\">\u201eWir wussten, dass die Kreisliga A kein Spaziergang wird. Umso erfreulicher ist es, dass wir direkt so gut mithalten\u201c, so das Trainerteam. Besonders stolz sind wir auf die jungen Spieler, die aus der eigenen A-Jugend in den Aktivenbereich aufger\u00fcckt sind. Sie haben sich schnell integriert und sind zu wichtigen St\u00fctzen im Projekt <strong data-start=\"2265\" data-end=\"2296\">\u201aKlassenerhalt Kreisliga A\u2018<\/strong>geworden.<\/p>\n<\/div>\n\t\t<\/div><\/div><\/div><div id=\"pg-gb3730-69e541ebb294f-2\"  class=\"panel-grid panel-no-style\" ><div id=\"pgc-gb3730-69e541ebb294f-2-0\"  class=\"panel-grid-cell\" ><div id=\"panel-gb3730-69e541ebb294f-2-0-0\" class=\"so-panel widget widget_media_image panel-first-child panel-last-child\" data-index=\"5\" ><img loading=\"lazy\" decoding=\"async\" width=\"400\" height=\"400\" src=\"https:\/\/www.tsv-muenchingen.de\/fussball\/wp-content\/uploads\/sites\/8\/2024\/07\/14-768x768.png\" class=\"image wp-image-4677  attachment-400x400 size-400x400\" alt=\"\" style=\"max-width: 100%; height: auto;\" srcset=\"https:\/\/www.tsv-muenchingen.de\/fussball\/wp-content\/uploads\/sites\/8\/2024\/07\/14-768x768.png 768w, https:\/\/www.tsv-muenchingen.de\/fussball\/wp-content\/uploads\/sites\/8\/2024\/07\/14-300x300.png 300w, https:\/\/www.tsv-muenchingen.de\/fussball\/wp-content\/uploads\/sites\/8\/2024\/07\/14-150x150.png 150w, https:\/\/www.tsv-muenchingen.de\/fussball\/wp-content\/uploads\/sites\/8\/2024\/07\/14.png 800w\" sizes=\"auto, (max-width: 400px) 100vw, 400px\" \/><\/div><\/div><div id=\"pgc-gb3730-69e541ebb294f-2-1\"  class=\"panel-grid-cell\" ><div id=\"panel-gb3730-69e541ebb294f-2-1-0\" class=\"so-panel widget widget_media_image panel-first-child panel-last-child\" data-index=\"6\" ><img loading=\"lazy\" decoding=\"async\" width=\"400\" height=\"400\" src=\"https:\/\/www.tsv-muenchingen.de\/fussball\/wp-content\/uploads\/sites\/8\/2024\/07\/4-768x768.png\" class=\"image wp-image-4666  attachment-400x400 size-400x400\" alt=\"\" style=\"max-width: 100%; height: auto;\" srcset=\"https:\/\/www.tsv-muenchingen.de\/fussball\/wp-content\/uploads\/sites\/8\/2024\/07\/4-768x768.png 768w, https:\/\/www.tsv-muenchingen.de\/fussball\/wp-content\/uploads\/sites\/8\/2024\/07\/4-300x300.png 300w, https:\/\/www.tsv-muenchingen.de\/fussball\/wp-content\/uploads\/sites\/8\/2024\/07\/4-150x150.png 150w, https:\/\/www.tsv-muenchingen.de\/fussball\/wp-content\/uploads\/sites\/8\/2024\/07\/4.png 800w\" sizes=\"auto, (max-width: 400px) 100vw, 400px\" \/><\/div><\/div><div id=\"pgc-gb3730-69e541ebb294f-2-2\"  class=\"panel-grid-cell\" ><div id=\"panel-gb3730-69e541ebb294f-2-2-0\" class=\"so-panel widget widget_media_image panel-first-child panel-last-child\" data-index=\"7\" ><img loading=\"lazy\" decoding=\"async\" width=\"400\" height=\"400\" src=\"https:\/\/www.tsv-muenchingen.de\/fussball\/wp-content\/uploads\/sites\/8\/2024\/07\/12-768x768.png\" class=\"image wp-image-4674  attachment-400x400 size-400x400\" alt=\"\" style=\"max-width: 100%; height: auto;\" srcset=\"https:\/\/www.tsv-muenchingen.de\/fussball\/wp-content\/uploads\/sites\/8\/2024\/07\/12-768x768.png 768w, https:\/\/www.tsv-muenchingen.de\/fussball\/wp-content\/uploads\/sites\/8\/2024\/07\/12-300x300.png 300w, https:\/\/www.tsv-muenchingen.de\/fussball\/wp-content\/uploads\/sites\/8\/2024\/07\/12-150x150.png 150w, https:\/\/www.tsv-muenchingen.de\/fussball\/wp-content\/uploads\/sites\/8\/2024\/07\/12.png 800w\" sizes=\"auto, (max-width: 400px) 100vw, 400px\" \/><\/div><\/div><div id=\"pgc-gb3730-69e541ebb294f-2-3\"  class=\"panel-grid-cell\" ><div id=\"panel-gb3730-69e541ebb294f-2-3-0\" class=\"so-panel widget widget_media_image panel-first-child panel-last-child\" data-index=\"8\" ><img loading=\"lazy\" decoding=\"async\" width=\"400\" height=\"400\" src=\"https:\/\/www.tsv-muenchingen.de\/fussball\/wp-content\/uploads\/sites\/8\/2024\/07\/3-768x768.png\" class=\"image wp-image-4665  attachment-400x400 size-400x400\" alt=\"\" style=\"max-width: 100%; height: auto;\" srcset=\"https:\/\/www.tsv-muenchingen.de\/fussball\/wp-content\/uploads\/sites\/8\/2024\/07\/3-768x768.png 768w, https:\/\/www.tsv-muenchingen.de\/fussball\/wp-content\/uploads\/sites\/8\/2024\/07\/3-300x300.png 300w, https:\/\/www.tsv-muenchingen.de\/fussball\/wp-content\/uploads\/sites\/8\/2024\/07\/3-150x150.png 150w, https:\/\/www.tsv-muenchingen.de\/fussball\/wp-content\/uploads\/sites\/8\/2024\/07\/3.png 800w\" sizes=\"auto, (max-width: 400px) 100vw, 400px\" \/><\/div><\/div><\/div><div id=\"pg-gb3730-69e541ebb294f-3\"  class=\"panel-grid panel-no-style\" ><div id=\"pgc-gb3730-69e541ebb294f-3-0\"  class=\"panel-grid-cell\" ><div id=\"panel-gb3730-69e541ebb294f-3-0-0\" class=\"so-panel widget widget_text panel-first-child panel-last-child\" data-index=\"9\" ><h3 class=\"widget-title\">Frauenmannschaften \u00fcberzeugen ebenfalls<\/h3>\t\t\t<div class=\"textwidget\"><p data-start=\"2760\" data-end=\"3035\">Auch im Frauenbereich l\u00e4uft es rund: Die <strong data-start=\"2801\" data-end=\"2813\">Frauen 1<\/strong> spielen in der Verbandsliga eine stabile Saison und stehen im <strong data-start=\"2876\" data-end=\"2902\">gesicherten Mittelfeld<\/strong>. Nach einigen personellen Ver\u00e4nderungen hat sich das Team schnell gefunden und \u00fcberzeugt mit Teamgeist und spielerischer Qualit\u00e4t.<\/p>\n<p data-start=\"3037\" data-end=\"3311\">In der <strong data-start=\"3044\" data-end=\"3058\">Landesliga<\/strong> haben sich die <strong data-start=\"3074\" data-end=\"3086\">Frauen 2<\/strong> nach ihrem Aufstieg sogar im <strong data-start=\"3116\" data-end=\"3137\">oberen Mittelfeld<\/strong> etabliert. \u201eDie Mannschaft hat sich schnell an das h\u00f6here Tempo gew\u00f6hnt. Die Stimmung ist super, und wir gehen mit viel Spa\u00df in jedes Spiel\u201c, hei\u00dft es aus dem Trainerteam.<\/p>\n<p data-start=\"3313\" data-end=\"3680\">Etwas schwerer tun sich derzeit die <strong data-start=\"3349\" data-end=\"3361\">Frauen 3<\/strong>. Nach dem Aufstieg in die Regionenstaffel wartet das Team noch auf den Durchbruch und steht momentan auf dem vorletzten Tabellenplatz. Doch hier im Verein herrscht Zuversicht: \u201eDie M\u00e4dels arbeiten hart, die Einstellung stimmt. Wenn wir unsere Leistung konstant abrufen, schaffen wir den Klassenerhalt\u201c, betont der Trainer.<\/p>\n<\/div>\n\t\t<\/div><\/div><\/div><div id=\"pg-gb3730-69e541ebb294f-4\"  class=\"panel-grid panel-no-style\" ><div id=\"pgc-gb3730-69e541ebb294f-4-0\"  class=\"panel-grid-cell\" ><div id=\"panel-gb3730-69e541ebb294f-4-0-0\" class=\"so-panel widget widget_media_image panel-first-child panel-last-child\" data-index=\"10\" ><img loading=\"lazy\" decoding=\"async\" width=\"400\" height=\"400\" src=\"https:\/\/www.tsv-muenchingen.de\/fussball\/wp-content\/uploads\/sites\/8\/2024\/07\/13-768x768.png\" class=\"image wp-image-4675  attachment-400x400 size-400x400\" alt=\"\" style=\"max-width: 100%; height: auto;\" srcset=\"https:\/\/www.tsv-muenchingen.de\/fussball\/wp-content\/uploads\/sites\/8\/2024\/07\/13-768x768.png 768w, https:\/\/www.tsv-muenchingen.de\/fussball\/wp-content\/uploads\/sites\/8\/2024\/07\/13-300x300.png 300w, https:\/\/www.tsv-muenchingen.de\/fussball\/wp-content\/uploads\/sites\/8\/2024\/07\/13-150x150.png 150w, https:\/\/www.tsv-muenchingen.de\/fussball\/wp-content\/uploads\/sites\/8\/2024\/07\/13.png 800w\" sizes=\"auto, (max-width: 400px) 100vw, 400px\" \/><\/div><\/div><div id=\"pgc-gb3730-69e541ebb294f-4-1\"  class=\"panel-grid-cell\" ><div id=\"panel-gb3730-69e541ebb294f-4-1-0\" class=\"so-panel widget widget_media_image panel-first-child panel-last-child\" data-index=\"11\" ><img loading=\"lazy\" decoding=\"async\" width=\"400\" height=\"400\" src=\"https:\/\/www.tsv-muenchingen.de\/fussball\/wp-content\/uploads\/sites\/8\/2024\/07\/11-768x768.png\" class=\"image wp-image-4673  attachment-400x400 size-400x400\" alt=\"\" style=\"max-width: 100%; height: auto;\" srcset=\"https:\/\/www.tsv-muenchingen.de\/fussball\/wp-content\/uploads\/sites\/8\/2024\/07\/11-768x768.png 768w, https:\/\/www.tsv-muenchingen.de\/fussball\/wp-content\/uploads\/sites\/8\/2024\/07\/11-300x300.png 300w, https:\/\/www.tsv-muenchingen.de\/fussball\/wp-content\/uploads\/sites\/8\/2024\/07\/11-150x150.png 150w, https:\/\/www.tsv-muenchingen.de\/fussball\/wp-content\/uploads\/sites\/8\/2024\/07\/11.png 800w\" sizes=\"auto, (max-width: 400px) 100vw, 400px\" \/><\/div><\/div><div id=\"pgc-gb3730-69e541ebb294f-4-2\"  class=\"panel-grid-cell\" ><div id=\"panel-gb3730-69e541ebb294f-4-2-0\" class=\"so-panel widget widget_media_image panel-first-child panel-last-child\" data-index=\"12\" ><img loading=\"lazy\" decoding=\"async\" width=\"400\" height=\"400\" src=\"https:\/\/www.tsv-muenchingen.de\/fussball\/wp-content\/uploads\/sites\/8\/2024\/07\/5-768x768.png\" class=\"image wp-image-4667  attachment-400x400 size-400x400\" alt=\"\" style=\"max-width: 100%; height: auto;\" srcset=\"https:\/\/www.tsv-muenchingen.de\/fussball\/wp-content\/uploads\/sites\/8\/2024\/07\/5-768x768.png 768w, https:\/\/www.tsv-muenchingen.de\/fussball\/wp-content\/uploads\/sites\/8\/2024\/07\/5-300x300.png 300w, https:\/\/www.tsv-muenchingen.de\/fussball\/wp-content\/uploads\/sites\/8\/2024\/07\/5-150x150.png 150w, https:\/\/www.tsv-muenchingen.de\/fussball\/wp-content\/uploads\/sites\/8\/2024\/07\/5.png 800w\" sizes=\"auto, (max-width: 400px) 100vw, 400px\" \/><\/div><\/div><div id=\"pgc-gb3730-69e541ebb294f-4-3\"  class=\"panel-grid-cell\" ><div id=\"panel-gb3730-69e541ebb294f-4-3-0\" class=\"so-panel widget widget_media_image panel-first-child panel-last-child\" data-index=\"13\" ><img loading=\"lazy\" decoding=\"async\" width=\"400\" height=\"400\" src=\"https:\/\/www.tsv-muenchingen.de\/fussball\/wp-content\/uploads\/sites\/8\/2024\/07\/6-768x768.png\" class=\"image wp-image-4668  attachment-400x400 size-400x400\" alt=\"\" style=\"max-width: 100%; height: auto;\" srcset=\"https:\/\/www.tsv-muenchingen.de\/fussball\/wp-content\/uploads\/sites\/8\/2024\/07\/6-768x768.png 768w, https:\/\/www.tsv-muenchingen.de\/fussball\/wp-content\/uploads\/sites\/8\/2024\/07\/6-300x300.png 300w, https:\/\/www.tsv-muenchingen.de\/fussball\/wp-content\/uploads\/sites\/8\/2024\/07\/6-150x150.png 150w, https:\/\/www.tsv-muenchingen.de\/fussball\/wp-content\/uploads\/sites\/8\/2024\/07\/6.png 800w\" sizes=\"auto, (max-width: 400px) 100vw, 400px\" \/><\/div><\/div><\/div><div id=\"pg-gb3730-69e541ebb294f-5\"  class=\"panel-grid panel-no-style\" ><div id=\"pgc-gb3730-69e541ebb294f-5-0\"  class=\"panel-grid-cell\" ><div id=\"panel-gb3730-69e541ebb294f-5-0-0\" class=\"so-panel widget widget_text panel-first-child panel-last-child\" data-index=\"14\" ><h3 class=\"widget-title\">Nachwuchsarbeit tr\u00e4gt Fr\u00fcchte<\/h3>\t\t\t<div class=\"textwidget\"><p data-start=\"2349\" data-end=\"2709\">Der TSV M\u00fcnchingen profitiert von seiner konsequenten Nachwuchsarbeit. Immer mehr junge Talente schaffen den Sprung in den Aktivenbereich und sorgen f\u00fcr frischen Wind im Verein. \u201eDas ist genau der Weg, den wir gehen wollen. Die enge Verzahnung zwischen Jugend und Aktivenbereich ist f\u00fcr die Zukunft des Vereins entscheidend.\u201c<\/p>\n<\/div>\n\t\t<\/div><\/div><\/div><div id=\"pg-gb3730-69e541ebb294f-6\"  class=\"panel-grid panel-no-style\" ><div id=\"pgc-gb3730-69e541ebb294f-6-0\"  class=\"panel-grid-cell\" ><div id=\"panel-gb3730-69e541ebb294f-6-0-0\" class=\"so-panel widget widget_media_image panel-first-child panel-last-child\" data-index=\"15\" ><img loading=\"lazy\" decoding=\"async\" width=\"400\" height=\"400\" src=\"https:\/\/www.tsv-muenchingen.de\/fussball\/wp-content\/uploads\/sites\/8\/2024\/07\/8-768x768.png\" class=\"image wp-image-4670  attachment-400x400 size-400x400\" alt=\"\" style=\"max-width: 100%; height: auto;\" srcset=\"https:\/\/www.tsv-muenchingen.de\/fussball\/wp-content\/uploads\/sites\/8\/2024\/07\/8-768x768.png 768w, https:\/\/www.tsv-muenchingen.de\/fussball\/wp-content\/uploads\/sites\/8\/2024\/07\/8-300x300.png 300w, https:\/\/www.tsv-muenchingen.de\/fussball\/wp-content\/uploads\/sites\/8\/2024\/07\/8-150x150.png 150w, https:\/\/www.tsv-muenchingen.de\/fussball\/wp-content\/uploads\/sites\/8\/2024\/07\/8.png 800w\" sizes=\"auto, (max-width: 400px) 100vw, 400px\" \/><\/div><\/div><div id=\"pgc-gb3730-69e541ebb294f-6-1\"  class=\"panel-grid-cell\" ><div id=\"panel-gb3730-69e541ebb294f-6-1-0\" class=\"so-panel widget widget_media_image panel-first-child panel-last-child\" data-index=\"16\" ><img loading=\"lazy\" decoding=\"async\" width=\"400\" height=\"400\" src=\"https:\/\/www.tsv-muenchingen.de\/fussball\/wp-content\/uploads\/sites\/8\/2024\/07\/7-768x768.png\" class=\"image wp-image-4669  attachment-400x400 size-400x400\" alt=\"\" style=\"max-width: 100%; height: auto;\" srcset=\"https:\/\/www.tsv-muenchingen.de\/fussball\/wp-content\/uploads\/sites\/8\/2024\/07\/7-768x768.png 768w, https:\/\/www.tsv-muenchingen.de\/fussball\/wp-content\/uploads\/sites\/8\/2024\/07\/7-300x300.png 300w, https:\/\/www.tsv-muenchingen.de\/fussball\/wp-content\/uploads\/sites\/8\/2024\/07\/7-150x150.png 150w, https:\/\/www.tsv-muenchingen.de\/fussball\/wp-content\/uploads\/sites\/8\/2024\/07\/7.png 800w\" sizes=\"auto, (max-width: 400px) 100vw, 400px\" \/><\/div><\/div><div id=\"pgc-gb3730-69e541ebb294f-6-2\"  class=\"panel-grid-cell\" ><div id=\"panel-gb3730-69e541ebb294f-6-2-0\" class=\"so-panel widget widget_media_image panel-first-child panel-last-child\" data-index=\"17\" ><img loading=\"lazy\" decoding=\"async\" width=\"450\" height=\"450\" src=\"https:\/\/www.tsv-muenchingen.de\/fussball\/wp-content\/uploads\/sites\/8\/2024\/07\/10-768x768.png\" class=\"image wp-image-4672  attachment-450x450 size-450x450\" alt=\"\" style=\"max-width: 100%; height: auto;\" srcset=\"https:\/\/www.tsv-muenchingen.de\/fussball\/wp-content\/uploads\/sites\/8\/2024\/07\/10-768x768.png 768w, https:\/\/www.tsv-muenchingen.de\/fussball\/wp-content\/uploads\/sites\/8\/2024\/07\/10-300x300.png 300w, https:\/\/www.tsv-muenchingen.de\/fussball\/wp-content\/uploads\/sites\/8\/2024\/07\/10-150x150.png 150w, https:\/\/www.tsv-muenchingen.de\/fussball\/wp-content\/uploads\/sites\/8\/2024\/07\/10.png 800w\" sizes=\"auto, (max-width: 450px) 100vw, 450px\" \/><\/div><\/div><div id=\"pgc-gb3730-69e541ebb294f-6-3\"  class=\"panel-grid-cell\" ><div id=\"panel-gb3730-69e541ebb294f-6-3-0\" class=\"so-panel widget widget_media_image panel-first-child panel-last-child\" data-index=\"18\" ><img loading=\"lazy\" decoding=\"async\" width=\"450\" height=\"450\" src=\"https:\/\/www.tsv-muenchingen.de\/fussball\/wp-content\/uploads\/sites\/8\/2024\/07\/17-768x768.png\" class=\"image wp-image-4680  attachment-450x450 size-450x450\" alt=\"\" style=\"max-width: 100%; height: auto;\" srcset=\"https:\/\/www.tsv-muenchingen.de\/fussball\/wp-content\/uploads\/sites\/8\/2024\/07\/17-768x768.png 768w, https:\/\/www.tsv-muenchingen.de\/fussball\/wp-content\/uploads\/sites\/8\/2024\/07\/17-300x300.png 300w, https:\/\/www.tsv-muenchingen.de\/fussball\/wp-content\/uploads\/sites\/8\/2024\/07\/17-150x150.png 150w, https:\/\/www.tsv-muenchingen.de\/fussball\/wp-content\/uploads\/sites\/8\/2024\/07\/17.png 800w\" sizes=\"auto, (max-width: 450px) 100vw, 450px\" \/><\/div><\/div><\/div><div id=\"pg-gb3730-69e541ebb294f-7\"  class=\"panel-grid panel-no-style\" ><div id=\"pgc-gb3730-69e541ebb294f-7-0\"  class=\"panel-grid-cell\" ><div id=\"panel-gb3730-69e541ebb294f-7-0-0\" class=\"so-panel widget widget_text panel-first-child\" data-index=\"19\" ><h3 class=\"widget-title\">Exklusiv Sponsor \/ Textilausr\u00fcster Frauen II<\/h3>\t\t\t<div class=\"textwidget\"><p>Wir bedanken uns bei der Fa. Goetze f\u00fcr die tolle Unterst\u00fctzung.<\/p>\n<\/div>\n\t\t<\/div><div id=\"panel-gb3730-69e541ebb294f-7-0-1\" class=\"so-panel widget widget_media_image panel-last-child\" data-index=\"20\" ><img loading=\"lazy\" decoding=\"async\" width=\"640\" height=\"400\" src=\"https:\/\/www.tsv-muenchingen.de\/fussball\/wp-content\/uploads\/sites\/8\/2024\/08\/goetze-anzeige-tsv-muenchingen-1024x640.jpg\" class=\"image wp-image-4801  attachment-large size-large\" alt=\"\" style=\"max-width: 100%; height: auto;\" srcset=\"https:\/\/www.tsv-muenchingen.de\/fussball\/wp-content\/uploads\/sites\/8\/2024\/08\/goetze-anzeige-tsv-muenchingen-1024x640.jpg 1024w, https:\/\/www.tsv-muenchingen.de\/fussball\/wp-content\/uploads\/sites\/8\/2024\/08\/goetze-anzeige-tsv-muenchingen-300x188.jpg 300w, https:\/\/www.tsv-muenchingen.de\/fussball\/wp-content\/uploads\/sites\/8\/2024\/08\/goetze-anzeige-tsv-muenchingen-768x480.jpg 768w, https:\/\/www.tsv-muenchingen.de\/fussball\/wp-content\/uploads\/sites\/8\/2024\/08\/goetze-anzeige-tsv-muenchingen.jpg 1280w\" sizes=\"auto, (max-width: 640px) 100vw, 640px\" \/><\/div><\/div><\/div><\/div>","protected":false},"excerpt":{"rendered":"<p>Herren 1 mischen die Bezirksliga auf Das Erfolgsrezept der Herren 1: eine stabile Defensive und ein variables Offensivspiel. Die Mannschaft wirkt eingespielt, selbstbewusst und mental gefestigt. \u201eWir haben gezeigt, dass wir in der Bezirksliga absolut konkurrenzf\u00e4hig sind\u201c, lobt das Trainerteam. Auch die Breite des Kaders macht sich bezahlt \u2013 jeder Spieler ist bereit, Verantwortung zu [&hellip;]<\/p>\n","protected":false},"author":65,"featured_media":0,"parent":0,"menu_order":0,"comment_status":"closed","ping_status":"closed","template":"","meta":{"ngg_post_thumbnail":0,"footnotes":""},"class_list":["post-3730","page","type-page","status-publish","hentry"],"publishpress_future_action":{"enabled":false,"date":"2026-04-26 22:58:19","action":"change-status","newStatus":"draft","terms":[],"taxonomy":"","extraData":[]},"publishpress_future_workflow_manual_trigger":{"enabledWorkflows":[]},"_links":{"self":[{"href":"https:\/\/www.tsv-muenchingen.de\/fussball\/wp-json\/wp\/v2\/pages\/3730","targetHints":{"allow":["GET"]}}],"collection":[{"href":"https:\/\/www.tsv-muenchingen.de\/fussball\/wp-json\/wp\/v2\/pages"}],"about":[{"href":"https:\/\/www.tsv-muenchingen.de\/fussball\/wp-json\/wp\/v2\/types\/page"}],"author":[{"embeddable":true,"href":"https:\/\/www.tsv-muenchingen.de\/fussball\/wp-json\/wp\/v2\/users\/65"}],"replies":[{"embeddable":true,"href":"https:\/\/www.tsv-muenchingen.de\/fussball\/wp-json\/wp\/v2\/comments?post=3730"}],"version-history":[{"count":222,"href":"https:\/\/www.tsv-muenchingen.de\/fussball\/wp-json\/wp\/v2\/pages\/3730\/revisions"}],"predecessor-version":[{"id":6029,"href":"https:\/\/www.tsv-muenchingen.de\/fussball\/wp-json\/wp\/v2\/pages\/3730\/revisions\/6029"}],"wp:attachment":[{"href":"https:\/\/www.tsv-muenchingen.de\/fussball\/wp-json\/wp\/v2\/media?parent=3730"}],"curies":[{"name":"wp","href":"https:\/\/api.w.org\/{rel}","templated":true}]}}