{"id":4544,"date":"2024-06-15T16:15:32","date_gmt":"2024-06-15T14:15:32","guid":{"rendered":"https:\/\/www.tsv-muenchingen.de\/fussball\/?page_id=4544"},"modified":"2025-11-05T19:54:16","modified_gmt":"2025-11-05T18:54:16","slug":"online-shop-ausruestungsshop","status":"publish","type":"page","link":"https:\/\/www.tsv-muenchingen.de\/fussball\/online-shop-ausruestungsshop\/","title":{"rendered":"Online-Shop \/ Ausr\u00fcstungsshop"},"content":{"rendered":"\n<h2 class=\"wp-block-heading\">TSV M\u00fcnchingen 1925 e.V.<\/h2>\n\n\n\n<figure class=\"wp-block-image size-full is-resized\"><a href=\"https:\/\/team.jako.com\/de-de\/team\/tsv_muenchingen\/?fbclid=IwZXh0bgNhZW0CMTAAAR1wHkvRNgsQEfKri4PDDNUyUVPESH_St-9-I6hOAsZjizirBOEUGJwfmts_aem_ZmFrZWR1bW15MTZieXRlcw\"><img loading=\"lazy\" decoding=\"async\" width=\"516\" height=\"281\" src=\"https:\/\/www.tsv-muenchingen.de\/fussball\/wp-content\/uploads\/sites\/8\/2025\/11\/Design-ohne-Titel_2.png\" alt=\"\" class=\"wp-image-5961\" style=\"width:770px;height:auto\" srcset=\"https:\/\/www.tsv-muenchingen.de\/fussball\/wp-content\/uploads\/sites\/8\/2025\/11\/Design-ohne-Titel_2.png 516w, https:\/\/www.tsv-muenchingen.de\/fussball\/wp-content\/uploads\/sites\/8\/2025\/11\/Design-ohne-Titel_2-300x163.png 300w\" sizes=\"auto, (max-width: 516px) 100vw, 516px\" \/><\/a><\/figure>\n\n\n<div id=\"pl-gb4544-69e1c3bd3fbe7\"  class=\"panel-layout\" ><div id=\"pg-gb4544-69e1c3bd3fbe7-0\"  class=\"panel-grid panel-no-style\" ><div id=\"pgc-gb4544-69e1c3bd3fbe7-0-0\"  class=\"panel-grid-cell\" ><div id=\"panel-gb4544-69e1c3bd3fbe7-0-0-0\" class=\"so-panel widget widget_text panel-first-child panel-last-child\" data-index=\"0\" >\t\t\t<div class=\"textwidget\"><div class=\"x11i5rnm xat24cr x1mh8g0r x1vvkbs xtlvy1s x126k92a\">\n<div dir=\"auto\">+++ Neuer Onlineshop +++<\/div>\n<div dir=\"auto\"><\/div>\n<\/div>\n<div class=\"x11i5rnm xat24cr x1mh8g0r x1vvkbs xtlvy1s x126k92a\">\n<div dir=\"auto\">Nach langer Planung und Vorbereitungszeit haben wir nun endlich unseren eigenen Onlineshop. Dort kann unsere Vereinskollektion bestellen werden. Zudem findet Ihr n\u00fctzliche Artikel f\u00fcr der Trainingsbetrieb. Selbstverst\u00e4ndlich k\u00f6nnt Ihr die pers\u00f6nliche Veredelung zus\u00e4tzlich konfigurieren.<\/div>\n<\/div>\n<div class=\"x11i5rnm xat24cr x1mh8g0r x1vvkbs xtlvy1s x126k92a\">\n<div dir=\"auto\">Viel Spa\u00df beim st\u00f6bern&#8230; <span class=\"html-span xexx8yu x4uap5 x18d9i69 xkhd6sd x1hl2dhg x16tdsg8 x1vvkbs x3nfvp2 x1j61x8r x1fcty0u xdj266r xat24cr xgzva0m xhhsvwb xxymvpz xlup9mm x1kky2od\"><img loading=\"lazy\" decoding=\"async\" class=\"xz74otr\" src=\"https:\/\/static.xx.fbcdn.net\/images\/emoji.php\/v9\/t1c\/1\/16\/1f6d2.png\" alt=\"\ud83d\uded2\" width=\"16\" height=\"16\" \/><\/span><span class=\"html-span xexx8yu x4uap5 x18d9i69 xkhd6sd x1hl2dhg x16tdsg8 x1vvkbs x3nfvp2 x1j61x8r x1fcty0u xdj266r xat24cr xgzva0m xhhsvwb xxymvpz xlup9mm x1kky2od\"><img loading=\"lazy\" decoding=\"async\" class=\"xz74otr\" src=\"https:\/\/static.xx.fbcdn.net\/images\/emoji.php\/v9\/t9d\/1\/16\/1f45f.png\" alt=\"\ud83d\udc5f\" width=\"16\" height=\"16\" \/><\/span><span class=\"html-span xexx8yu x4uap5 x18d9i69 xkhd6sd x1hl2dhg x16tdsg8 x1vvkbs x3nfvp2 x1j61x8r x1fcty0u xdj266r xat24cr xgzva0m xhhsvwb xxymvpz xlup9mm x1kky2od\"><img loading=\"lazy\" decoding=\"async\" class=\"xz74otr\" src=\"https:\/\/static.xx.fbcdn.net\/images\/emoji.php\/v9\/taf\/1\/16\/26bd.png\" alt=\"\u26bd\ufe0f\" width=\"16\" height=\"16\" \/><\/span><span class=\"html-span xexx8yu x4uap5 x18d9i69 xkhd6sd x1hl2dhg x16tdsg8 x1vvkbs x3nfvp2 x1j61x8r x1fcty0u xdj266r xat24cr xgzva0m xhhsvwb xxymvpz xlup9mm x1kky2od\"><img loading=\"lazy\" decoding=\"async\" class=\"xz74otr\" src=\"https:\/\/static.xx.fbcdn.net\/images\/emoji.php\/v9\/tec\/1\/16\/1f455.png\" alt=\"\ud83d\udc55\" width=\"16\" height=\"16\" \/><\/span><\/div>\n<div dir=\"auto\"><\/div>\n<\/div>\n<div class=\"x11i5rnm xat24cr x1mh8g0r x1vvkbs xtlvy1s x126k92a\">\n<div dir=\"auto\"><span class=\"html-span xdj266r x11i5rnm xat24cr x1mh8g0r xexx8yu x4uap5 x18d9i69 xkhd6sd x1hl2dhg x16tdsg8 x1vvkbs\"><a class=\"x1i10hfl xjbqb8w x1ejq31n xd10rxx x1sy0etr x17r0tee x972fbf xcfux6l x1qhh985 xm0m39n x9f619 x1ypdohk xt0psk2 xe8uvvx xdj266r x11i5rnm xat24cr x1mh8g0r xexx8yu x4uap5 x18d9i69 xkhd6sd x16tdsg8 x1hl2dhg xggy1nq x1a2a7pz x1sur9pj xkrqix3 x1fey0fg\" role=\"link\" href=\"https:\/\/team.jako.com\/de-de\/team\/tsv_muenchingen\/?fbclid=IwZXh0bgNhZW0CMTAAAR1wHkvRNgsQEfKri4PDDNUyUVPESH_St-9-I6hOAsZjizirBOEUGJwfmts_aem_ZmFrZWR1bW15MTZieXRlcw\" target=\"_blank\" rel=\"nofollow noopener\">https:\/\/team.jako.com\/de-de\/team\/tsv_muenchingen\/<\/a><\/span><\/div>\n<div dir=\"auto\"><\/div>\n<\/div>\n<div class=\"x11i5rnm xat24cr x1mh8g0r x1vvkbs xtlvy1s x126k92a\">\n<div dir=\"auto\">Vielen Dank f\u00fcr die Unterst\u00fctzung <span class=\"html-span xdj266r x11i5rnm xat24cr x1mh8g0r xexx8yu x4uap5 x18d9i69 xkhd6sd x1hl2dhg x16tdsg8 x1vvkbs\"><a class=\"x1i10hfl xjbqb8w x1ejq31n xd10rxx x1sy0etr x17r0tee x972fbf xcfux6l x1qhh985 xm0m39n x9f619 x1ypdohk xt0psk2 xe8uvvx xdj266r x11i5rnm xat24cr x1mh8g0r xexx8yu x4uap5 x18d9i69 xkhd6sd x16tdsg8 x1hl2dhg xggy1nq x1a2a7pz x1sur9pj xkrqix3 x1fey0fg xo1l8bm\" role=\"link\" href=\"https:\/\/www.facebook.com\/hashtag\/jako?__eep__=6&amp;__cft__[0]=AZUmDkf4uk_fjm7joQNP5echEBti8x0TsnbnQaZeg21yFig2EeGn7J0ywId1AZ8jfincbCWAsGsG5IDttnDnm2Rgp8wzPYT1o3Job3x4q7pChYcpZkX4FwVFOqpZ-kHg1hYB-b44hinZlo5Sno0HJ-6NuR4aEBgdCxC4pPJqz4FpKIZ914hkuJZ9-SlxF1i4eUAUVPK35h_CyxV1e4nOAivNxfT6X7-DaVqouD5-U80DYw&amp;__tn__=*NK-R\">#jako<\/a><\/span> <span class=\"html-span xdj266r x11i5rnm xat24cr x1mh8g0r xexx8yu x4uap5 x18d9i69 xkhd6sd x1hl2dhg x16tdsg8 x1vvkbs\"><a class=\"x1i10hfl xjbqb8w x1ejq31n xd10rxx x1sy0etr x17r0tee x972fbf xcfux6l x1qhh985 xm0m39n x9f619 x1ypdohk xt0psk2 xe8uvvx xdj266r x11i5rnm xat24cr x1mh8g0r xexx8yu x4uap5 x18d9i69 xkhd6sd x16tdsg8 x1hl2dhg xggy1nq x1a2a7pz x1sur9pj xkrqix3 x1fey0fg xo1l8bm\" role=\"link\" href=\"https:\/\/www.facebook.com\/hashtag\/vereinsexpress?__eep__=6&amp;__cft__[0]=AZUmDkf4uk_fjm7joQNP5echEBti8x0TsnbnQaZeg21yFig2EeGn7J0ywId1AZ8jfincbCWAsGsG5IDttnDnm2Rgp8wzPYT1o3Job3x4q7pChYcpZkX4FwVFOqpZ-kHg1hYB-b44hinZlo5Sno0HJ-6NuR4aEBgdCxC4pPJqz4FpKIZ914hkuJZ9-SlxF1i4eUAUVPK35h_CyxV1e4nOAivNxfT6X7-DaVqouD5-U80DYw&amp;__tn__=*NK-R\">#Vereinsexpress<\/a><\/span><\/div>\n<div dir=\"auto\"><\/div>\n<\/div>\n<div class=\"x11i5rnm xat24cr x1mh8g0r x1vvkbs xtlvy1s x126k92a\">\n<div dir=\"auto\"><span class=\"html-span xdj266r x11i5rnm xat24cr x1mh8g0r xexx8yu x4uap5 x18d9i69 xkhd6sd x1hl2dhg x16tdsg8 x1vvkbs\"><a class=\"x1i10hfl xjbqb8w x1ejq31n xd10rxx x1sy0etr x17r0tee x972fbf xcfux6l x1qhh985 xm0m39n x9f619 x1ypdohk xt0psk2 xe8uvvx xdj266r x11i5rnm xat24cr x1mh8g0r xexx8yu x4uap5 x18d9i69 xkhd6sd x16tdsg8 x1hl2dhg xggy1nq x1a2a7pz x1sur9pj xkrqix3 x1fey0fg xo1l8bm\" role=\"link\" href=\"https:\/\/www.facebook.com\/hashtag\/nurdertsv?__eep__=6&amp;__cft__[0]=AZUmDkf4uk_fjm7joQNP5echEBti8x0TsnbnQaZeg21yFig2EeGn7J0ywId1AZ8jfincbCWAsGsG5IDttnDnm2Rgp8wzPYT1o3Job3x4q7pChYcpZkX4FwVFOqpZ-kHg1hYB-b44hinZlo5Sno0HJ-6NuR4aEBgdCxC4pPJqz4FpKIZ914hkuJZ9-SlxF1i4eUAUVPK35h_CyxV1e4nOAivNxfT6X7-DaVqouD5-U80DYw&amp;__tn__=*NK-R\">#nurderTSV<\/a><\/span> <span class=\"html-span xdj266r x11i5rnm xat24cr x1mh8g0r xexx8yu x4uap5 x18d9i69 xkhd6sd x1hl2dhg x16tdsg8 x1vvkbs\"><a class=\"x1i10hfl xjbqb8w x1ejq31n xd10rxx x1sy0etr x17r0tee x972fbf xcfux6l x1qhh985 xm0m39n x9f619 x1ypdohk xt0psk2 xe8uvvx xdj266r x11i5rnm xat24cr x1mh8g0r xexx8yu x4uap5 x18d9i69 xkhd6sd x16tdsg8 x1hl2dhg xggy1nq x1a2a7pz x1sur9pj xkrqix3 x1fey0fg xo1l8bm\" role=\"link\" href=\"https:\/\/www.facebook.com\/hashtag\/aufdieblaue?__eep__=6&amp;__cft__[0]=AZUmDkf4uk_fjm7joQNP5echEBti8x0TsnbnQaZeg21yFig2EeGn7J0ywId1AZ8jfincbCWAsGsG5IDttnDnm2Rgp8wzPYT1o3Job3x4q7pChYcpZkX4FwVFOqpZ-kHg1hYB-b44hinZlo5Sno0HJ-6NuR4aEBgdCxC4pPJqz4FpKIZ914hkuJZ9-SlxF1i4eUAUVPK35h_CyxV1e4nOAivNxfT6X7-DaVqouD5-U80DYw&amp;__tn__=*NK-R\">#aufdieblaue<\/a><\/span> <span class=\"html-span xdj266r x11i5rnm xat24cr x1mh8g0r xexx8yu x4uap5 x18d9i69 xkhd6sd x1hl2dhg x16tdsg8 x1vvkbs\"><a class=\"x1i10hfl xjbqb8w x1ejq31n xd10rxx x1sy0etr x17r0tee x972fbf xcfux6l x1qhh985 xm0m39n x9f619 x1ypdohk xt0psk2 xe8uvvx xdj266r x11i5rnm xat24cr x1mh8g0r xexx8yu x4uap5 x18d9i69 xkhd6sd x16tdsg8 x1hl2dhg xggy1nq x1a2a7pz x1sur9pj xkrqix3 x1fey0fg xo1l8bm\" role=\"link\" href=\"https:\/\/www.facebook.com\/hashtag\/wirdsindeinteam?__eep__=6&amp;__cft__[0]=AZUmDkf4uk_fjm7joQNP5echEBti8x0TsnbnQaZeg21yFig2EeGn7J0ywId1AZ8jfincbCWAsGsG5IDttnDnm2Rgp8wzPYT1o3Job3x4q7pChYcpZkX4FwVFOqpZ-kHg1hYB-b44hinZlo5Sno0HJ-6NuR4aEBgdCxC4pPJqz4FpKIZ914hkuJZ9-SlxF1i4eUAUVPK35h_CyxV1e4nOAivNxfT6X7-DaVqouD5-U80DYw&amp;__tn__=*NK-R\">#wirdsindeinteam<\/a><\/span> <span class=\"html-span xdj266r x11i5rnm xat24cr x1mh8g0r xexx8yu x4uap5 x18d9i69 xkhd6sd x1hl2dhg x16tdsg8 x1vvkbs\"><a class=\"x1i10hfl xjbqb8w x1ejq31n xd10rxx x1sy0etr x17r0tee x972fbf xcfux6l x1qhh985 xm0m39n x9f619 x1ypdohk xt0psk2 xe8uvvx xdj266r x11i5rnm xat24cr x1mh8g0r xexx8yu x4uap5 x18d9i69 xkhd6sd x16tdsg8 x1hl2dhg xggy1nq x1a2a7pz x1sur9pj xkrqix3 x1fey0fg xo1l8bm\" role=\"link\" href=\"https:\/\/www.facebook.com\/hashtag\/wirsinddabei?__eep__=6&amp;__cft__[0]=AZUmDkf4uk_fjm7joQNP5echEBti8x0TsnbnQaZeg21yFig2EeGn7J0ywId1AZ8jfincbCWAsGsG5IDttnDnm2Rgp8wzPYT1o3Job3x4q7pChYcpZkX4FwVFOqpZ-kHg1hYB-b44hinZlo5Sno0HJ-6NuR4aEBgdCxC4pPJqz4FpKIZ914hkuJZ9-SlxF1i4eUAUVPK35h_CyxV1e4nOAivNxfT6X7-DaVqouD5-U80DYw&amp;__tn__=*NK-R\">#WirSindDabei<\/a><\/span> <span class=\"html-span xdj266r x11i5rnm xat24cr x1mh8g0r xexx8yu x4uap5 x18d9i69 xkhd6sd x1hl2dhg x16tdsg8 x1vvkbs\"><a class=\"x1i10hfl xjbqb8w x1ejq31n xd10rxx x1sy0etr x17r0tee x972fbf xcfux6l x1qhh985 xm0m39n x9f619 x1ypdohk xt0psk2 xe8uvvx xdj266r x11i5rnm xat24cr x1mh8g0r xexx8yu x4uap5 x18d9i69 xkhd6sd x16tdsg8 x1hl2dhg xggy1nq x1a2a7pz x1sur9pj xkrqix3 x1fey0fg xo1l8bm\" role=\"link\" href=\"https:\/\/www.facebook.com\/hashtag\/thinkblue?__eep__=6&amp;__cft__[0]=AZUmDkf4uk_fjm7joQNP5echEBti8x0TsnbnQaZeg21yFig2EeGn7J0ywId1AZ8jfincbCWAsGsG5IDttnDnm2Rgp8wzPYT1o3Job3x4q7pChYcpZkX4FwVFOqpZ-kHg1hYB-b44hinZlo5Sno0HJ-6NuR4aEBgdCxC4pPJqz4FpKIZ914hkuJZ9-SlxF1i4eUAUVPK35h_CyxV1e4nOAivNxfT6X7-DaVqouD5-U80DYw&amp;__tn__=*NK-R\">#thinkblue<\/a><\/span> <span class=\"html-span xdj266r x11i5rnm xat24cr x1mh8g0r xexx8yu x4uap5 x18d9i69 xkhd6sd x1hl2dhg x16tdsg8 x1vvkbs\"><a class=\"x1i10hfl xjbqb8w x1ejq31n xd10rxx x1sy0etr x17r0tee x972fbf xcfux6l x1qhh985 xm0m39n x9f619 x1ypdohk xt0psk2 xe8uvvx xdj266r x11i5rnm xat24cr x1mh8g0r xexx8yu x4uap5 x18d9i69 xkhd6sd x16tdsg8 x1hl2dhg xggy1nq x1a2a7pz x1sur9pj xkrqix3 x1fey0fg xo1l8bm\" role=\"link\" href=\"https:\/\/www.facebook.com\/hashtag\/mu%CC%88nchingen?__eep__=6&amp;__cft__[0]=AZUmDkf4uk_fjm7joQNP5echEBti8x0TsnbnQaZeg21yFig2EeGn7J0ywId1AZ8jfincbCWAsGsG5IDttnDnm2Rgp8wzPYT1o3Job3x4q7pChYcpZkX4FwVFOqpZ-kHg1hYB-b44hinZlo5Sno0HJ-6NuR4aEBgdCxC4pPJqz4FpKIZ914hkuJZ9-SlxF1i4eUAUVPK35h_CyxV1e4nOAivNxfT6X7-DaVqouD5-U80DYw&amp;__tn__=*NK-R\">#m\u00fcnchingen<\/a><\/span> <span class=\"html-span xdj266r x11i5rnm xat24cr x1mh8g0r xexx8yu x4uap5 x18d9i69 xkhd6sd x1hl2dhg x16tdsg8 x1vvkbs\"><a class=\"x1i10hfl xjbqb8w x1ejq31n xd10rxx x1sy0etr x17r0tee x972fbf xcfux6l x1qhh985 xm0m39n x9f619 x1ypdohk xt0psk2 xe8uvvx xdj266r x11i5rnm xat24cr x1mh8g0r xexx8yu x4uap5 x18d9i69 xkhd6sd x16tdsg8 x1hl2dhg xggy1nq x1a2a7pz x1sur9pj xkrqix3 x1fey0fg xo1l8bm\" role=\"link\" href=\"https:\/\/www.facebook.com\/hashtag\/heuteblaumorgenblau?__eep__=6&amp;__cft__[0]=AZUmDkf4uk_fjm7joQNP5echEBti8x0TsnbnQaZeg21yFig2EeGn7J0ywId1AZ8jfincbCWAsGsG5IDttnDnm2Rgp8wzPYT1o3Job3x4q7pChYcpZkX4FwVFOqpZ-kHg1hYB-b44hinZlo5Sno0HJ-6NuR4aEBgdCxC4pPJqz4FpKIZ914hkuJZ9-SlxF1i4eUAUVPK35h_CyxV1e4nOAivNxfT6X7-DaVqouD5-U80DYw&amp;__tn__=*NK-R\">#heuteblaumorgenblau<\/a><\/span> <span class=\"html-span xdj266r x11i5rnm xat24cr x1mh8g0r xexx8yu x4uap5 x18d9i69 xkhd6sd x1hl2dhg x16tdsg8 x1vvkbs\"><a class=\"x1i10hfl xjbqb8w x1ejq31n xd10rxx x1sy0etr x17r0tee x972fbf xcfux6l x1qhh985 xm0m39n x9f619 x1ypdohk xt0psk2 xe8uvvx xdj266r x11i5rnm xat24cr x1mh8g0r xexx8yu x4uap5 x18d9i69 xkhd6sd x16tdsg8 x1hl2dhg xggy1nq x1a2a7pz x1sur9pj xkrqix3 x1fey0fg xo1l8bm\" role=\"link\" href=\"https:\/\/www.facebook.com\/hashtag\/tsv?__eep__=6&amp;__cft__[0]=AZUmDkf4uk_fjm7joQNP5echEBti8x0TsnbnQaZeg21yFig2EeGn7J0ywId1AZ8jfincbCWAsGsG5IDttnDnm2Rgp8wzPYT1o3Job3x4q7pChYcpZkX4FwVFOqpZ-kHg1hYB-b44hinZlo5Sno0HJ-6NuR4aEBgdCxC4pPJqz4FpKIZ914hkuJZ9-SlxF1i4eUAUVPK35h_CyxV1e4nOAivNxfT6X7-DaVqouD5-U80DYw&amp;__tn__=*NK-R\">#TSV<\/a><\/span> <span class=\"html-span xdj266r x11i5rnm xat24cr x1mh8g0r xexx8yu x4uap5 x18d9i69 xkhd6sd x1hl2dhg x16tdsg8 x1vvkbs\"><a class=\"x1i10hfl xjbqb8w x1ejq31n xd10rxx x1sy0etr x17r0tee x972fbf xcfux6l x1qhh985 xm0m39n x9f619 x1ypdohk xt0psk2 xe8uvvx xdj266r x11i5rnm xat24cr x1mh8g0r xexx8yu x4uap5 x18d9i69 xkhd6sd x16tdsg8 x1hl2dhg xggy1nq x1a2a7pz x1sur9pj xkrqix3 x1fey0fg xo1l8bm\" role=\"link\" href=\"https:\/\/www.facebook.com\/hashtag\/l%C3%A4uftbeiuns?__eep__=6&amp;__cft__[0]=AZUmDkf4uk_fjm7joQNP5echEBti8x0TsnbnQaZeg21yFig2EeGn7J0ywId1AZ8jfincbCWAsGsG5IDttnDnm2Rgp8wzPYT1o3Job3x4q7pChYcpZkX4FwVFOqpZ-kHg1hYB-b44hinZlo5Sno0HJ-6NuR4aEBgdCxC4pPJqz4FpKIZ914hkuJZ9-SlxF1i4eUAUVPK35h_CyxV1e4nOAivNxfT6X7-DaVqouD5-U80DYw&amp;__tn__=*NK-R\">#l\u00e4uftbeiuns<\/a><\/span><\/div>\n<\/div>\n<\/div>\n\t\t<\/div><\/div><\/div><\/div>","protected":false},"excerpt":{"rendered":"<p>TSV M\u00fcnchingen 1925 e.V.<\/p>\n","protected":false},"author":65,"featured_media":0,"parent":0,"menu_order":0,"comment_status":"closed","ping_status":"closed","template":"","meta":{"ngg_post_thumbnail":0,"footnotes":""},"class_list":["post-4544","page","type-page","status-publish","hentry"],"publishpress_future_action":{"enabled":false,"date":"2026-04-24 07:23:09","action":"change-status","newStatus":"draft","terms":[],"taxonomy":"","extraData":[]},"publishpress_future_workflow_manual_trigger":{"enabledWorkflows":[]},"_links":{"self":[{"href":"https:\/\/www.tsv-muenchingen.de\/fussball\/wp-json\/wp\/v2\/pages\/4544","targetHints":{"allow":["GET"]}}],"collection":[{"href":"https:\/\/www.tsv-muenchingen.de\/fussball\/wp-json\/wp\/v2\/pages"}],"about":[{"href":"https:\/\/www.tsv-muenchingen.de\/fussball\/wp-json\/wp\/v2\/types\/page"}],"author":[{"embeddable":true,"href":"https:\/\/www.tsv-muenchingen.de\/fussball\/wp-json\/wp\/v2\/users\/65"}],"replies":[{"embeddable":true,"href":"https:\/\/www.tsv-muenchingen.de\/fussball\/wp-json\/wp\/v2\/comments?post=4544"}],"version-history":[{"count":25,"href":"https:\/\/www.tsv-muenchingen.de\/fussball\/wp-json\/wp\/v2\/pages\/4544\/revisions"}],"predecessor-version":[{"id":5967,"href":"https:\/\/www.tsv-muenchingen.de\/fussball\/wp-json\/wp\/v2\/pages\/4544\/revisions\/5967"}],"wp:attachment":[{"href":"https:\/\/www.tsv-muenchingen.de\/fussball\/wp-json\/wp\/v2\/media?parent=4544"}],"curies":[{"name":"wp","href":"https:\/\/api.w.org\/{rel}","templated":true}]}}