{"id":981,"date":"2021-08-05T08:37:29","date_gmt":"2021-08-05T06:37:29","guid":{"rendered":"https:\/\/www.tsv-muenchingen.de\/fussball\/?page_id=981"},"modified":"2024-01-18T16:53:38","modified_gmt":"2024-01-18T15:53:38","slug":"freundeskreis-des-tsv","status":"publish","type":"page","link":"https:\/\/www.tsv-muenchingen.de\/fussball\/freundeskreis-des-tsv\/","title":{"rendered":"Freundeskreis des TSV"},"content":{"rendered":"\n<figure class=\"wp-block-image\"><img decoding=\"async\" src=\"https:\/\/www.tsv-muenchingen-fussball.de\/files\/freundeskreis.jpg\" alt=\"\" \/><\/figure>\n\n\n\n<h2 class=\"wp-block-heading\">Herzlich Willkommen !!!<\/h2>\n\n\n\n<p>auf den Seiten des Freundeskreis der Fu\u00dfballabteilung des TSV M\u00fcnchingen e.V.<\/p>\n\n\n\n<figure class=\"wp-block-image\"><img decoding=\"async\" src=\"https:\/\/www.tsv-muenchingen-fussball.de\/files\/freundeskreis_1.jpg\" alt=\"\" \/><\/figure>\n\n\n\n<p><strong>Liebe Fu\u00dfballfreunde,<\/strong><br><br>Fu\u00dfballsport verbindet, erzieht unsere Kinder, Jugendliche und Heranwachsende. Er pflegt alte Tugenden wie <strong>Kameradschaft<\/strong> und <strong>Zusammengeh\u00f6rigkeit<\/strong> in dieser Welt, die durch Computer \/ Internet zu vereinsamen droht.<br><br>Die vielen ehrenamtlichen Helfer, Trainer und Eltern und nat\u00fcrlich auch unsere Spieler wollen wir unterst\u00fctzen, deshalb haben wir den <strong>&#8222;Freundeskreis der Fu\u00dfballabteilung&#8220; <\/strong>des <strong>TSV M\u00fcnchingen e.V.<\/strong> gegr\u00fcndet. Er hat den satzungsm\u00e4\u00dfigen Zweck die Fu\u00dfballabteilung des <strong>TSV M\u00fcnchingen<\/strong> ideell durch Beschaffung von Mitteln zu f\u00f6rdern.<br><br>Die aktuellen Herren und Damen Mannschaften bestehen zum gr\u00f6\u00dften Teil aus <strong>&#8222;M\u00fcnchinger Eigengew\u00e4chsen&#8220;<\/strong>. Diesen Trend wollen wir fortsetzen. Dazu bedarf es der <strong>Unterst\u00fctzung der eigenen Jugendarbeit<\/strong>. Zur Zeit nehmen 4 Juniorinnen- und 11 Juniorenmannschaften am Spielbetrieb teil. Es sind sehr hoffnungsvolle Talente darunter.<br><br>Das ist der Weg den der <strong>TSV M\u00fcnchingen<\/strong> mittel- und langfristig gehen muss!<br><br>Das Bauen auf die Jugendspieler, die Bindung der Jugendspieler an den <strong>TSV M\u00fcnchingen<\/strong> ist unser Leitsatz.<\/p>\n\n\n\n<p><br>Sie k\u00f6nnen uns unterst\u00fctzen durch<\/p>\n\n\n\n<ul class=\"wp-block-list\">\n<li><strong>Spenden<\/strong><\/li>\n\n\n\n<li><strong>Anzeigen \/ Werbung in unserem Stadionheft<\/strong><\/li>\n\n\n\n<li><strong>Plakatwerbung f\u00fcr unsere Heimspiele<\/strong><\/li>\n<\/ul>\n\n\n\n<h3 class=\"wp-block-heading\">oder <strong>aber durch Ihre Mitgliedschaft im Freundeskreis e.V.<\/strong><\/h3>\n\n\n\n<figure class=\"wp-block-table\"><table><tbody><tr><td><strong>Ansprechpartner:<\/strong> <br><strong>Eberhard Kugler<\/strong><br><strong>Michael Heck <\/strong><\/td><td>\u00a0 <br><strong>-&gt; Mail: <a href=\"&#x6d;&#x61;&#105;l&#x74;&#x6f;&#x3a;&#104;p&#x2d;&#x6b;&#x75;&#114;z&#x40;&#x77;&#x65;&#98;&#46;&#x64;&#x65;\">&#x4b;&#117;g&#x6c;&#101;r&#x2d;&#70;r&#x65;&#x75;&#110;&#x64;&#x65;&#115;k&#x72;&#101;i&#x73;&#64;g&#x6d;&#x78;&#46;&#x64;&#x65; <\/a>-&gt; 0173 10 13 111<\/strong><br><strong>-&gt; Mail: <a href=\"&#109;&#x61;&#x69;&#108;&#x74;&#x6f;&#58;&#x6d;&#x69;&#99;&#x68;&#x61;&#49;&#x38;&#x30;&#54;&#x40;&#x74;&#45;&#x6f;&#x6e;&#108;&#x69;&#x6e;&#101;&#x2e;&#x64;e\">m&#105;&#x63;&#x68;&#x61;1&#56;&#x30;&#x36;&#x40;t&#45;&#x6f;&#x6e;&#x6c;i&#110;&#x65;&#x2e;&#x64;e<\/a><\/strong> <strong>-&gt; 0157 71 59 18 06<\/strong><\/td><\/tr><\/tbody><\/table><\/figure>\n","protected":false},"excerpt":{"rendered":"<p>Herzlich Willkommen !!! auf den Seiten des Freundeskreis der Fu\u00dfballabteilung des TSV M\u00fcnchingen e.V. Liebe Fu\u00dfballfreunde, Fu\u00dfballsport verbindet, erzieht unsere Kinder, Jugendliche und Heranwachsende. Er pflegt alte Tugenden wie Kameradschaft und Zusammengeh\u00f6rigkeit in dieser Welt, die durch Computer \/ Internet zu vereinsamen droht. Die vielen ehrenamtlichen Helfer, Trainer und Eltern und nat\u00fcrlich auch unsere Spieler [&hellip;]<\/p>\n","protected":false},"author":40,"featured_media":0,"parent":0,"menu_order":0,"comment_status":"closed","ping_status":"closed","template":"","meta":{"ngg_post_thumbnail":0,"footnotes":""},"class_list":["post-981","page","type-page","status-publish","hentry"],"publishpress_future_action":{"enabled":false,"date":"2026-04-26 17:33:00","action":"change-status","newStatus":"draft","terms":[],"taxonomy":"","extraData":[]},"publishpress_future_workflow_manual_trigger":{"enabledWorkflows":[]},"_links":{"self":[{"href":"https:\/\/www.tsv-muenchingen.de\/fussball\/wp-json\/wp\/v2\/pages\/981","targetHints":{"allow":["GET"]}}],"collection":[{"href":"https:\/\/www.tsv-muenchingen.de\/fussball\/wp-json\/wp\/v2\/pages"}],"about":[{"href":"https:\/\/www.tsv-muenchingen.de\/fussball\/wp-json\/wp\/v2\/types\/page"}],"author":[{"embeddable":true,"href":"https:\/\/www.tsv-muenchingen.de\/fussball\/wp-json\/wp\/v2\/users\/40"}],"replies":[{"embeddable":true,"href":"https:\/\/www.tsv-muenchingen.de\/fussball\/wp-json\/wp\/v2\/comments?post=981"}],"version-history":[{"count":2,"href":"https:\/\/www.tsv-muenchingen.de\/fussball\/wp-json\/wp\/v2\/pages\/981\/revisions"}],"predecessor-version":[{"id":4330,"href":"https:\/\/www.tsv-muenchingen.de\/fussball\/wp-json\/wp\/v2\/pages\/981\/revisions\/4330"}],"wp:attachment":[{"href":"https:\/\/www.tsv-muenchingen.de\/fussball\/wp-json\/wp\/v2\/media?parent=981"}],"curies":[{"name":"wp","href":"https:\/\/api.w.org\/{rel}","templated":true}]}}