{"id":52,"date":"2021-02-13T14:22:15","date_gmt":"2021-02-13T13:22:15","guid":{"rendered":"https:\/\/www.tsv-muenchingen.de\/leichtathletik\/?page_id=52"},"modified":"2025-05-26T21:28:35","modified_gmt":"2025-05-26T19:28:35","slug":"trainingablauf","status":"publish","type":"page","link":"https:\/\/www.tsv-muenchingen.de\/leichtathletik\/sportabzeichen\/trainingablauf\/","title":{"rendered":"Trainingsablauf"},"content":{"rendered":"\n<figure class=\"wp-block-table\"><table><tbody><tr><td>Jeden Montag 18:30 bis 20:00Uhr<\/td><td>Von Mai bis Oktober, au\u00dfer an Feiertagen.<br>Sportplatz M\u00fcnchingen<\/td><\/tr><\/tbody><\/table><\/figure>\n\n\n\n<p>Wir beginnen soweit als m\u00f6glich <strong>p\u00fcnktlich 18.30 Uhr<\/strong> mit <strong>warmlaufen<\/strong> (es ist empfohlen, dies schon 10 min vorher in leichtem Trab eigenst\u00e4ndig ausgiebig selbst zu tun!).<br>Danach ein leichtes 10-min\u00fctiges <strong>Dehnungstraining<\/strong>. (Verletzungsprophylaxe)<\/p>\n\n\n\n<p><strong>Jeder Teilnehmer<\/strong> ist aber auch \u00fcber den WLSB &#8222;<strong>grundversichert&#8220;.<\/strong> F\u00fcr Fragen steht der DSA-Leiter zur Verf\u00fcgung.<\/p>\n\n\n\n<p>Je nach Wetter und Anzahl der Pr\u00fcfer wie Teilnehmer wird dann <strong>aktuell <\/strong>entschieden,welche <strong>leichtathletischen Disziplinen<\/strong> angeboten werden k\u00f6nnen, da hier jeweils Aufsicht und Anleitung als erste Sicherheits-Bedingung unserer Kompetenz besteht.<\/p>\n\n\n\n<p>Es sind dies <strong>Sprint <\/strong>(30 &#8211; 100m), <strong>Stoss\/Wurf<\/strong> (Kugel- und Steinstoss wie Schlag-,Wurf-und Schleuderball sowie ganz neu Zonenweitwurf), im w\u00f6chentlichen Wechsel bzw. nach Bedarf (Zonen-) <strong>Weit-oder Hochsprung <\/strong>(Turnen meist im Herbst in der Halle!) und zuletzt den Bereich<strong> Ausdauer<\/strong> mit den langen L\u00e4ufen 800 &#8211; 3000 m bzw. Walking 7,5 km.<br><\/p>\n\n\n\n<p>Es kann die <strong>jeweilige Sportart<\/strong> immer nur an einem Abnahmetag <strong>1x <\/strong>gepr\u00fcft\/abgelegt werden und an einem der n\u00e4chsten Abnahme-\/\u00dcbungsabende wiederholt\/verbessert werden.<\/p>\n\n\n\n<p><strong>Vorrangig<\/strong> sollten jedoch zuerst die einzelnen <strong>5 Disziplinbereiche<\/strong> SOLL-erf\u00fcllt werden und danach erst &#8211; wenn gewollt -Verbesserungen versucht werden.<\/p>\n\n\n\n<p><strong>Walking<\/strong> wird meist in den etwas schw\u00e4cher frequentierten Ferienzeiten abgenommen (Zeitbedarf Einzelner).<\/p>\n\n\n\n<p><strong>Fahrrad<\/strong> &#8211; Ausdauer meist als Sonderabnahme an einem Samstag im Herbst, ebenso Fahrradsprint (200m).<\/p>\n\n\n\n<p>Im Vordergrund steht aufgrund der M\u00f6glichkeit komprimierter Disziplinenabnahme immer <strong>zuerst <\/strong>der Versuch der Erf\u00fcllung &#8222;<strong>leichtathletischer&#8220; <\/strong>Disziplinen. Sie sind Ausdruck der Bewegungsbilder Kraft-Schnellkraft-Koordination-Ausdauer.<\/p>\n\n\n\n<p>An festgelegten Montagen p\u00fcnktlich <strong>19.40 Uhr<\/strong> gehen angemeldete Teilnehmer mit 1 Pr\u00fcfer\/in zur Hallenbadkasse (Sondereintritt) zur Abnahme der 200 m bzw. 100 m bzw. auch mal 1000 m <strong>SCHWIMM<\/strong>-Strecke in 25m-Bahnen. Einzelabnahmen jeder f\u00fcr sich selbst mit Formular jederzeit m\u00f6glich.<\/p>\n\n\n\n<p><strong>Zusammenfassung:<\/strong> <\/p>\n\n\n\n<p>&#8211; Beginn 18.30 Uhr Sportplatz <br>&#8211; Abnahme in den leichtathletisch geforderten Disziplinen nach tagesaktueller (Wetter-\/Pr\u00fcfer-) Lage ab ca. 18.45 Uhr &#8211; 20.15 Uhr l\u00e4ngstens <br>&#8211; Schwimmen jeweils mit Anmeldung 19.30 Uhr , ab 19.40 Uhr gemeinsam mit 1 Pr\u00fcfer\/in im FZB.<br><\/p>\n\n\n\n<p><strong>Besonderheiten:<\/strong><\/p>\n\n\n\n<p>&#8211; grunds\u00e4tzlich ist es unser Ziel als Pr\u00fcferteam und sollte auch die Absicht jedes einzelnen DSA-Teilnehmers sein, alle 5 Disziplinbereiche aus nahezu 20 Sportarten, zu erf\u00fcllen. Fast 25 Wochen leiten wir ehrenamtlich und es w\u00e4re somit schade nach 3 oder 4 Disziplinen oder ohne Schwimmen einfach abzubrechen. Bitte sprechen Sie die Pr\u00fcfer bei Problemen oder bei der Disziplinenauswahl an.<\/p>\n\n\n\n<p>-Teilnehmer unseres St\u00fctzpunktes k\u00f6nnen eine einzelne\/ oder mehrere Pr\u00fcfungsdisziplin(en) auch von anderen, satzungsbestimmten Stellen\/Institutionen abnehmen lassen ( an Schulen, an anderen St\u00fctzpunkten,von Bademeistern, DLRG usw.). Diese m\u00fcssen jedoch mittels einer abgestempelten Pr\u00fcfkarte oder autorisiertem Schriftst\u00fcck best\u00e4tigt werden und k\u00f6nnen dann an unserem St\u00fctzpunkt eingereicht\/angerechnet und\/oder mittels \u00fcbriger Disziplinenabnahme das DSA insgesamt erworben werden.<\/p>\n","protected":false},"excerpt":{"rendered":"<p>Jeden Montag 18:30 bis 20:00Uhr Von Mai bis Oktober, au\u00dfer an Feiertagen.Sportplatz M\u00fcnchingen Wir beginnen soweit als m\u00f6glich p\u00fcnktlich 18.30 Uhr mit warmlaufen (es ist empfohlen, dies schon 10 min vorher in leichtem Trab eigenst\u00e4ndig ausgiebig selbst zu tun!).Danach ein leichtes 10-min\u00fctiges Dehnungstraining. (Verletzungsprophylaxe) Jeder Teilnehmer ist aber auch \u00fcber den WLSB &#8222;grundversichert&#8220;. F\u00fcr Fragen [&hellip;]<\/p>\n","protected":false},"author":1,"featured_media":0,"parent":14,"menu_order":1,"comment_status":"closed","ping_status":"closed","template":"","meta":{"footnotes":""},"class_list":["post-52","page","type-page","status-publish","hentry"],"publishpress_future_action":{"enabled":false,"date":"2026-05-09 12:11:25","action":"change-status","newStatus":"draft","terms":[],"taxonomy":"","extraData":[]},"publishpress_future_workflow_manual_trigger":{"enabledWorkflows":[]},"_links":{"self":[{"href":"https:\/\/www.tsv-muenchingen.de\/leichtathletik\/wp-json\/wp\/v2\/pages\/52","targetHints":{"allow":["GET"]}}],"collection":[{"href":"https:\/\/www.tsv-muenchingen.de\/leichtathletik\/wp-json\/wp\/v2\/pages"}],"about":[{"href":"https:\/\/www.tsv-muenchingen.de\/leichtathletik\/wp-json\/wp\/v2\/types\/page"}],"author":[{"embeddable":true,"href":"https:\/\/www.tsv-muenchingen.de\/leichtathletik\/wp-json\/wp\/v2\/users\/1"}],"replies":[{"embeddable":true,"href":"https:\/\/www.tsv-muenchingen.de\/leichtathletik\/wp-json\/wp\/v2\/comments?post=52"}],"version-history":[{"count":7,"href":"https:\/\/www.tsv-muenchingen.de\/leichtathletik\/wp-json\/wp\/v2\/pages\/52\/revisions"}],"predecessor-version":[{"id":282,"href":"https:\/\/www.tsv-muenchingen.de\/leichtathletik\/wp-json\/wp\/v2\/pages\/52\/revisions\/282"}],"up":[{"embeddable":true,"href":"https:\/\/www.tsv-muenchingen.de\/leichtathletik\/wp-json\/wp\/v2\/pages\/14"}],"wp:attachment":[{"href":"https:\/\/www.tsv-muenchingen.de\/leichtathletik\/wp-json\/wp\/v2\/media?parent=52"}],"curies":[{"name":"wp","href":"https:\/\/api.w.org\/{rel}","templated":true}]}}