{"id":64,"date":"2021-02-13T14:33:18","date_gmt":"2021-02-13T13:33:18","guid":{"rendered":"https:\/\/www.tsv-muenchingen.de\/leichtathletik\/?page_id=64"},"modified":"2021-02-13T14:39:38","modified_gmt":"2021-02-13T13:39:38","slug":"faq","status":"publish","type":"page","link":"https:\/\/www.tsv-muenchingen.de\/leichtathletik\/sportabzeichen\/faq\/","title":{"rendered":"FAQ"},"content":{"rendered":"\n<p><strong>Frage:<\/strong><br>Mein Kind hat im Fr\u00fchjahr in der Schule und im Herbst im Rahmen der allgemeinen Leichtathletik 5 DSA-Disziplin-Bereiche absolviert. Warum gibt es keine Urkunde \u00fcber die Leichtathletik?<br><strong><em><br>Antwort:<\/em><\/strong><br>Satzungsgem\u00e4\u00df darf nur 1x im Jahr das DSA abgelegt und somit auch verliehen werden. Die Institution, welche zuerst \u00fcber den Sportkreis die Anmeldung einreicht, erh\u00e4lt die Urkunde und muss sie auch an den Teilnehmer weiterreichen.<\/p>\n\n\n\n<hr class=\"wp-block-separator is-style-default\"\/>\n\n\n\n<p><strong>Frage:<\/strong><br>2 Elternteile haben ihr DSA \u00fcber die DSA-Sportgruppe abgelegt. Gibt es dann auch ein Familienabzeichen?<\/p>\n\n\n\n<p><strong><em>Antwort:<\/em><\/strong><br>Nur, wenn der DSA-Leiter mittels vorgelegter Urkunde der 3. Person (2 Generationen!) den Nachweis erh\u00e4lt, kann er ausdr\u00fccklich eine Familienurkunde anfordern.<\/p>\n\n\n\n<hr class=\"wp-block-separator is-style-default\"\/>\n\n\n\n<p><strong>Frage:<\/strong><br>Wann gibt es eigentlich grunds\u00e4tzlich eine Familienurkunde?<\/p>\n\n\n\n<p><strong><em>Antwort:<\/em><\/strong><br>Wenn mindestens 3 Personen aus 2 Generationen einer Familie ein Sportabzeichen pro Kalenderjahr nachweisen k\u00f6nnen.<\/p>\n\n\n\n<hr class=\"wp-block-separator is-style-default\"\/>\n\n\n\n<p><strong>Frage:<\/strong><br>Warum wird das Sportabzeichen sehr korrekt nach satzungsgem\u00e4\u00dfen Regeln abgenommen?<\/p>\n\n\n\n<p><strong><em>Antwort:<\/em><\/strong><br>Die Disziplinenabnahme erfolgt im Grundsatz nach Vorschriften der IWR (internationale Leichtathletik-Wettkampfrichtlinien) &#8211; allerdings nach gelockerten, einfacheren speziellen Satzungsrichtlinien des DSA. Dazuhin absolvieren alle Pr\u00fcfer eine 2 t\u00e4gige Ausbildung in Theorie und Praxis mit \u201eErste Hilfe\u201c Kurs.<br>Die Korrektheit der Abnahmen ist deswegen f\u00fcr die Pr\u00fcfer\/innen verpflichtend, weil die Urkunde (je nach Stufe) mit Abzeichen die einzig anerkannte, \u00f6ffentliche Ordensverleihung f\u00fcr Erwachsene f\u00fcr allgemeine, sportliche Fitness darstellt.(Bundesgesetzblatt), f\u00fcr Jugendliche als besondere, \u00f6ffentliche Auszeichnung.<\/p>\n","protected":false},"excerpt":{"rendered":"<p>Frage:Mein Kind hat im Fr\u00fchjahr in der Schule und im Herbst im Rahmen der allgemeinen Leichtathletik 5 DSA-Disziplin-Bereiche absolviert. Warum gibt es keine Urkunde \u00fcber die Leichtathletik?Antwort:Satzungsgem\u00e4\u00df darf nur 1x im Jahr das DSA abgelegt und somit auch verliehen werden. Die Institution, welche zuerst \u00fcber den Sportkreis die Anmeldung einreicht, erh\u00e4lt die Urkunde und muss [&hellip;]<\/p>\n","protected":false},"author":1,"featured_media":0,"parent":14,"menu_order":10,"comment_status":"closed","ping_status":"closed","template":"","meta":{"footnotes":""},"class_list":["post-64","page","type-page","status-publish","hentry"],"publishpress_future_action":{"enabled":false,"date":"2026-05-09 13:10:55","action":"change-status","newStatus":"draft","terms":[],"taxonomy":"","extraData":[]},"publishpress_future_workflow_manual_trigger":{"enabledWorkflows":[]},"_links":{"self":[{"href":"https:\/\/www.tsv-muenchingen.de\/leichtathletik\/wp-json\/wp\/v2\/pages\/64","targetHints":{"allow":["GET"]}}],"collection":[{"href":"https:\/\/www.tsv-muenchingen.de\/leichtathletik\/wp-json\/wp\/v2\/pages"}],"about":[{"href":"https:\/\/www.tsv-muenchingen.de\/leichtathletik\/wp-json\/wp\/v2\/types\/page"}],"author":[{"embeddable":true,"href":"https:\/\/www.tsv-muenchingen.de\/leichtathletik\/wp-json\/wp\/v2\/users\/1"}],"replies":[{"embeddable":true,"href":"https:\/\/www.tsv-muenchingen.de\/leichtathletik\/wp-json\/wp\/v2\/comments?post=64"}],"version-history":[{"count":1,"href":"https:\/\/www.tsv-muenchingen.de\/leichtathletik\/wp-json\/wp\/v2\/pages\/64\/revisions"}],"predecessor-version":[{"id":65,"href":"https:\/\/www.tsv-muenchingen.de\/leichtathletik\/wp-json\/wp\/v2\/pages\/64\/revisions\/65"}],"up":[{"embeddable":true,"href":"https:\/\/www.tsv-muenchingen.de\/leichtathletik\/wp-json\/wp\/v2\/pages\/14"}],"wp:attachment":[{"href":"https:\/\/www.tsv-muenchingen.de\/leichtathletik\/wp-json\/wp\/v2\/media?parent=64"}],"curies":[{"name":"wp","href":"https:\/\/api.w.org\/{rel}","templated":true}]}}