{"id":11,"date":"2021-01-31T23:01:47","date_gmt":"2021-01-31T22:01:47","guid":{"rendered":"https:\/\/www.tsv-muenchingen.de\/sportheim-restaurant\/?page_id=11"},"modified":"2021-01-31T23:17:29","modified_gmt":"2021-01-31T22:17:29","slug":"feste-feiern","status":"publish","type":"page","link":"https:\/\/www.tsv-muenchingen.de\/sportheim-restaurant\/feste-feiern\/","title":{"rendered":"FESTE FEIERN"},"content":{"rendered":"\n<p>Planen Sie ein Geburtstags- oder Familienfest, eine Weihnachts- oder Firmenfeier?<\/p>\n\n\n\n<p>Die Zufriedenheit unserer Kunden und das Wohlbefinden ihrer G\u00e4ste sind unser Anliegen. Kompetent, freundlich und hilfsbereit<br>betreuen wir Ihre Veranstaltung von Anfang bis Ende und finden f\u00fcr gro\u00dfe und kleine Gesellschaften die passenden M\u00f6glichkeiten.<\/p>\n\n\n\n<p>F\u00fcr Ihre Feste und Feiern stehen in unseren R\u00e4umlichkeiten insgesamt 180 Pl\u00e4tze zur Verf\u00fcgung. Im Fr\u00fchjahr und Sommer bietet<br>unsere Sonnenterrasse Platz f\u00fcr gesellige Runden unter freiem Himmel.<\/p>\n\n\n\n<p>Rufen Sie uns an: 07150 \u2013 82 73 413<\/p>\n","protected":false},"excerpt":{"rendered":"<p>Planen Sie ein Geburtstags- oder Familienfest, eine Weihnachts- oder Firmenfeier? Die Zufriedenheit unserer Kunden und das Wohlbefinden ihrer G\u00e4ste sind unser Anliegen. Kompetent, freundlich und hilfsbereitbetreuen wir Ihre Veranstaltung von Anfang bis Ende und finden f\u00fcr gro\u00dfe und kleine Gesellschaften die passenden M\u00f6glichkeiten. F\u00fcr Ihre Feste und Feiern stehen in unseren R\u00e4umlichkeiten insgesamt 180 Pl\u00e4tze [&hellip;]<\/p>\n","protected":false},"author":1,"featured_media":0,"parent":0,"menu_order":0,"comment_status":"closed","ping_status":"closed","template":"","meta":{"footnotes":""},"class_list":["post-11","page","type-page","status-publish","hentry"],"publishpress_future_action":{"enabled":false,"date":"2026-05-20 21:30:25","action":"change-status","newStatus":"draft","terms":[],"taxonomy":"","extraData":[]},"publishpress_future_workflow_manual_trigger":{"enabledWorkflows":[]},"_links":{"self":[{"href":"https:\/\/www.tsv-muenchingen.de\/sportheim-restaurant\/wp-json\/wp\/v2\/pages\/11","targetHints":{"allow":["GET"]}}],"collection":[{"href":"https:\/\/www.tsv-muenchingen.de\/sportheim-restaurant\/wp-json\/wp\/v2\/pages"}],"about":[{"href":"https:\/\/www.tsv-muenchingen.de\/sportheim-restaurant\/wp-json\/wp\/v2\/types\/page"}],"author":[{"embeddable":true,"href":"https:\/\/www.tsv-muenchingen.de\/sportheim-restaurant\/wp-json\/wp\/v2\/users\/1"}],"replies":[{"embeddable":true,"href":"https:\/\/www.tsv-muenchingen.de\/sportheim-restaurant\/wp-json\/wp\/v2\/comments?post=11"}],"version-history":[{"count":2,"href":"https:\/\/www.tsv-muenchingen.de\/sportheim-restaurant\/wp-json\/wp\/v2\/pages\/11\/revisions"}],"predecessor-version":[{"id":31,"href":"https:\/\/www.tsv-muenchingen.de\/sportheim-restaurant\/wp-json\/wp\/v2\/pages\/11\/revisions\/31"}],"wp:attachment":[{"href":"https:\/\/www.tsv-muenchingen.de\/sportheim-restaurant\/wp-json\/wp\/v2\/media?parent=11"}],"curies":[{"name":"wp","href":"https:\/\/api.w.org\/{rel}","templated":true}]}}