{"id":20,"date":"2021-03-05T15:22:26","date_gmt":"2021-03-05T14:22:26","guid":{"rendered":"https:\/\/www.tsv-muenchingen.de\/tischtennis\/?page_id=20"},"modified":"2024-09-23T07:33:00","modified_gmt":"2024-09-23T05:33:00","slug":"trainingszeiten","status":"publish","type":"page","link":"https:\/\/www.tsv-muenchingen.de\/tischtennis\/trainingszeiten\/","title":{"rendered":"Trainingszeiten"},"content":{"rendered":"\n<p><\/p>\n\n\n\n<p><\/p>\n\n\n\n<div class=\"wp-block-columns is-layout-flex wp-container-core-columns-is-layout-28f84493 wp-block-columns-is-layout-flex\">\n<div class=\"wp-block-column is-layout-flow wp-block-column-is-layout-flow\" style=\"flex-basis:10%\">\n<p>Montag<\/p>\n<\/div>\n\n\n\n<div class=\"wp-block-column is-layout-flow wp-block-column-is-layout-flow\" style=\"flex-basis:66.66%\">\n<p>19:30 Uhr \u2013 22:00 Uhr (Aktive)<br>19:30 &#8211; 20:00 Uhr ein Hallendrittel, ab 20:00 Uhr zwei Hallendrittel<\/p>\n<\/div>\n<\/div>\n\n\n\n<div class=\"wp-block-columns is-layout-flex wp-container-core-columns-is-layout-28f84493 wp-block-columns-is-layout-flex\">\n<div class=\"wp-block-column is-layout-flow wp-block-column-is-layout-flow\" style=\"flex-basis:10%\">\n<p>Donnerstag<\/p>\n<\/div>\n\n\n\n<div class=\"wp-block-column is-layout-flow wp-block-column-is-layout-flow\" style=\"flex-basis:66.66%\">\n<p>18.00 Uhr \u2013 20:00 Uhr (Jugend)<br>19:30 Uhr \u2013 22:00 Uhr (Aktive)<br>jeweils zwei Hallendrittel<\/p>\n<\/div>\n<\/div>\n\n\n\n<p>Wir trainieren in der Sporthalle M\u00fcnchingen (unterer Eingang auf der Sportplatzseite).<\/p>\n\n\n\n<p>Kornwestheimer Stra\u00dfe 1 (beim Hallenbad)<br>70825 Korntal-M\u00fcnchingen<\/p>\n","protected":false},"excerpt":{"rendered":"<p>Montag 19:30 Uhr \u2013 22:00 Uhr (Aktive)19:30 &#8211; 20:00 Uhr ein Hallendrittel, ab 20:00 Uhr zwei Hallendrittel Donnerstag 18.00 Uhr \u2013 20:00 Uhr (Jugend)19:30 Uhr \u2013 22:00 Uhr (Aktive)jeweils zwei Hallendrittel Wir trainieren in der Sporthalle M\u00fcnchingen (unterer Eingang auf der Sportplatzseite). Kornwestheimer Stra\u00dfe 1 (beim Hallenbad)70825 Korntal-M\u00fcnchingen<\/p>\n","protected":false},"author":1,"featured_media":0,"parent":0,"menu_order":0,"comment_status":"closed","ping_status":"closed","template":"","meta":{"footnotes":""},"class_list":["post-20","page","type-page","status-publish","hentry"],"publishpress_future_action":{"enabled":false,"date":"2026-05-09 08:30:46","action":"change-status","newStatus":"draft","terms":[],"taxonomy":"","extraData":[]},"publishpress_future_workflow_manual_trigger":{"enabledWorkflows":[]},"_links":{"self":[{"href":"https:\/\/www.tsv-muenchingen.de\/tischtennis\/wp-json\/wp\/v2\/pages\/20","targetHints":{"allow":["GET"]}}],"collection":[{"href":"https:\/\/www.tsv-muenchingen.de\/tischtennis\/wp-json\/wp\/v2\/pages"}],"about":[{"href":"https:\/\/www.tsv-muenchingen.de\/tischtennis\/wp-json\/wp\/v2\/types\/page"}],"author":[{"embeddable":true,"href":"https:\/\/www.tsv-muenchingen.de\/tischtennis\/wp-json\/wp\/v2\/users\/1"}],"replies":[{"embeddable":true,"href":"https:\/\/www.tsv-muenchingen.de\/tischtennis\/wp-json\/wp\/v2\/comments?post=20"}],"version-history":[{"count":12,"href":"https:\/\/www.tsv-muenchingen.de\/tischtennis\/wp-json\/wp\/v2\/pages\/20\/revisions"}],"predecessor-version":[{"id":108,"href":"https:\/\/www.tsv-muenchingen.de\/tischtennis\/wp-json\/wp\/v2\/pages\/20\/revisions\/108"}],"wp:attachment":[{"href":"https:\/\/www.tsv-muenchingen.de\/tischtennis\/wp-json\/wp\/v2\/media?parent=20"}],"curies":[{"name":"wp","href":"https:\/\/api.w.org\/{rel}","templated":true}]}}