{"id":38,"date":"2021-03-05T19:01:30","date_gmt":"2021-03-05T18:01:30","guid":{"rendered":"https:\/\/www.tsv-muenchingen.de\/tischtennis\/?page_id=38"},"modified":"2021-03-05T19:01:31","modified_gmt":"2021-03-05T18:01:31","slug":"links","status":"publish","type":"page","link":"https:\/\/www.tsv-muenchingen.de\/tischtennis\/links\/","title":{"rendered":"Links"},"content":{"rendered":"\n<h3 class=\"wp-block-heading\">Ergebniserfassung: <\/h3>\n\n\n\n<p><a href=\"https:\/\/ttbw.click-tt.de\/cgi-bin\/WebObjects\/nuLigaTTDE.woa\/wa\/home\">click-TT TTBW<\/a><\/p>\n\n\n\n<p><a rel=\"noreferrer noopener\" href=\"https:\/\/www.mytischtennis.de\" target=\"_blank\">mytischtennis.de<\/a><\/p>\n\n\n\n<h3 class=\"wp-block-heading\">Verb\u00e4nde<\/h3>\n\n\n\n<p><a rel=\"noreferrer noopener\" href=\"http:\/\/www.tischtennis.de\/aktuelles\/\" target=\"_blank\">Deutscher Tischtennisbund<\/a><\/p>\n\n\n\n<p><a rel=\"noreferrer noopener\" href=\"https:\/\/www.ttbw.de\/\" target=\"_blank\">Tischtennis Baden-W\u00fcrttemberg e. V.<\/a><\/p>\n\n\n\n<p><a rel=\"noreferrer noopener\" href=\"http:\/\/www.ttvwh.de\/\" target=\"_blank\">Tischtennisverband W\u00fcrttemberg-Hohenzollern<\/a><\/p>\n\n\n\n<p><a rel=\"noreferrer noopener\" href=\"http:\/\/www.ettu.org\/\" target=\"_blank\">ETTU (European Table Tennis Union)<\/a><\/p>\n\n\n\n<p><a rel=\"noreferrer noopener\" href=\"http:\/\/www.ittf.com\/\" target=\"_blank\">ITTF (International Table Tennis Federation)<\/a><\/p>\n\n\n\n<p><a rel=\"noreferrer noopener\" href=\"http:\/\/www.vdtt.de\/\" target=\"_blank\">Verband Deutscher Tischtennistrainer<\/a><\/p>\n\n\n\n<h3 class=\"wp-block-heading\">Historisch<\/h3>\n\n\n\n<p><a rel=\"noreferrer noopener\" href=\"http:\/\/www.ttvwh.de\/\" target=\"_blank\">Tischtennisverband W\u00fcrttemberg-Hohenzollern<\/a><\/p>\n","protected":false},"excerpt":{"rendered":"<p>Ergebniserfassung: click-TT TTBW mytischtennis.de Verb\u00e4nde Deutscher Tischtennisbund Tischtennis Baden-W\u00fcrttemberg e. V. Tischtennisverband W\u00fcrttemberg-Hohenzollern ETTU (European Table Tennis Union) ITTF (International Table Tennis Federation) Verband Deutscher Tischtennistrainer Historisch Tischtennisverband W\u00fcrttemberg-Hohenzollern<\/p>\n","protected":false},"author":1,"featured_media":0,"parent":0,"menu_order":0,"comment_status":"closed","ping_status":"closed","template":"","meta":{"footnotes":""},"class_list":["post-38","page","type-page","status-publish","hentry"],"publishpress_future_action":{"enabled":false,"date":"2026-05-09 08:16:00","action":"change-status","newStatus":"draft","terms":[],"taxonomy":"","extraData":[]},"publishpress_future_workflow_manual_trigger":{"enabledWorkflows":[]},"_links":{"self":[{"href":"https:\/\/www.tsv-muenchingen.de\/tischtennis\/wp-json\/wp\/v2\/pages\/38","targetHints":{"allow":["GET"]}}],"collection":[{"href":"https:\/\/www.tsv-muenchingen.de\/tischtennis\/wp-json\/wp\/v2\/pages"}],"about":[{"href":"https:\/\/www.tsv-muenchingen.de\/tischtennis\/wp-json\/wp\/v2\/types\/page"}],"author":[{"embeddable":true,"href":"https:\/\/www.tsv-muenchingen.de\/tischtennis\/wp-json\/wp\/v2\/users\/1"}],"replies":[{"embeddable":true,"href":"https:\/\/www.tsv-muenchingen.de\/tischtennis\/wp-json\/wp\/v2\/comments?post=38"}],"version-history":[{"count":1,"href":"https:\/\/www.tsv-muenchingen.de\/tischtennis\/wp-json\/wp\/v2\/pages\/38\/revisions"}],"predecessor-version":[{"id":39,"href":"https:\/\/www.tsv-muenchingen.de\/tischtennis\/wp-json\/wp\/v2\/pages\/38\/revisions\/39"}],"wp:attachment":[{"href":"https:\/\/www.tsv-muenchingen.de\/tischtennis\/wp-json\/wp\/v2\/media?parent=38"}],"curies":[{"name":"wp","href":"https:\/\/api.w.org\/{rel}","templated":true}]}}