{"id":1056,"date":"2020-03-25T17:02:55","date_gmt":"2020-03-25T16:02:55","guid":{"rendered":"http:\/\/wp13489528.server-he.de\/?page_id=1056"},"modified":"2020-03-25T17:02:55","modified_gmt":"2020-03-25T16:02:55","slug":"platzordnung","status":"publish","type":"page","link":"https:\/\/www.tsv-muenchingen.de\/volleyball\/kirron-beachanlage\/platzordnung\/","title":{"rendered":"Platzordnung"},"content":{"rendered":"\n<h4 class=\"wp-block-heading\"><strong>1. Allgemeines<\/strong><\/h4>\n\n\n\n<p>Die KIRRON &#8211; Beachanlage ist nicht \u00f6ffentlich. Neben dieser Platzordnung ist die Platzordnung f\u00fcr die gesamte Vereinsanlage zu beachten. Das Hausrecht auf der KIRRON &#8211; Beachanlage wird ausge\u00fcbt durch den Vorstand des TSV M\u00fcnchingen, die Abteilungsleitung, den Beachwart und den Stellvertretenden Beachwart. Alle Spieler werden gebeten, Spieler auf falsches Verhalten im Rahmen dieser Platzordnung hinzuweisen. Der TSV M\u00fcnchingen stellt auf der KIRRON &#8211; Beachanlage f\u00fcr Volleyball:  Pfosten, Netze, Netzantennen und Spielfeldumrandungen zur Verf\u00fcgung. B\u00e4lle werden nicht gestellt. Die Anlage ist auch f\u00fcr die Aus\u00fcbung der folgenden Sportarten vorbereitet: Tennis, Beachminton, Speedminton, Soccer und Beachhandball. Bei Interesse bitten wir um R\u00fccksprache mit dem Beachwart.<\/p>\n\n\n\n<h4 class=\"wp-block-heading\"><strong>2. Nutzungszeiten <\/strong><\/h4>\n\n\n\n<p> Die KIRRON &#8211; Beachanlage ist w\u00e4hrend der Sommermonate ge\u00f6ffnet. <\/p>\n\n\n\n<h4 class=\"wp-block-heading\"><strong>3. Belegungsplan\/Spielberechtigung<\/strong><\/h4>\n\n\n\n<p>Es wird ein Belegungsplan gef\u00fchrt.<br>Vorrang haben:<\/p>\n\n\n\n<ol class=\"wp-block-list\"><li>Mitglieder der Volleyballabteilung des TSV M\u00fcnchingen <\/li><li>Mitglieder anderer Abteilungen des TSV M\u00fcnchingen <\/li><li>Sportgruppen <\/li><\/ol>\n\n\n\n<h4 class=\"wp-block-heading\"><strong>4. Spartenbeitrag und Sportgruppenbeitrag der KIRRON &#8211;  Beachanlage <\/strong><\/h4>\n\n\n\n<p>Mit dem Spartenbeitrag erh\u00e4lt ein TSV-Mitglied die Berechtigung zur  Nutzung eines Beach-Volleyball-Feldes f\u00fcr eine Stunde  pro Woche und Saison. Sportgruppen (Nicht-TSV-Mitglieder) erhalten die  Berechtigung zur Nutzung der Anlage durch den Sportgruppenbeitrag. Es muss ein Ansprechpartner und ein Stellvertreter genannt werden. Der Ansprechpartner erh\u00e4lt die Schl\u00fcssel f\u00fcr die Anlage und er ist f\u00fcr die Einhaltung der Platzordnung verantwortlich.<\/p>\n\n\n\n<h4 class=\"wp-block-heading\"><strong>5. Pflege der KIRRON &#8211; Beachanlage <\/strong><\/h4>\n\n\n\n<p>Die Pflege der KIRRON &#8211; Beachanlage wird durch die Spielberechtigten erf\u00fcllt. Die KIRRON &#8211; Beachanlage ist immer sauber zu  halten. Mitgebrachter M\u00fcll ist wieder mitzunehmen. Auf der Sandfl\u00e4che  sind Glasflaschen verboten. Nach Ende der Nutzungszeit  muss das Spielfeld mit Hilfe von Schaufeln begradigt und das Netz  entspannt werden. Sollten die Umkleide- und Duschr\u00e4ume des TSV benutzt werden, muss der K\u00f6rper unbedingt vorher an der Au\u00dfendusche von Sand gereinigt werden. Die Kleidung ist so gut wie m\u00f6glich vom Sand zu befreien. Es gelten die Nutzungsbestimmungen des TSV Geb\u00e4udes. Tiere jeglicher Art sind auf der KIRRON &#8211; Beachanlage nicht gestattet. Offenes Feuer ist verboten. Nach Verlassen der KIRRON &#8211; Beachanlage sind T\u00fcren und Tore abzuschlie\u00dfen. Sollten Besch\u00e4digungen auf oder an der KIRRON &#8211; Beachanlage festgestellt werden, ist dies dem Beachwart unverz\u00fcglich per Telefon oder E-Mail mitzuteilen.<\/p>\n\n\n\n<h4 class=\"wp-block-heading\"><strong>6. Haftung <\/strong><\/h4>\n\n\n\n<p>Die Nutzung der KIRRON &#8211; Beachanlage und der Sportangebote geschieht auf eigene Gefahr. Der TSV M\u00fcnchingen \u00fcbernimmt keinerlei Haftung f\u00fcr Sch\u00e4den und Verletzungen, die sich auf der KIRRON &#8211; Beachanlage ereignet haben. Unfallversichert  sind nur die Mitglieder des TSV M\u00fcnchingen im Rahmen der bestehenden Unfallversicherung des TSV M\u00fcnchingen. F\u00fcr Nicht-Mitglieder besteht keine Versicherung. F\u00fcr Wertgegenst\u00e4nde wird keine Haftung \u00fcbernommen. Eltern haften f\u00fcr ihre Kinder. Die Spielberechtigten haften f\u00fcr mutwillige Besch\u00e4digungen in der gesamten Anlage und in den Umkleide- und Duschr\u00e4umen sowie f\u00fcr s\u00e4mtliche Sch\u00e4den, die sie in &#8222;nicht \u00fcblicher&#8220; Aus\u00fcbung der gebuchten Sportart verursacht haben.<\/p>\n\n\n\n<h4 class=\"wp-block-heading\"><strong>7. Parkpl\u00e4tze\/Weg <\/strong><\/h4>\n\n\n\n<p>Die Parkpl\u00e4tze neben dem Beachfeld und die Stra\u00dfe vom Eingangstor bis zum Tor der KIRRON &#8211; Beachanlage sind Eigentum der Stadt, Nutzungsrecht liegt beim TSV M\u00fcnchingen. Es gilt die Parkordnung des TSV M\u00fcnchingen.<\/p>\n\n\n\n<h4 class=\"wp-block-heading\"><strong>8. Verst\u00f6\u00dfe <\/strong><\/h4>\n\n\n\n<p>Verst\u00f6\u00dfe gegen diese Platzordnung k\u00f6nnen durch den TSV mit dem Entzug des Nutzungsrechts geahndet werden. Dies trifft Vereinsmitglieder ebenso wie Nichtvereinsmitglieder.     <\/p>\n\n\n\n\n<table id=\"tablepress-1\" class=\"tablepress tablepress-id-1\">\n<tbody>\n<tr class=\"row-1\">\n\t<td class=\"column-1\"><strong>Vorstand<br \/>\nTSV M\u00fcchingen<\/strong><\/td><td class=\"column-2\"><strong>Abteilungsleitung Volleyball<br \/>\nTSV M\u00fcnchingen<\/strong><\/td>\n<\/tr>\n<\/tbody>\n<\/table>\n<!-- #tablepress-1 from cache -->\n","protected":false},"excerpt":{"rendered":"<p>1. Allgemeines Die KIRRON &#8211; Beachanlage ist nicht \u00f6ffentlich. Neben dieser Platzordnung ist die Platzordnung f\u00fcr die gesamte Vereinsanlage zu beachten. Das Hausrecht auf der KIRRON &#8211; Beachanlage wird ausge\u00fcbt durch den Vorstand des TSV M\u00fcnchingen, die Abteilungsleitung, den Beachwart <a class=\"more-link\" href=\"https:\/\/www.tsv-muenchingen.de\/volleyball\/kirron-beachanlage\/platzordnung\/\"><span class=\"screen-reader-text\">  Platzordnung<\/span> weiterlesen<span class=\"meta-nav\">&rarr;<\/span><\/a><\/p>\n","protected":false},"author":1,"featured_media":0,"parent":2955,"menu_order":1,"comment_status":"closed","ping_status":"closed","template":"","meta":{"ngg_post_thumbnail":0,"footnotes":""},"class_list":["post-1056","page","type-page","status-publish","hentry"],"publishpress_future_action":{"enabled":false,"date":"2026-05-11 13:06:53","action":"change-status","newStatus":"draft","terms":[],"taxonomy":"","extraData":[]},"publishpress_future_workflow_manual_trigger":{"enabledWorkflows":[]},"_links":{"self":[{"href":"https:\/\/www.tsv-muenchingen.de\/volleyball\/wp-json\/wp\/v2\/pages\/1056","targetHints":{"allow":["GET"]}}],"collection":[{"href":"https:\/\/www.tsv-muenchingen.de\/volleyball\/wp-json\/wp\/v2\/pages"}],"about":[{"href":"https:\/\/www.tsv-muenchingen.de\/volleyball\/wp-json\/wp\/v2\/types\/page"}],"author":[{"embeddable":true,"href":"https:\/\/www.tsv-muenchingen.de\/volleyball\/wp-json\/wp\/v2\/users\/1"}],"replies":[{"embeddable":true,"href":"https:\/\/www.tsv-muenchingen.de\/volleyball\/wp-json\/wp\/v2\/comments?post=1056"}],"version-history":[{"count":0,"href":"https:\/\/www.tsv-muenchingen.de\/volleyball\/wp-json\/wp\/v2\/pages\/1056\/revisions"}],"up":[{"embeddable":true,"href":"https:\/\/www.tsv-muenchingen.de\/volleyball\/wp-json\/wp\/v2\/pages\/2955"}],"wp:attachment":[{"href":"https:\/\/www.tsv-muenchingen.de\/volleyball\/wp-json\/wp\/v2\/media?parent=1056"}],"curies":[{"name":"wp","href":"https:\/\/api.w.org\/{rel}","templated":true}]}}