{"id":1058,"date":"2020-03-25T17:03:32","date_gmt":"2020-03-25T16:03:32","guid":{"rendered":"http:\/\/wp13489528.server-he.de\/?page_id=1058"},"modified":"2025-07-07T20:41:56","modified_gmt":"2025-07-07T18:41:56","slug":"sportarten-inkl-regeln","status":"publish","type":"page","link":"https:\/\/www.tsv-muenchingen.de\/volleyball\/kirron-beachanlage\/sportarten-inkl-regeln\/","title":{"rendered":"Sportarten inkl. Regeln"},"content":{"rendered":"\n<p><em>(Aus: Offizielle Beach-Volleyball Spielregeln, Schorndorf)<\/em><\/p>\n\n\n\n<p><a href=\"#BeachVolleyball\">Beach-Volleyball<br><\/a><a href=\"#BeachBadminton\">Beach-Badminton<\/a><a href=\"#BeachVolleyball\"><br><\/a><a href=\"#BeachFussball\">Beach-Fu\u00dfball<\/a><a href=\"http:\/\/tsv-muenchingen.de\/tsvMuenchingen-Volleyball\/v_beach\/v_beach_spiel\/v_beach_spiel.php#Anker5\"><br><\/a><a href=\"#BeachBasketball\">Beach-Basketball<\/a><a href=\"http:\/\/tsv-muenchingen.de\/tsvMuenchingen-Volleyball\/v_beach\/v_beach_spiel\/v_beach_spiel.php#Anker6\"><br><\/a><a href=\"#BeachTennis\">Beach-Tennis<\/a><\/p>\n\n\n\n<h1 class=\"wp-block-heading\" id=\"BeachVolleyball\"><strong>Beach-Volleyball<\/strong><\/h1>\n\n\n\n<p><strong>Spielfeld und Spielfeldgestaltung<\/strong><br>Beach-Volleyball ist eine Sportart, bei der sich 2 Teams mit je 2 Spielern auf einem durch ein Netz geteilten Sand-Spielfeld gegen\u00fcberstehen. Der Ball wird (kann) mit allen K\u00f6rperteilen gespielt (werden).<br><br><strong>Ziel<\/strong><br>Jedes Spiel wird \u00fcber zwei Gewinns\u00e4tze gespielt. Alle S\u00e4tze werden bis 15 Punkte gespielt.<br>Der Seitenwechsel erfolgt ohne Pause nach jeweils 7 gespielten Punkten in den ersten beiden S\u00e4tzen; nach jeweils 5 Punkten im dritten Satz.<br>Sp\u00e4testens ab dem Halbfinale werden alle Spiele bindend (gem. Festlegung FIVB) \u00fcber zwei Gewinns\u00e4tze bis 21 Punkte (dritter Satz bis 15 Punkte) gespielt; dabei erfolgt der Seitenwechsel nach 7 (Satz 1 u. 2) bzw. 5 (Satz 3) gespielten Punkten.<br>Ein Satz wird mit zwei Punkten Vorsprung gewonnen. Es gibt keine Punktbegrenzung.<br><br><strong>Spielablauf<\/strong><br>Gespielt wird nach den Offiziellen Beach-Volleyball-Spielregeln des DVV.<br>Ein Team besteht aus zwei Spielern ohne Auswechselspieler, d.h. ein Auswechseln ist nicht m\u00f6glich.<br>Einem verletzten Spieler stehen pro Spiel max. 5 Minuten Wiederherstellungszeit zur Verf\u00fcgung. Diese 5 Minuten k\u00f6nnen nicht aufgeteilt werden. Kann er nicht weiterspielen, ist sein Team unvollst\u00e4ndig und hat das Spiel verloren.<br>Es gibt keine Vorder- und Hinterzone, dementsprechend auch keine Vorder- und Hinterspieler, d.h. jeder darf angreifen und blocken.<br><br>Der Ball wird von einem Aufschlagspieler ins Spiel gebracht. Er f\u00fchrt den Aufschlag aus, indem er den Ball mit der Hand oder einem Arm \u00fcber das Netz in die gegnerische Spielfeldh\u00e4lfte schl\u00e4gt. Es ist kein Fehler, wenn der Ball beim Aufschlag das Netz ber\u00fchrt und (innerhalb der Antennen) in das gegnerische Feld f\u00e4llt.<br>Ein Team hat das Recht, den Ball dreimal zu schlagen, um den Ball in die gegnerische Spielfeldh\u00e4lfte zur\u00fcckzuspielen.&nbsp;&nbsp;<br>Einem Spieler ist es nicht gestattet, den Ball zweimal hintereinander zu schlagen (au\u00dfer wenn er blockt oder beim ersten Schlag).&nbsp;<br>Der Spielzug dauert so lange, bis der Ball den Boden ber\u00fchrt, &#8222;aus&#8220; geht oder es einem Team nicht gelingt, ihn ordnungsgem\u00e4\u00df zur\u00fcckzuspielen. Jedes Team hat eine Auszeit \u00e1 30 Sekunden pro Satz.<br>In den ersten beiden S\u00e4tzen erfolgt nach 21 gespielten Punkten eine technische Auszeit<br>\u00e1 30 Sekunden.<br>Die Dauer der Auszeit kann nicht verk\u00fcrzt werden. Die 30 Sekunden starten, wenn die Spieler das Spielfeld verlassen haben (bei normaler Geschwindigkeit).<br>Die Pause zwischen zwei S\u00e4tzen betr\u00e4gt eine Minute.<\/p>\n\n\n\n<h1 class=\"wp-block-heading\" id=\"BeachBadminton\"><strong>Beach-Badminton<\/strong><\/h1>\n\n\n\n<p><strong>Spielfeld und Spielfeldgestaltung<\/strong><br>Gespielt wird Outdoor oder Indoor mit handels\u00fcbliche Badmintonschl\u00e4ger und Plastik-Federball.<br>Aufschlagrecht bzw. Spielseite wird zu Beginn des Spiels ausgelost, der Sieger hat nur eine Wahl.<br>Die Spieler m\u00fcssen barfuss auf einem Spielfeld der Gr\u00f6sse 12m x 5m spielen. Die Linie besteht aus 5cm breiten, dunklen B\u00e4ndern.<br>Die Oberkante des Netzes liegt bei 1.55m.<\/p>\n\n\n\n<figure class=\"wp-block-image size-large\"><img decoding=\"async\" src=\"https:\/\/www.volleyball-muenchingen.de\/wp-content\/uploads\/2020\/04\/Beach-Badminton-Feld.gif\" alt=\"Beach-Badminton Feld\" class=\"wp-image-1408\" \/><\/figure>\n\n\n\n<p><strong>Ziel<br><\/strong> Jedes Spiel wird \u00fcber drei Gewinns\u00e4tze (&#8222;Best of Five&#8220;) bis 9 Punkte gespielt. Bei einem Spielstand von 8:8 wird so lange gespielt bis eine Partei einen Vorsprung von 2 Punkten hat (&#8222;auf 2 Unterschied&#8220;). Beide Parteien k\u00f6nnen jederzeit Punkte erzielen, unabh\u00e4ngig davon ob sie das Aufschlagrecht besitzen oder nicht. Das Aufschlagrecht wechselt durch einen Fehler, der Punkt wird gez\u00e4hlt.<br>Der Satzgewinner hat Aufschlagrecht zu Beginn des n\u00e4chsten Satzes.<strong><br><br>Spielablauf<br><\/strong>Der Ball muss beim Aufschlag unterhalb der H\u00fcfte getroffen werden.Der Aufschlag im <em>Einzel<\/em> wird hinter einer &#8222;gedachten Aufschlaglinie&#8220;, die sich im Abstand von 3m zum Netz befindet, ausgef\u00fchrt.Die gedachten Aufschlaglinien werden durch Pylonen markiert, die sich ca. 50cm links<br>und rechts neben den Seitenlinie befinden.<br>In den <em>Doppelbewerben<\/em> hat jede Partei 2 Aufschlagrechte. Nach einem Fehler wechselt das Aufschlagrecht zum Partner, erst danach zum ersten Aufschl\u00e4ger des gegnerischen Paares. Wer als Erster aufschl\u00e4gt ist nicht festgelegt. &nbsp;&nbsp;&nbsp;&nbsp;<br>Im <em>Doppel<\/em> und <em>Mixed<\/em> wird im Gegensatz zum Einzel der Aufschlag diagonal ausgef\u00fchrt.<br><br>Der Ball kann in das gesamte hintere Feld des Gegners gespielt werden. Jede Bodenber\u00fchrung des Balls ist ein Fehler f\u00fcr die Partei, in dessen Feldh\u00e4lfte sie erfolgt. Die Linien geh\u00f6ren zum Feld.<br>Netzber\u00fchrungen mit dem Schl\u00e4ger oder dem K\u00f6rper werden als Fehler gewertet. Der Ball darf das Netz beim \u00dcberqueren ber\u00fchren.<br>Der Ball darf nur einmal pro Spieler \/ pro Partei ber\u00fchrt werden.<br>Jeder Ballkontakt mit dem K\u00f6rper ist ein Fehler, auch wenn der Spieler ausserhalb des Feldes steht.<br>Der Ball darf sich beim Treffen nicht noch in der gegnerischen Feldh\u00e4lfte befinden.<br><br>Nach jedem Satz ist eine Pause von 90 Sekunden zul\u00e4ssig.<\/p>\n\n\n\n<h1 class=\"wp-block-heading\" id=\"BeachFussball\"><strong>Beach-Fussball<\/strong><\/h1>\n\n\n\n<p><strong>Spielfeld und Spielfeldgestaltung<\/strong><br>Die Spielfl\u00e4che ist 12m breit und 27m lang. Die Tore (2 x 5m) befinden sich am<br>jeweiligen Ende der Spielfl\u00e4che in der Mitte der Torauslinie.<br>Die Auswechselzone entspricht der eigenen Spielh\u00e4lfte. Die Auswechselspieler einer Mannschaft befinden sich hinter der Torauslinie der eigenen Spielh\u00e4lfte.<br><br>Der Strafraum wird begrenzt durch die Torauslinie, den Seitenauslinien auf jeder Seite, bis zur H\u00f6he der gelben Fahnen, die auf jeder Seite im Abstand von 9,0-Meter und 1,0-Meter au\u00dferhalb der Seitenauslinie von den Eckfahnen\/Pilonen platziert sind, sowie durch die vorgestellte Linie als Verbindung der zwei gelben Fahnen parallel zur Torauslinie. Die genaue Position f\u00fcr den Strafsto\u00df liegt in der Mitte dieser vorgestellten Linie.<br>Zwei rote Fahnen\/Pilonen auf jeder Seite der Seitenauslinie sind in gleicher Entfernung von den jeweiligen Eckfahnen jeder Spielfeldseite und 1,0 Meter neben der Seitenauslinie platziert. Die vorgestellte Linie als Verbindung dieser beiden roten Fahnen\/Pilonen teilt das Spielfeld in zwei H\u00e4lften und bildet die Spielfeldmittellinie.<\/p>\n\n\n\n<figure class=\"wp-block-image size-large\"><img decoding=\"async\" src=\"https:\/\/www.volleyball-muenchingen.de\/wp-content\/uploads\/2020\/04\/Beach-Fu\u00dfball-Feld.gif\" alt=\"Beach-Fu\u00dfball Feld\" class=\"wp-image-1409\" \/><\/figure>\n\n\n\n<p>Eine Mannschaft besteht maximal aus zehn Spielern. Gespielt wird mit 3 Feldspielern und einem Torwart, der durch eine variierende Trikotfarbe als solcher zu erkennen ist.<br>Alle Spieler sind barfu\u00df! Es ist streng verboten, jede Art von hartem Schuhwerk zu tragen, das eine Verletzung bei den anderen Spielern verursachen k\u00f6nnte. Die Spieler sind berechtigt, Socken und\/oder Fu\u00dftape zu tragen. Die Bekleidung des Spielers besteht aus einer kurzen Hose und einem Trikot. Der Gebrauch von Plastikschutzbrillen als Augenschutz ist erlaubt.<br>Ein Spieler ist nur f\u00fcr eine Mannschaft spielberechtigt.<br><br>Das Spiel wird von einem Schiedsrichter geleitet, der nach M\u00f6glichkeit von der Seitenlinie aus agieren wird.<strong><br><br>Ziel<br><\/strong>M\u00f6glichst viele Tore zu erzielen. <strong><br><br>Spielablauf<br><\/strong> Die Spieldauer betr\u00e4gt 8 min.<br>Nach einem Tor wird das Spiel mit einem Ansto\u00df von der Mittellinie fortgesetzt.<br>Der Ansto\u00df wird von der Mitte des Spielfeldes ausgef\u00fchrt und kann direkt aufs Tor geschossen werden.<br>Freist\u00f6\u00dfe k\u00f6nnen alle direkt auf das Tor geschossen werden. Hierbei ist eine Mauerbildung nicht erlaubt.<br>Der Torwart darf innerhalb des eigenen Torraumes den Ball mit der Hand spielen, aber einen vom eigenen Mitspieler zur\u00fcckgespielten Ball nicht mit der Hand aufnehmen. Er<br>darf bei Absto\u00df den Ball nicht \u00fcber die Mittellinie werfen. \u00dcberschreitet der Ball mit vollem Umfang die Seitenauslinie, wird das Spiel durch Einschie\u00dfen des Balles fortgesetzt. Die verteidigende Mannschaft mu\u00df dabei einen Mindestabstand von 2 Metern einhalten. Ein direkter Torerfolg ist hierbei ausgeschlossen.<br>\u00dcberschreitet der Ball mit vollem Umfang die Torauslinie, wird das Spiel durch Torabsto\u00df oder einem Eckball fortgesetzt. Der Eckball wird vom \u00e4u\u00dferen Ende der Torauslinie eingeschossen. Die verteidigende Mannschaft mu\u00df einen Mindesabstand von 2 Metern einhalten. Der Spielerwechsel erfolgt fliegend und darf nur in der eigenen Spielh\u00e4lfte durchgef\u00fcrt werden. Es wird ohne eine Abseitsregelung gespielt. <strong><br><br>Ahndung von Regelwidrigkeiten<br><\/strong>Foulspiel wird mit einem direktem Freisto\u00df geahndet.<br>&#8222;Gelbw\u00fcrdiges Foulspiel&#8220; zieht zus\u00e4tzlich eine 2-Minuten-Strafzeit nach sich.<br>Wiederholtes Foulspiel (Gelb-Rot-Karte) f\u00fchrt zu einer Disqualifikation des Spielers und \u00fcberhartes Foulspiel (Rote Karte) f\u00fchrt zu einer zus\u00e4tzlichen Sperre f\u00fcr das n\u00e4chste Spiel. Die Entscheidung, ob der qualifizierte Spieler f\u00fcr das gesamte Turnier gesperrt wird, wird von der \u00f6rtlichen Turnierleitung getroffen.<\/p>\n\n\n\n<h1 class=\"wp-block-heading\" id=\"BeachBasketball\"><strong>Beach-Basketball<\/strong><\/h1>\n\n\n\n<p><strong>Spielfeld und Spielfeldgestaltung<br><\/strong>Mannschaftsspiel, bei dem zwei Teams versuchen, einen Hohlball (Umfang: 75-78 Zentimeter, 600-650 Gramm schwer) in den gegnerischen Korb zu werfen.<br><br>Ein Team besteht aus vier Spieler\/innen, einschlie\u00dflich Ersatzspieler\/innen. Diese d\u00fcrfen beliebig oft ein- und ausgewechselt werden. Es wird barfuss oder in Socken gespielt. Der Teamkapit\u00e4n ist Ansprechpartner\/in f\u00fcr die Spielleitung oder die Courtbeobachter.<br><br>Das Spielfeld ist 26 Meter lang und 14 Meter breit.<br>Der K\u00f6rbe mit einem Durchmesser von 45 Zentimeter h\u00e4ngen in einer H\u00f6he von 3,05 Meter.<br>Sie sind von einer Freiwurfzone (Korbtreffer innerhalb dieser Zone bringen zwei Punkte, Freiw\u00fcrfe einen Punkt) und von einer Drei-Punkte-Zone (Korbentfernung: 6,25 Meter) umgrenzt. <strong><br><br>Ziel<br><\/strong>Ein Unentschieden gibt es beim Basketball nicht. Ist der Punktestand nach Ablauf der regul\u00e4ren Spielzeit ausgeglichen, schlie\u00dft sich eine Verl\u00e4ngerung von jeweils f\u00fcnf Minuten an, bis ein Team mit mindestens einem Punkt Vorsprung gewonnen hat.<br>Bei Unentschieden am Ende der Spielzeit wirft jede\/r Spieler\/in einen Freiwurf. Bei ungleicher Spielerzahl beider Teams wirft ein Spieler zweimal.<br><br><strong>Spielablauf<br><\/strong>Die ballf\u00fchrende Mannschaft &#8211; pro Team stehen f\u00fcnf Spieler auf dem Feld &#8211; muss innerhalb von 30 Sekunden ihren Angriff abgeschlossen haben, ansonsten wechselt der Ballbesitz. Ausball &#8211; wer den Ball holt, hat Ballbesitz.<br>Wenn der Ball im Sand liegt, darf der\/die Spieler\/in, der\/die den Ball zuerst ber\u00fchrt, den Ball unbedr\u00e4ngt aufnehmen und weiterspielen. Es darf dann nicht mehr nach Ball oder Gegner gehechtet werden. Die effektive Spielzeit betr\u00e4gt 2 x 20 Minuten.<br>Jedem Team stehen pro Halbzeit zwei Auszeiten zur Verf\u00fcgung. <strong><br>Ahndung von Regelwidrigkeiten<br><\/strong>Zeitspiel verst\u00f6\u00dft gegen das Fairness-Prinzip. Spielverz\u00f6gerungen werden mit Ballverlust bestraft. \u00e4lt der\/die gefoulte Spieler\/in einen Freiwurf und zus\u00e4tzlich Ballbesitz.<\/p>\n\n\n\n<h1 class=\"wp-block-heading\" id=\"BeachTennis\"><strong>Beach-Tennis<\/strong><\/h1>\n\n\n\n<p><strong>Spielfeld und Spielfeldgestaltung<\/strong><br>Das Einzelfeld hat die Ma\u00dfe 6 x 9 Meter, das Doppelfeld 18 x 9 Meter und wird mit Linienb\u00e4ndern gekennzeichnet.. Die Linien geh\u00f6ren zum Feld. Das Netz sollte mindestens 9 Meter lang und 70 cm breit sein. Es soll in der Mitte 1.60 Meter hoch sein und darf anden Seiten max. 1.70 Meter betragen.<br>Bei normaler Wetterlage wird mit Methodikb\u00e4llen (z.B. Tretorn academy); bei starkem Wind mit normalen Tennisb\u00e4llen gespielt.<strong><br><br>Spielablauf<br><\/strong>Das Spiel beginnt mit dem Losen des Aufschlagrechtes, des R\u00fcckschlagrechtes oder der Platzwahl.<br>Der Aufschlag muss hinter der Grundlinie stehend von unter ausgef\u00fchrt werden.<br>Beim Aufschlag kann das ganze gegnerische Feld angespielt werden. Es gibt nur einen Aufschlagversuch.<br>Der Ball darf auf jeder Seite nur einmal gespielt werden.<br>Wird mit einem Volleyballnetz gespielt, so gilt Netzber\u00fchrung als Fehler, damit ein eventuelles Durchfliegen des Netzes erkannt wird.<br>Der Ball darf einmal springen. Die Z\u00e4hlweise entspricht der traditionellen Z\u00e4hlweise im Tennis mit der Ausnahme, dass nach Einstand der n\u00e4chste Ball das Spiel entscheidet.<br>Der Spielmodus ist im allgemeinen jeder gegen jeden auf 1 Satz.<\/p>\n","protected":false},"excerpt":{"rendered":"<p>(Aus: Offizielle Beach-Volleyball Spielregeln, Schorndorf) Beach-VolleyballBeach-BadmintonBeach-Fu\u00dfballBeach-BasketballBeach-Tennis Beach-Volleyball Spielfeld und SpielfeldgestaltungBeach-Volleyball ist eine Sportart, bei der sich 2 Teams mit je 2 Spielern auf einem durch ein Netz geteilten Sand-Spielfeld gegen\u00fcberstehen. Der Ball wird (kann) mit allen K\u00f6rperteilen gespielt (werden). ZielJedes <a class=\"more-link\" href=\"https:\/\/www.tsv-muenchingen.de\/volleyball\/kirron-beachanlage\/sportarten-inkl-regeln\/\"><span class=\"screen-reader-text\">  Sportarten inkl. Regeln<\/span> weiterlesen<span class=\"meta-nav\">&rarr;<\/span><\/a><\/p>\n","protected":false},"author":1,"featured_media":0,"parent":2955,"menu_order":2,"comment_status":"closed","ping_status":"closed","template":"","meta":{"ngg_post_thumbnail":0,"footnotes":""},"class_list":["post-1058","page","type-page","status-publish","hentry"],"publishpress_future_action":{"enabled":false,"date":"2026-05-11 12:19:27","action":"change-status","newStatus":"draft","terms":[],"taxonomy":"","extraData":[]},"publishpress_future_workflow_manual_trigger":{"enabledWorkflows":[]},"_links":{"self":[{"href":"https:\/\/www.tsv-muenchingen.de\/volleyball\/wp-json\/wp\/v2\/pages\/1058","targetHints":{"allow":["GET"]}}],"collection":[{"href":"https:\/\/www.tsv-muenchingen.de\/volleyball\/wp-json\/wp\/v2\/pages"}],"about":[{"href":"https:\/\/www.tsv-muenchingen.de\/volleyball\/wp-json\/wp\/v2\/types\/page"}],"author":[{"embeddable":true,"href":"https:\/\/www.tsv-muenchingen.de\/volleyball\/wp-json\/wp\/v2\/users\/1"}],"replies":[{"embeddable":true,"href":"https:\/\/www.tsv-muenchingen.de\/volleyball\/wp-json\/wp\/v2\/comments?post=1058"}],"version-history":[{"count":1,"href":"https:\/\/www.tsv-muenchingen.de\/volleyball\/wp-json\/wp\/v2\/pages\/1058\/revisions"}],"predecessor-version":[{"id":3081,"href":"https:\/\/www.tsv-muenchingen.de\/volleyball\/wp-json\/wp\/v2\/pages\/1058\/revisions\/3081"}],"up":[{"embeddable":true,"href":"https:\/\/www.tsv-muenchingen.de\/volleyball\/wp-json\/wp\/v2\/pages\/2955"}],"wp:attachment":[{"href":"https:\/\/www.tsv-muenchingen.de\/volleyball\/wp-json\/wp\/v2\/media?parent=1058"}],"curies":[{"name":"wp","href":"https:\/\/api.w.org\/{rel}","templated":true}]}}