{"id":1060,"date":"2020-03-25T17:04:07","date_gmt":"2020-03-25T16:04:07","guid":{"rendered":"http:\/\/wp13489528.server-he.de\/?page_id=1060"},"modified":"2020-03-25T17:04:07","modified_gmt":"2020-03-25T16:04:07","slug":"entstehung-beachanlage","status":"publish","type":"page","link":"https:\/\/www.tsv-muenchingen.de\/volleyball\/kirron-beachanlage\/entstehung-beachanlage\/","title":{"rendered":"Entstehung Beachanlage"},"content":{"rendered":"\n<h4 class=\"wp-block-heading\"><strong><em>&#8230;oder was lange w\u00e4hrt, wird endlich wahr!<\/em><\/strong><\/h4>\n\n\n\n<p>Nach fast sechsj\u00e4hrigem Durchhalten und Dranbleiben haben es die M\u00fcnchinger Volleyballer (fast) geschafft. Die Beachanlage, die zun\u00e4chst f\u00fcr die Nutzung im Volleyballbereich in ehrenamtlicher Arbeit gebaut wird, befindet sich kurz vor der Fertigstellung. Doch nun der Reihe nach:<\/p>\n\n\n\n<h4 class=\"wp-block-heading\"><strong>1992- 2000 (Geschichte)<\/strong><\/h4>\n\n\n\n<p>Zu Beginn der 90-er Jahre gewinnt die Sportart Volleyball durch das immer popul\u00e4rere Beachvolleyball, wieder mehr Bedeutung und damit st\u00e4rkeren Zulauf und gro\u00dfes Publikumsinteresse. Auch die M\u00fcnchinger Volleyballer finden sehr schnell Spa\u00df an dieser rasanten Sportart auf einem Sandfeld, am besten im Freien. Schon vor der Olympiade 2000 in Sydney, die den Durchbruch dieser Sportart das Massenpublikum einl\u00e4utete, organisieren sich die M\u00fcnchinger Volleyballer und bespielen die zun\u00e4chst wenigen verf\u00fcgbaren Pl\u00e4tze im Raum Stuttgart. In den Wintermonaten f\u00fchrt der Weg bis nach Bietigheim, da sich dort auch eine \u00fcberdachte Beachfeldanlage befindet.<\/p>\n\n\n\n<h4 class=\"wp-block-heading\"><strong>2001-2004 (Idee)<\/strong><\/h4>\n\n\n\n<p>Was zun\u00e4chst entweder in der trainingsfreien Zeit oder, bei den ganz Begeisterten, am Wochenende immer beliebter wird, f\u00fchrt zu dem Wunsch, auf einem eigenen Beachfeld zu spielen. Gesagt getan, die Abteilungsleiterin wird mit diesem Wunsch bei der Stadt Korntal-M\u00fcnchingen und beim Verein vorstellig. Zun\u00e4chst wird der Antrag aufgrund fehlender verf\u00fcgbaren Fl\u00e4chen und dem Mangel an finanziellen Mittel abgelehnt.<br>Trotzdem erh\u00e4lt die Volleyballabteilung die Zusage, dass man in Verbindung bleibe und, sobald sich etwas erg\u00e4be, Kontakt aufnehmen w\u00fcrde.<\/p>\n\n\n\n<h4 class=\"wp-block-heading\"><strong>2003<\/strong><\/h4>\n\n\n\n<p>Aufgrund des starken Mitgliederzuwachses und unzureichender Trainingsm\u00f6glichkeiten, erwirbt die Stadt Korntal-M\u00fcnchingen ein Gel\u00e4nde gegen\u00fcber der Aral- Tankselle und errichtet dort ein Kunstrasenfeld. Diese Erweiterung soll gleichzeitig eine Entlastung der Sporthallenbelegung. Nachdem die Kosten f\u00fcr das Kunstrasenfeld das vorhandene Budget \u00fcbersteigen, sieht die Stadt der Errichtung eines Sanit\u00e4rkomplexes mit Umkleiden neben dem Feld ab. Darauf hin beschlie\u00dft der Verein, diese Einrichtungen in eigener Regie zu erstellen.<\/p>\n\n\n\n<h4 class=\"wp-block-heading\"><strong>2004<\/strong><\/h4>\n\n\n\n<p>Das von der Stadt gekaufte Areal wird nicht allein f\u00fcr die Erweiterung der Trainingsm\u00f6glichkeiten f\u00fcr die Fu\u00dfballabteilung ben\u00f6tigt und so bietet man der Volleyballabteilung eine Fl\u00e4che f\u00fcr die Errichtung einer Beachanlage an. Allerdings sind sowohl die Geldmittel der Stadt als auch des Vereins ersch\u00f6pft. Deshalb geht die Volleyballabteilung auf die Suche nach externen Finanzmitteln.<\/p>\n\n\n\n<h4 class=\"wp-block-heading\"><strong>2004\/2005 (Umsetzung)<\/strong><\/h4>\n\n\n\n<p>Nach langer Suche kann das Projekt mit der Unterst\u00fctzung der Firma KIRRON, d. h. der Gesch\u00e4ftsf\u00fchrer und Eigent\u00fcmer Ronny Kirschner aus Korntal in die Tat umgesetzt werden. Als ehemaliger Volleyballer l\u00e4sst er sich von der Idee begeistern.<br>Die Planungsphase wurde durch den Bauingenieur und Volleyballer Thomas Engelhardt von November 2004 &#8211; Januar 2005 durchgef\u00fchrt.<br>Von nun an geht es Schlag auf Schlag:<br>&#8211; erste Messungen werden am 12.02.2005 vorgenommen<br>&#8211; erster Spatenstich am 18.03.2005 erfolgt im Schneesturm<br>&#8211; Aushub mit Baufahrzeugen vom 02.04-04.04.2005<br>&#8211; erste Sandlieferung am 02.09.2005<br>Ab August 2005 beginnt die Suche nach Sponsoren und Spendern f\u00fcr den Kauf des ben\u00f6tigten Zauns und es erfolgt der Abschluss des Pachtvertrages mit der Stadt.<br><br>In den vergangenen sechs Monaten waren, an jedem Samstag, durchschnittlich acht Freiwillige an den Arbeiten beteiligt. Der \u00fcberwiegende Teil der Aufgaben wird von<br>Frauen bewerkstelligt. Die Arbeiter auf der benachbarten Baustelle sind sichtlich beeindruckt von so viel Frauenpower. So dauert es nicht lang und das gem\u00fctliche Beisammensein von Fu\u00dfballern und Volleyballern nach dem Arbeitsende geh\u00f6rt einfach immer dazu.<\/p>\n\n\n\n<h4 class=\"wp-block-heading\"><strong>2006 Einweihung<\/strong><\/h4>\n\n\n\n<figure class=\"wp-block-image size-large\"><img decoding=\"async\" src=\"https:\/\/www.volleyball-muenchingen.de\/wp-content\/uploads\/2020\/04\/Einweihung-Plakat.jpg\" alt=\"\" class=\"wp-image-1405\" \/><\/figure>\n\n\n\n<p>Am Einweihungstag stand das Wetter auf Sturm.<br>Trotzdem lie\u00dfen sich weder die Spielerprominenz, noch die geladenen G\u00e4ste und interessierten Zuschauer abschrecken, die KIRRON-Beachanlage der Volleyballabteilung des TSV M\u00fcnchingen ehrenvoll einzuweihen.<br><br>B\u00fcrgermeister Peter Stritzelberger hatte gleich zwei Geschenke f\u00fcr die Volleyballer dabei:<br>einen kleinen&nbsp;Zuschuss in Form eines Schecks und die Baugenehmigung des Schildes, das noch in Windeseile beantragt wurde.<br>Dr. Huldreich M\u00fcller w\u00fcrdigte als Vorstand des TSV M\u00fcnchingen die hervorragende ehrenamtliche Arbeit der Volleyballer\/innen. Auch der Freizeitreferent des Volleyball-Verbandes Baden-W\u00fcrttemberg, Herr Michael W\u00fcchner war anwesend und \u00fcberbrachte einen Beachvolleyball als Pr\u00e4sent.<br>Herr Ronny Kirschner &#8211;&nbsp;gleichzeitig Inhaber der Firma KIRRON &#8211;&nbsp;Hauptsponsor und Namensgeber der Beachanlage w\u00fcrdigte das Projekt und m\u00f6chte mit seiner Spende&nbsp;ein Zeichen f\u00fcr unsere Jugendarbeit setzen.&nbsp;Sie sollen motiviert werden, wieder mehr aktiv am Sport teilzunehmen.<br>Anschliessend fand die Pr\u00e4sentation der Volleyballabteilung mit Angela Heinl und Ute Rademann statt. Sie erl\u00e4uterten sehr eindrucksvoll die Geschichte des Baus der KIRRON-Beachanlage und gaben Informationen rund um die Sportart Beachvolleyball.<br>Danach fand die offizielle &#8222;Taufe&#8220;&nbsp; von KIRRON-Beach durch Angela Heinl und Ronny Kirschner statt.<\/p>\n\n\n\n<figure class=\"wp-block-image size-large\"><img decoding=\"async\" src=\"https:\/\/www.volleyball-muenchingen.de\/wp-content\/uploads\/2020\/04\/Beachfeldeinweihung.jpg\" alt=\"Beachfeldeinweihung\" class=\"wp-image-1404\" \/><figcaption>Namen von links: Silke Spitzer, Ronny Kirschner, Dr. Huldreich M\u00fcller, Herr K\u00fcbler, <br>Zoltan Ozvatic, BM Peter Stritzelberger, Angela Heinl<\/figcaption><\/figure>\n\n\n\n<p>Ein spannendes und hochkar\u00e4tiges&nbsp;Er\u00f6ffnungsspiel boten bei Sturmb\u00f6en und Regen Renate Riek-Bauer mit Claudia Frank gegen Annette Mzyk mit Gabriele Helms.&nbsp;<br>In der zweiten Partie sah es wettertechnisch nicht besser aus.&nbsp;Die Spitzenspielerinnen Andrea Ahman mit Annette Mzyk (kurzfristig eingesprungen) und Claudia Schneider mit Sophie Hempel&nbsp;machten manch unm\u00f6glichen Spielzug trotzdem noch m\u00f6glich.<br><br>Auch die anderen Beachsportarten, wie Beachtennis und Beachsoccer&nbsp;konnten sich unterhaltsam&nbsp;pr\u00e4sentieren.<br>Beachminton wurde aufgrund der Witterungsverh\u00e4ltnisse kurzerhand in das Festzelt verlegt.<br><br>Nachdem im Laufe des Nachmittags die Zelte weitestgehend auf den Wind und Regen angepasst waren, begann die Party im engen Kreise mit gutgelaunten G\u00e4sten. Es wurde bis in die fr\u00fchen Morgenstunden getanzt.<br><br>Zum Ausruhen blieb den Organisatoren keine Zeit.<br>Um 11.00 Uhr am Sonntag morgen begann das 1. Mixed-Beachvolleyballturnier auf der neuen Anlage. Insgesamt 16 Mannschaften hatten sich zu diesem Mixed-Duo und Mixed-Quattro-Turnier angemeldet. Auch der Wettergott meinte es an diesem Tag gut mit den Sportlern so, dass am Ende ein sch\u00f6nes und zugleich von Verletzungen verschontes Turnier gespielt werden konnte.<br>Gegen 17.00 Uhr standen die Sieger fest. Beim Duo-Beach haben gewonnen: Der TSV Weilimdorf mit Ute und Volker, im Quattro-Beach die Strandr\u00e4uber.<br><br>Als Resumee dieser gelungenen Veranstaltung kann man folgendes feststellen: Alle M\u00fchen haben sich gelohnt.<br>Auch die Profis waren vollen Lobes und spornten uns an, auf diesem Weg zu bleiben.<br><strong>Eine gute Vereinsarbeit ist in unseren heutigen Gesellschaft von \u00e4u\u00dferster Wichtigkeit um die Sozialkompetenz Aller zu st\u00e4rken.<\/strong><\/p>\n\n\n\n<h4 class=\"wp-block-heading\"><strong>Technische Daten und Material<\/strong><\/h4>\n\n\n\n<p>F\u00fcr den Bau der 30m x 40m gro\u00dfen Anlage wurde viel bewegt, beschafft und verarbeitet. Um sich eine Vorstellung machen zu k\u00f6nnen, anbei ein paar Eckdaten:<\/p>\n<ul>\n<li>Erdaushub: 250t<\/li>\n<li>ben\u00f6tigte Menge Kies: 210t<\/li>\n<li>verwendeter Beachsand: 350t<br>(entspricht einer Sandtiefe v. 30cm, die ggf. auf 40cm aufgestockt wird)<\/li>\n<li>verarbeitete Betonmenge: 22m\u00b3<\/li>\n<li>verlegte Elektrokabel: 310 lfd. Meter<\/li>\n<li>Leerrohr 350m<\/li>\n<li>Wasserleitungen 150m<\/li>\n<li>Umz\u00e4unung: 70m<\/li>\n<\/ul>\n\n\n\n<p><strong>An dieser Stelle m\u00f6chten wir uns f\u00fcr die eingegangenen Spenden und die aktive Unterst\u00fctzung bedanken. Dies gilt f\u00fcr die Firmen:<br>KIRRON, Korntal<br>Bohm, M\u00fcnchingen<br>MAN, M\u00fcnchingen<br>Danfoss, M\u00fcnchingen<br>Getr\u00e4nke Heck, M\u00fcnchingen<br>Volksbank Strohg\u00e4u, M\u00fcnchingen<br>Jakob Elektrotechnik, Korntal<br>Christoph Apotheke, M\u00fcnchingen<br>Maler L\u00f6ser, M\u00fcnchingen<br>Druckerei Tiefenb\u00f6ck, M\u00fcnchingen<\/strong><\/p>\n","protected":false},"excerpt":{"rendered":"<p>&#8230;oder was lange w\u00e4hrt, wird endlich wahr! Nach fast sechsj\u00e4hrigem Durchhalten und Dranbleiben haben es die M\u00fcnchinger Volleyballer (fast) geschafft. Die Beachanlage, die zun\u00e4chst f\u00fcr die Nutzung im Volleyballbereich in ehrenamtlicher Arbeit gebaut wird, befindet sich kurz vor der Fertigstellung. <a class=\"more-link\" href=\"https:\/\/www.tsv-muenchingen.de\/volleyball\/kirron-beachanlage\/entstehung-beachanlage\/\"><span class=\"screen-reader-text\">  Entstehung Beachanlage<\/span> weiterlesen<span class=\"meta-nav\">&rarr;<\/span><\/a><\/p>\n","protected":false},"author":1,"featured_media":0,"parent":2955,"menu_order":3,"comment_status":"closed","ping_status":"closed","template":"","meta":{"ngg_post_thumbnail":0,"footnotes":""},"class_list":["post-1060","page","type-page","status-publish","hentry"],"publishpress_future_action":{"enabled":false,"date":"2026-05-11 12:01:58","action":"change-status","newStatus":"draft","terms":[],"taxonomy":"","extraData":[]},"publishpress_future_workflow_manual_trigger":{"enabledWorkflows":[]},"_links":{"self":[{"href":"https:\/\/www.tsv-muenchingen.de\/volleyball\/wp-json\/wp\/v2\/pages\/1060","targetHints":{"allow":["GET"]}}],"collection":[{"href":"https:\/\/www.tsv-muenchingen.de\/volleyball\/wp-json\/wp\/v2\/pages"}],"about":[{"href":"https:\/\/www.tsv-muenchingen.de\/volleyball\/wp-json\/wp\/v2\/types\/page"}],"author":[{"embeddable":true,"href":"https:\/\/www.tsv-muenchingen.de\/volleyball\/wp-json\/wp\/v2\/users\/1"}],"replies":[{"embeddable":true,"href":"https:\/\/www.tsv-muenchingen.de\/volleyball\/wp-json\/wp\/v2\/comments?post=1060"}],"version-history":[{"count":0,"href":"https:\/\/www.tsv-muenchingen.de\/volleyball\/wp-json\/wp\/v2\/pages\/1060\/revisions"}],"up":[{"embeddable":true,"href":"https:\/\/www.tsv-muenchingen.de\/volleyball\/wp-json\/wp\/v2\/pages\/2955"}],"wp:attachment":[{"href":"https:\/\/www.tsv-muenchingen.de\/volleyball\/wp-json\/wp\/v2\/media?parent=1060"}],"curies":[{"name":"wp","href":"https:\/\/api.w.org\/{rel}","templated":true}]}}